{"id":8981,"date":"2020-10-22T08:41:55","date_gmt":"2020-10-22T07:41:55","guid":{"rendered":"https:\/\/sklep.hewalex.pl\/?post_type=product&#038;p=8981"},"modified":"2026-04-06T09:53:17","modified_gmt":"2026-04-06T07:53:17","slug":"wylacznik-przeciwpozarowy-bezpieczenstwa-pefs-el40h-4-mc4","status":"publish","type":"product","link":"https:\/\/sklep.hewalex.pl\/pl\/produkt\/wylacznik-przeciwpozarowy-bezpieczenstwa-pefs-el40h-4-mc4\/","title":{"rendered":"WY\u0141\u0104CZNIK PRZECIWPO\u017bAROWY BEZPIECZE\u0143STWA PEFS-EL40H-4 (MC4)"},"content":{"rendered":"<p>Przeciwpo\u017carowy wy\u0142\u0105cznik bezpiecze\u0144stwa PEFS\u00a0ma za zadanie zwi\u0119kszy\u0107 bezpiecze\u0144stwo stra\u017cak\u00f3w, podczas prowadzenia dzia\u0142a\u0144 ratowniczo-ga\u015bniczych. Automatycznie od\u0142\u0105cza modu\u0142y fotowoltaiczne od inwertera w przypadku zaniku zasilania od strony instalacji elektrycznej.\u00a0 Po przywr\u00f3ceniu zasilania PEFS automatycznie przywr\u00f3ci po\u0142\u0105czenie.<\/p>\n<p>&nbsp;<\/p>\n<h2>Pliki do pobrania:<\/h2>\n<p><img decoding=\"async\" class=\" wp-image-1324\" src=\"http:\/\/sklep.hewalex.pl\/wp-content\/uploads\/2018\/05\/pdf-ico-300x300.png\" alt=\"\" width=\"34\" height=\"34\" \/> <a href=\"https:\/\/sklep.hewalex.pl\/wp-content\/uploads\/2020\/10\/Karta-katalogowa-WYLACZNIK-PRZECIWPOZAROWY-BEZPIECZENSTWA-PEFS-EL40H-4-MC4.pdf\">Informator produktowy -Wy\u0142\u0105cznik przeciwpo\u017carowy bezpiecze\u0144stwa PEFS-EL40H-4 (MC4)\u00a0<\/a><\/p>\n<p><img decoding=\"async\" class=\" wp-image-1324\" src=\"http:\/\/sklep.hewalex.pl\/wp-content\/uploads\/2018\/05\/pdf-ico-300x300.png\" alt=\"\" width=\"34\" height=\"34\" \/> <a href=\"https:\/\/sklep.hewalex.pl\/wp-content\/uploads\/2020\/10\/Instrukcja-ProJoy-1-1.pdf\">Instrukcja obs\u0142ugi wy\u0142\u0105cznika przeciwpo\u017carowego bezpiecze\u0144stwa PEFS-EL40H-4 (MC4)<\/a><\/p>\n","protected":false},"excerpt":{"rendered":"<p><strong>Wy\u0142\u0105cznik obs\u0142uguje maksymalnie 2 stringi paneli PV.<\/strong><\/p>\n","protected":false},"featured_media":8997,"comment_status":"closed","ping_status":"closed","template":"","meta":[],"product_brand":[],"product_cat":[131,137],"product_tag":[],"class_list":{"0":"post-8981","1":"product","2":"type-product","3":"status-publish","4":"has-post-thumbnail","6":"product_cat-fotowoltaika","7":"product_cat-osprzet-elektryczny","8":"product_shipping_class-box","10":"first","11":"outofstock","12":"taxable","13":"shipping-taxable","14":"purchasable","15":"product-type-simple"},"_links":{"self":[{"href":"https:\/\/sklep.hewalex.pl\/pl\/wp-json\/wp\/v2\/product\/8981","targetHints":{"allow":["GET"]}}],"collection":[{"href":"https:\/\/sklep.hewalex.pl\/pl\/wp-json\/wp\/v2\/product"}],"about":[{"href":"https:\/\/sklep.hewalex.pl\/pl\/wp-json\/wp\/v2\/types\/product"}],"replies":[{"embeddable":true,"href":"https:\/\/sklep.hewalex.pl\/pl\/wp-json\/wp\/v2\/comments?post=8981"}],"wp:featuredmedia":[{"embeddable":true,"href":"https:\/\/sklep.hewalex.pl\/pl\/wp-json\/wp\/v2\/media\/8997"}],"wp:attachment":[{"href":"https:\/\/sklep.hewalex.pl\/pl\/wp-json\/wp\/v2\/media?parent=8981"}],"wp:term":[{"taxonomy":"product_brand","embeddable":true,"href":"https:\/\/sklep.hewalex.pl\/pl\/wp-json\/wp\/v2\/product_brand?post=8981"},{"taxonomy":"product_cat","embeddable":true,"href":"https:\/\/sklep.hewalex.pl\/pl\/wp-json\/wp\/v2\/product_cat?post=8981"},{"taxonomy":"product_tag","embeddable":true,"href":"https:\/\/sklep.hewalex.pl\/pl\/wp-json\/wp\/v2\/product_tag?post=8981"}],"curies":[{"name":"wp","href":"https:\/\/api.w.org\/{rel}","templated":true}]}}