{"id":7297,"date":"2020-08-13T06:57:29","date_gmt":"2020-08-13T05:57:29","guid":{"rendered":"https:\/\/sklep.hewalex.pl\/?post_type=product&#038;p=7297"},"modified":"2026-04-06T11:32:07","modified_gmt":"2026-04-06T09:32:07","slug":"system-monitoringu-tigo","status":"publish","type":"product","link":"https:\/\/sklep.hewalex.pl\/pl\/produkt\/system-monitoringu-tigo\/","title":{"rendered":"System monitoringu TIGO"},"content":{"rendered":"<p>System monitoringu TIGO (Cloud Connect CCA) jest urz\u0105dzeniem do rejestracji danych oraz komunikacji w ramach platformy Tigo. Spos\u00f3b funkcjonowania w chmurze Tigo zapewnia mo\u017cliwo\u015b\u0107 monitorowania pojedynczych paneli fotowoltaicznych wyposa\u017conych w optymalizatory mocy. Maksymalna liczba paneli wsp\u00f3\u0142pracuj\u0105cych z systemem monitoringu TIGO wynosi 360.<\/p>\n<p>System wsp\u00f3\u0142pracuje z dodatkowymi urz\u0105dzeniami wyposa\u017conymi w Modbus. Mo\u017ce to by\u0107 np. stacja meteorologiczna, czy liczniki energii. \u0141\u0105czno\u015b\u0107 z Internetem zapewnia port Ethernet lub wbudowana karta Wi-Fi (w razie zabudowy modu\u0142u wewn\u0105trz tablicy anten\u0119 Wi-Fi nale\u017cy zamontowa\u0107 poza ni\u0105). Zasilanie systemu mo\u017cna doprowadzi\u0107 z zasilacza zabudowanego na szynie w tablicy lub z gniazda elektrycznego. Dla obs\u0142ugi systemu przewidziano darmow\u0105 aplikacj\u0119 mobiln\u0105 (iOS i Android). W komplecie znajduje si\u0119 tak\u017ce Access Point TIGO (TAP).<\/p>\n<p>&nbsp;<\/p>\n<h2>Pogl\u0105dowy schemat pod\u0142\u0105czenia Systemu monitoringu TIGO:<\/h2>\n<p><img decoding=\"async\" class=\"alignnone size-full wp-image-7302\" src=\"https:\/\/sklep.hewalex.pl\/wp-content\/uploads\/2020\/08\/TIGO-Monitoring-overview.jpg\" alt=\"\" width=\"1198\" height=\"548\" srcset=\"https:\/\/sklep.hewalex.pl\/wp-content\/uploads\/2020\/08\/TIGO-Monitoring-overview.jpg 1198w, https:\/\/sklep.hewalex.pl\/wp-content\/uploads\/2020\/08\/TIGO-Monitoring-overview-600x274.jpg 600w, https:\/\/sklep.hewalex.pl\/wp-content\/uploads\/2020\/08\/TIGO-Monitoring-overview-700x320.jpg 700w, https:\/\/sklep.hewalex.pl\/wp-content\/uploads\/2020\/08\/TIGO-Monitoring-overview-768x351.jpg 768w, https:\/\/sklep.hewalex.pl\/wp-content\/uploads\/2020\/08\/TIGO-Monitoring-overview-640x293.jpg 640w, https:\/\/sklep.hewalex.pl\/wp-content\/uploads\/2020\/08\/TIGO-Monitoring-overview-400x183.jpg 400w\" sizes=\"(max-width: 1198px) 100vw, 1198px\" \/><\/p>\n","protected":false},"excerpt":{"rendered":"<p>System monitoringu TIGO rozszerza funkcjonalno\u015b\u0107 instalacji fotowoltaicznej z panelami wyposa\u017conymi w optymalizatory mocy TIGO. Umo\u017cliwia miejscowy lub zdalny monitoring pracy ca\u0142ej instalacji, jak r\u00f3wnie\u017c pojedynczych paneli.<\/p>\n<h4><span style=\"color: #333399\">System monitoringu TIGO mo\u017ce obs\u0142ugiwa\u0107 do 360 paneli fotowoltaicznych wyposa\u017conych w optymalizatory mocy.<\/span><\/h4>\n","protected":false},"featured_media":7298,"comment_status":"closed","ping_status":"closed","template":"","meta":[],"product_brand":[],"product_cat":[131,138],"product_tag":[],"class_list":{"0":"post-7297","1":"product","2":"type-product","3":"status-publish","4":"has-post-thumbnail","6":"product_cat-fotowoltaika","7":"product_cat-osprzet-dodatkowy","8":"product_shipping_class-box","10":"first","11":"instock","12":"taxable","13":"shipping-taxable","14":"purchasable","15":"product-type-simple"},"_links":{"self":[{"href":"https:\/\/sklep.hewalex.pl\/pl\/wp-json\/wp\/v2\/product\/7297","targetHints":{"allow":["GET"]}}],"collection":[{"href":"https:\/\/sklep.hewalex.pl\/pl\/wp-json\/wp\/v2\/product"}],"about":[{"href":"https:\/\/sklep.hewalex.pl\/pl\/wp-json\/wp\/v2\/types\/product"}],"replies":[{"embeddable":true,"href":"https:\/\/sklep.hewalex.pl\/pl\/wp-json\/wp\/v2\/comments?post=7297"}],"wp:featuredmedia":[{"embeddable":true,"href":"https:\/\/sklep.hewalex.pl\/pl\/wp-json\/wp\/v2\/media\/7298"}],"wp:attachment":[{"href":"https:\/\/sklep.hewalex.pl\/pl\/wp-json\/wp\/v2\/media?parent=7297"}],"wp:term":[{"taxonomy":"product_brand","embeddable":true,"href":"https:\/\/sklep.hewalex.pl\/pl\/wp-json\/wp\/v2\/product_brand?post=7297"},{"taxonomy":"product_cat","embeddable":true,"href":"https:\/\/sklep.hewalex.pl\/pl\/wp-json\/wp\/v2\/product_cat?post=7297"},{"taxonomy":"product_tag","embeddable":true,"href":"https:\/\/sklep.hewalex.pl\/pl\/wp-json\/wp\/v2\/product_tag?post=7297"}],"curies":[{"name":"wp","href":"https:\/\/api.w.org\/{rel}","templated":true}]}}