{"id":6094,"date":"2020-06-25T09:54:52","date_gmt":"2020-06-25T08:54:52","guid":{"rendered":"https:\/\/sklep.hewalex.pl\/?post_type=product&#038;p=6094"},"modified":"2026-04-09T13:13:40","modified_gmt":"2026-04-09T11:13:40","slug":"zasobnik-buforowy-zb-hx80","status":"publish","type":"product","link":"https:\/\/sklep.hewalex.pl\/pl\/produkt\/zasobnik-buforowy-zb-hx80\/","title":{"rendered":"Zasobnik buforowy ZB HX80"},"content":{"rendered":"<p>Zasobnik buforowy spe\u0142nia funkcj\u0119 bufora ciep\u0142a i sprz\u0119g\u0142a hydraulicznego istotnego dla zapewnienia stabilnej pracy pompy ciep\u0142a, w tym: ograniczenia liczby rozruch\u00f3w i spe\u0142nienia warunku minimalnego nat\u0119\u017cenia przep\u0142ywu wody, szczeg\u00f3lnie przy ograniczaniu odbioru ciep\u0142a w systemie grzewczym przez zawory regulacyjne. Zapewnia tak\u017ce odpowiednie warunki dla pracy pompy ciep\u0142a w trybie rozmra\u017cania.<\/p>\n<h2>Pliki do pobrania:<\/h2>\n<p><img decoding=\"async\" class=\" wp-image-1324\" src=\"http:\/\/sklep.hewalex.pl\/wp-content\/uploads\/2018\/05\/pdf-ico-300x300.png\" alt=\"\" width=\"34\" height=\"34\" \/> <a href=\"https:\/\/sklep.hewalex.pl\/wp-content\/uploads\/2020\/06\/Etykieta-Hewalex-ZB-HX80.pdf\">Etykieta energetyczna &#8211; Zasobnik buforowy ZB HX80<\/a><\/p>\n<p><img decoding=\"async\" class=\" wp-image-1324\" src=\"http:\/\/sklep.hewalex.pl\/wp-content\/uploads\/2018\/05\/pdf-ico-300x300.png\" alt=\"\" width=\"34\" height=\"34\" \/> <a href=\"https:\/\/sklep.hewalex.pl\/wp-content\/uploads\/2020\/06\/Karta-produktu-Hewalex-zasobnik-buforowy-2020-06.pdf\">Karta produktu &#8211; Zasobnik buforowy ZB HX80<\/a><\/p>\n<p><img decoding=\"async\" class=\" wp-image-1324\" src=\"http:\/\/sklep.hewalex.pl\/wp-content\/uploads\/2018\/05\/pdf-ico-300x300.png\" alt=\"\" width=\"34\" height=\"34\" \/> <a href=\"https:\/\/sklep.hewalex.pl\/wp-content\/uploads\/2020\/06\/Hewalex-Instrukcja-Obs\u0142ugi-Zasobnik-buforowy-ZB-HX80-20.05.2020-v1.pdf\">Instrukcja obs\u0142ugi &#8211;\u00a0 Zasobnik buforowy ZB HX80<\/a><\/p>\n","protected":false},"excerpt":{"rendered":"<p>Zasobnik buforowy wody grzewczej\u00a0ZB HX80\u00a0o pojemno\u015bci 80 litr\u00f3w przeznaczony jest do pracy w zamkni\u0119tych uk\u0142adach grzewczych m.in. z pompami ciep\u0142a serii PCCO.<br \/>\nBufor dedykowany jest dla pomp ciep\u0142a ze spr\u0119\u017cark\u0105 inwerterow\u0105 o nominalnej mocy grzewczej (A7W35) nie wi\u0119kszej ni\u017c 11kW.<\/p>\n","protected":false},"featured_media":6099,"comment_status":"closed","ping_status":"closed","template":"","meta":[],"product_brand":[],"product_cat":[167,170],"product_tag":[],"class_list":{"0":"post-6094","1":"product","2":"type-product","3":"status-publish","4":"has-post-thumbnail","6":"product_cat-pompy-ciepla-pcco","7":"product_cat-podgrzewacze-bufory","8":"product_shipping_class-pallet","10":"first","11":"instock","12":"taxable","13":"shipping-taxable","14":"purchasable","15":"product-type-simple"},"_links":{"self":[{"href":"https:\/\/sklep.hewalex.pl\/pl\/wp-json\/wp\/v2\/product\/6094","targetHints":{"allow":["GET"]}}],"collection":[{"href":"https:\/\/sklep.hewalex.pl\/pl\/wp-json\/wp\/v2\/product"}],"about":[{"href":"https:\/\/sklep.hewalex.pl\/pl\/wp-json\/wp\/v2\/types\/product"}],"replies":[{"embeddable":true,"href":"https:\/\/sklep.hewalex.pl\/pl\/wp-json\/wp\/v2\/comments?post=6094"}],"wp:featuredmedia":[{"embeddable":true,"href":"https:\/\/sklep.hewalex.pl\/pl\/wp-json\/wp\/v2\/media\/6099"}],"wp:attachment":[{"href":"https:\/\/sklep.hewalex.pl\/pl\/wp-json\/wp\/v2\/media?parent=6094"}],"wp:term":[{"taxonomy":"product_brand","embeddable":true,"href":"https:\/\/sklep.hewalex.pl\/pl\/wp-json\/wp\/v2\/product_brand?post=6094"},{"taxonomy":"product_cat","embeddable":true,"href":"https:\/\/sklep.hewalex.pl\/pl\/wp-json\/wp\/v2\/product_cat?post=6094"},{"taxonomy":"product_tag","embeddable":true,"href":"https:\/\/sklep.hewalex.pl\/pl\/wp-json\/wp\/v2\/product_tag?post=6094"}],"curies":[{"name":"wp","href":"https:\/\/api.w.org\/{rel}","templated":true}]}}