{"id":5115,"date":"2020-05-18T13:46:41","date_gmt":"2020-05-18T12:46:41","guid":{"rendered":"https:\/\/sklep.hewalex.pl\/?post_type=product&#038;p=5115"},"modified":"2026-04-10T10:48:53","modified_gmt":"2026-04-10T08:48:53","slug":"pcwu-30kw","status":"publish","type":"product","link":"https:\/\/sklep.hewalex.pl\/pl\/produkt\/pcwu-30kw\/","title":{"rendered":"PCWU 3,0kW"},"content":{"rendered":"<p>Pompa ciep\u0142a <strong>PCWU 3,0kW<\/strong>\u00a0mo\u017ce stanowi\u0107 samodzielne lub wsp\u00f3\u0142pracuj\u0105ce z innym \u017ar\u00f3d\u0142em ciep\u0142a urz\u0105dzenie, przeznaczone do podgrzewania ciep\u0142ej wody u\u017cytkowej. Samodzielnie jest w stanie pokrywa\u0107 typowe potrzeby 3-5 os\u00f3b w budynku mieszkalnym lub wi\u0119kszej ilo\u015bci os\u00f3b w budynku biurowym itp. Znajduje cz\u0119ste zastosowanie w budynkach modernizowanych, gdzie zostaje pod\u0142\u0105czona do istniej\u0105cego podgrzewacza wody. Pompa ciep\u0142a mo\u017ce pracowa\u0107 przez wi\u0119ksz\u0105 cz\u0119\u015b\u0107 roku, ekonomicznie do temperatury zewn\u0119trznej rz\u0119du -5\u00b0C. Jest przeznaczona do zabudowy wewn\u0105trz budynku, najcz\u0119\u015bciej miejscem zabudowy jest pomieszczenie gospodarcze lub piwnica. Kr\u00f3\u0107ce powietrzne pozwalaj\u0105 na pod\u0142\u0105czenie przewod\u00f3w wentylacyjnych dla pracy niezale\u017cnej od powietrza w pomieszczeniu, a tak\u017ce dla okresowego ch\u0142odzenia pomieszcze\u0144.<\/p>\n<h2>Zalety pompy ciep\u0142a:<\/h2>\n<ul>\n<li>\n<p class=\"heading-primary mt-xlg\">niskie koszty eksploatacyjne,<\/p>\n<\/li>\n<li>\n<p class=\"heading-primary mt-xlg\">wsp\u00f3\u0142praca z nowym lub istniej\u0105cym w budynku podgrzewaczem wody,<\/p>\n<\/li>\n<li>\n<p class=\"heading-primary mt-xlg\">zaawansowany sterownik G426 z szerokim zakresem funkcji,<\/p>\n<\/li>\n<li>\n<p class=\"heading-primary mt-xlg\">trwa\u0142a konstrukcja, funkcjonalne rozwi\u0105zania i wygodny monta\u017c,<\/p>\n<\/li>\n<li>\n<p class=\"heading-primary mt-xlg\">3-letnia gwarancja w standardzie.<\/p>\n<\/li>\n<\/ul>\n<h2>Pliki do pobrania:<\/h2>\n<p><img decoding=\"async\" class=\" wp-image-1324\" src=\"http:\/\/sklep.hewalex.pl\/wp-content\/uploads\/2018\/05\/pdf-ico-300x300.png\" alt=\"\" width=\"34\" height=\"34\" \/> <a href=\"https:\/\/sklep.hewalex.pl\/wp-content\/uploads\/2020\/05\/karta-produktu-hewalex-pcwu-30kw-eko-1.pdf\">Karta produktu Hewalex PCWU 3,0kW<\/a><\/p>\n<p><img decoding=\"async\" class=\" wp-image-1324\" src=\"http:\/\/sklep.hewalex.pl\/wp-content\/uploads\/2018\/05\/pdf-ico-300x300.png\" alt=\"\" width=\"34\" height=\"34\" \/> <a href=\"https:\/\/sklep.hewalex.pl\/wp-content\/uploads\/2020\/05\/etykieta-produktu-hewalex-pcwu-30kw.pdf\">Etykieta produktu Hewalex PCWU 3,0kW<\/a><\/p>\n<p><a href=\"https:\/\/sklep.hewalex.pl\/wp-content\/uploads\/2020\/05\/HEWALEX_PCWU_30kW_instrukcja_uzytkownika_15.02.2022-1.pdf\"><img decoding=\"async\" class=\" wp-image-1324\" src=\"http:\/\/sklep.hewalex.pl\/wp-content\/uploads\/2018\/05\/pdf-ico-300x300.png\" alt=\"\" width=\"34\" height=\"34\" \/> Instrukcja obs\u0142ugi pompy ciep\u0142a PCWU 3,0kW &#8211; U\u017bYTKOWNIK<\/a><\/p>\n<p><a href=\"https:\/\/sklep.hewalex.pl\/wp-content\/uploads\/2020\/05\/HEWALEX_PCWU_30kW_instrukcja_instalatora-22.06.2022-2.pdf\"><img decoding=\"async\" class=\" wp-image-1324\" src=\"http:\/\/sklep.hewalex.pl\/wp-content\/uploads\/2018\/05\/pdf-ico-300x300.png\" alt=\"\" width=\"34\" height=\"34\" \/> Instrukcja obs\u0142ugi pompy ciep\u0142a PCWU 3,0kW &#8211; INSTALATOR<\/a><\/p>\n<p><a href=\"https:\/\/sklep.hewalex.pl\/wp-content\/uploads\/2020\/05\/HEWALEX_prospekt-PCWU_02-2023.pdf\"><img decoding=\"async\" class=\" wp-image-1324\" src=\"http:\/\/sklep.hewalex.pl\/wp-content\/uploads\/2018\/05\/pdf-ico-300x300.png\" alt=\"\" width=\"34\" height=\"34\" \/> Pompy ciep\u0142a PCWU &#8211; informator techniczno-handlowy (edycja 02.2023)<\/a><\/p>\n","protected":false},"excerpt":{"rendered":"<div>\n<p>Pompa ciep\u0142a typu powietrze\/woda o mocy 3,0 kW posiada modu\u0142ow\u0105 budow\u0119 i jest przewidziana do wsp\u00f3\u0142pracy z oddzielnym podgrzewaczem wody u\u017cytkowej.<br \/>\nSterownik G426 \u00a0posiada rozszerzony zakres funkcji.<\/p>\n<p><strong>UWAGA: <\/strong>akcesoria dodatkowe, w tym <strong>pompa obiegowa wody<\/strong> oraz instrukcje techniczne znajduj\u0105 si\u0119 wewn\u0105trz obudowy.<\/p>\n<\/div>\n","protected":false},"featured_media":5107,"comment_status":"closed","ping_status":"closed","template":"","meta":[],"product_brand":[],"product_cat":[192,223],"product_tag":[],"class_list":{"0":"post-5115","1":"product","2":"type-product","3":"status-publish","4":"has-post-thumbnail","6":"product_cat-pompy-ciepla-pcwu","7":"product_cat-pompy_ciepla_pcwu","8":"product_shipping_class-pallet","10":"first","11":"instock","12":"taxable","13":"shipping-taxable","14":"purchasable","15":"product-type-simple"},"_links":{"self":[{"href":"https:\/\/sklep.hewalex.pl\/pl\/wp-json\/wp\/v2\/product\/5115","targetHints":{"allow":["GET"]}}],"collection":[{"href":"https:\/\/sklep.hewalex.pl\/pl\/wp-json\/wp\/v2\/product"}],"about":[{"href":"https:\/\/sklep.hewalex.pl\/pl\/wp-json\/wp\/v2\/types\/product"}],"replies":[{"embeddable":true,"href":"https:\/\/sklep.hewalex.pl\/pl\/wp-json\/wp\/v2\/comments?post=5115"}],"wp:featuredmedia":[{"embeddable":true,"href":"https:\/\/sklep.hewalex.pl\/pl\/wp-json\/wp\/v2\/media\/5107"}],"wp:attachment":[{"href":"https:\/\/sklep.hewalex.pl\/pl\/wp-json\/wp\/v2\/media?parent=5115"}],"wp:term":[{"taxonomy":"product_brand","embeddable":true,"href":"https:\/\/sklep.hewalex.pl\/pl\/wp-json\/wp\/v2\/product_brand?post=5115"},{"taxonomy":"product_cat","embeddable":true,"href":"https:\/\/sklep.hewalex.pl\/pl\/wp-json\/wp\/v2\/product_cat?post=5115"},{"taxonomy":"product_tag","embeddable":true,"href":"https:\/\/sklep.hewalex.pl\/pl\/wp-json\/wp\/v2\/product_tag?post=5115"}],"curies":[{"name":"wp","href":"https:\/\/api.w.org\/{rel}","templated":true}]}}