{"id":43769,"date":"2025-11-27T08:45:55","date_gmt":"2025-11-27T07:45:55","guid":{"rendered":"https:\/\/sklep.hewalex.pl\/?post_type=product&#038;p=43769"},"modified":"2026-04-11T15:07:36","modified_gmt":"2026-04-11T13:07:36","slug":"licznik-energii-aux-sx-3f","status":"publish","type":"product","link":"https:\/\/sklep.hewalex.pl\/pl\/produkt\/licznik-energii-aux-sx-3f\/","title":{"rendered":"LICZNIK ENERGII AUX-SX 3F"},"content":{"rendered":"","protected":false},"excerpt":{"rendered":"<p>Kompaktowy modu\u0142 na szyn\u0119 DIN przeznaczony do instalacji jedno- i tr\u00f3jfazowych. Pod\u0142\u0105czany bezpo\u015brednio do instalacji elektrycznej, zapewnia precyzyjny pomiar energii czynnej, napi\u0119cia, pr\u0105du, mocy, cz\u0119stotliwo\u015bci oraz wsp\u00f3\u0142czynnika mocy, oferuj\u0105c szybkie od\u015bwie\u017canie parametr\u00f3w do 20 ms.<\/p>\n<p>&nbsp;<\/p>\n<p><a href=\"https:\/\/sklep.hewalex.pl\/wp-content\/uploads\/2025\/11\/LICZNIK-ENERGII-AUX-SX-3F-instrukcja-PL.pdf\"><img decoding=\"async\" class=\" wp-image-1324\" src=\"http:\/\/sklep.hewalex.pl\/wp-content\/uploads\/2018\/05\/pdf-ico-300x300.png\" alt=\"\" width=\"34\" height=\"34\" \/> Instrukcja obs\u0142ugi &#8211; Licznik energii AUX-SX 3F<\/a><\/p>\n","protected":false},"featured_media":43827,"comment_status":"closed","ping_status":"closed","template":"","meta":[],"product_brand":[],"product_cat":[131,138],"product_tag":[],"class_list":{"0":"post-43769","1":"product","2":"type-product","3":"status-publish","4":"has-post-thumbnail","6":"product_cat-fotowoltaika","7":"product_cat-osprzet-dodatkowy","8":"product_shipping_class-box","10":"first","11":"instock","12":"taxable","13":"shipping-taxable","14":"purchasable","15":"product-type-simple"},"_links":{"self":[{"href":"https:\/\/sklep.hewalex.pl\/pl\/wp-json\/wp\/v2\/product\/43769","targetHints":{"allow":["GET"]}}],"collection":[{"href":"https:\/\/sklep.hewalex.pl\/pl\/wp-json\/wp\/v2\/product"}],"about":[{"href":"https:\/\/sklep.hewalex.pl\/pl\/wp-json\/wp\/v2\/types\/product"}],"replies":[{"embeddable":true,"href":"https:\/\/sklep.hewalex.pl\/pl\/wp-json\/wp\/v2\/comments?post=43769"}],"wp:featuredmedia":[{"embeddable":true,"href":"https:\/\/sklep.hewalex.pl\/pl\/wp-json\/wp\/v2\/media\/43827"}],"wp:attachment":[{"href":"https:\/\/sklep.hewalex.pl\/pl\/wp-json\/wp\/v2\/media?parent=43769"}],"wp:term":[{"taxonomy":"product_brand","embeddable":true,"href":"https:\/\/sklep.hewalex.pl\/pl\/wp-json\/wp\/v2\/product_brand?post=43769"},{"taxonomy":"product_cat","embeddable":true,"href":"https:\/\/sklep.hewalex.pl\/pl\/wp-json\/wp\/v2\/product_cat?post=43769"},{"taxonomy":"product_tag","embeddable":true,"href":"https:\/\/sklep.hewalex.pl\/pl\/wp-json\/wp\/v2\/product_tag?post=43769"}],"curies":[{"name":"wp","href":"https:\/\/api.w.org\/{rel}","templated":true}]}}