{"id":4358,"date":"2020-04-03T06:57:58","date_gmt":"2020-04-03T05:57:58","guid":{"rendered":"https:\/\/sklep.hewalex.pl\/?post_type=product&#038;p=4358"},"modified":"2026-04-06T09:46:45","modified_gmt":"2026-04-06T07:46:45","slug":"pokrowiec-zimowy-pcwbi-242kw-283kw","status":"publish","type":"product","link":"https:\/\/sklep.hewalex.pl\/pl\/produkt\/pokrowiec-zimowy-pcwbi-242kw-283kw\/","title":{"rendered":"Pokrowiec zimowy PCWBi 24,2kW\/28,3kW\/24,2kW-A\/28,3kW-A"},"content":{"rendered":"<div class=\"row\">\n<div class=\"col-xs-12\">\n<h4 class=\"heading-primary\">Mo\u017cliwo\u015bci zastosowania<\/h4>\n<p>Pompa ciep\u0142a\u00a0PCWB musi by\u0107 po sezonie u\u017cytkowania opr\u00f3\u017cniona z wody. Niezale\u017cnie od tego czy zostanie ona zdemontowana dla przechowania w pomieszczeniu zamkni\u0119tym, czy te\u017c pozostawiona na zewn\u0105trz, powinna by\u0107 dodatkowo zabezpieczona przed wp\u0142ywem warunk\u00f3w zewn\u0119trznych. W tym celu dost\u0119pny jest pokrowiec wykonany z tworzywa sztucznego.<\/p>\n<\/div>\n<\/div>\n<div class=\"row\">\n<div class=\"col-xs-12\">\n<div class=\"featured-boxes featured-boxes-style-3\">\n<div class=\"row\">\n<div class=\"col-md-3\">\n<div class=\"featured-box featured-box-primary featured-box-effect-3\">\n<div class=\"box-content pl-sm pr-sm\"><\/div>\n<\/div>\n<\/div>\n<\/div>\n<\/div>\n<\/div>\n<\/div>\n","protected":false},"excerpt":{"rendered":"<div>\n<p>Pokrowiec zimowy jest przeznaczony do zabezpieczenia pomp ciep\u0142a wody basenowej: <strong>PCWBi 24,2kW (model 2020)<\/strong> i <strong>PCWBi 28,3kW (model 2020)<\/strong> oraz <strong>PCWBi 24,2kW-A (model 2021)<\/strong> i <strong>PCWBi 28,3kW (model 2021)<\/strong>.<\/p>\n<\/div>\n","protected":false},"featured_media":4352,"comment_status":"closed","ping_status":"closed","template":"","meta":[],"product_brand":[],"product_cat":[187,190],"product_tag":[],"class_list":{"0":"post-4358","1":"product","2":"type-product","3":"status-publish","4":"has-post-thumbnail","6":"product_cat-pompy-ciepla-pcwb","7":"product_cat-osprzet-dodatkowy-pompy","8":"product_shipping_class-box","10":"first","11":"instock","12":"taxable","13":"shipping-taxable","14":"purchasable","15":"product-type-simple"},"_links":{"self":[{"href":"https:\/\/sklep.hewalex.pl\/pl\/wp-json\/wp\/v2\/product\/4358","targetHints":{"allow":["GET"]}}],"collection":[{"href":"https:\/\/sklep.hewalex.pl\/pl\/wp-json\/wp\/v2\/product"}],"about":[{"href":"https:\/\/sklep.hewalex.pl\/pl\/wp-json\/wp\/v2\/types\/product"}],"replies":[{"embeddable":true,"href":"https:\/\/sklep.hewalex.pl\/pl\/wp-json\/wp\/v2\/comments?post=4358"}],"wp:featuredmedia":[{"embeddable":true,"href":"https:\/\/sklep.hewalex.pl\/pl\/wp-json\/wp\/v2\/media\/4352"}],"wp:attachment":[{"href":"https:\/\/sklep.hewalex.pl\/pl\/wp-json\/wp\/v2\/media?parent=4358"}],"wp:term":[{"taxonomy":"product_brand","embeddable":true,"href":"https:\/\/sklep.hewalex.pl\/pl\/wp-json\/wp\/v2\/product_brand?post=4358"},{"taxonomy":"product_cat","embeddable":true,"href":"https:\/\/sklep.hewalex.pl\/pl\/wp-json\/wp\/v2\/product_cat?post=4358"},{"taxonomy":"product_tag","embeddable":true,"href":"https:\/\/sklep.hewalex.pl\/pl\/wp-json\/wp\/v2\/product_tag?post=4358"}],"curies":[{"name":"wp","href":"https:\/\/api.w.org\/{rel}","templated":true}]}}