{"id":43331,"date":"2025-09-24T10:21:54","date_gmt":"2025-09-24T08:21:54","guid":{"rendered":"https:\/\/sklep.hewalex.pl\/?post_type=product&#038;p=43331"},"modified":"2026-04-06T09:08:43","modified_gmt":"2026-04-06T07:08:43","slug":"profil-wzdluzny-c80-4h-mg-1134x1962","status":"publish","type":"product","link":"https:\/\/sklep.hewalex.pl\/pl\/produkt\/profil-wzdluzny-c80-4h-mg-1134x1962\/","title":{"rendered":"PROFIL WZD\u0141U\u017bNY C80 4H \u2013 MG \u2013 1134\u00d71962"},"content":{"rendered":"<p>Kompletacji systemu mocowania dla okre\u015blonej liczby i sposobu zabudowy paneli PV, mo\u017cna dokona\u0107 korzystaj\u0105c z konfiguratora:<\/p>\n<p><a href=\"https:\/\/www.hewalex.pl\/kalkulator-mocowan\/\"><img decoding=\"async\" class=\"alignnone size-large wp-image-2245\" src=\"https:\/\/sklep.hewalex.pl\/wp-content\/uploads\/2019\/09\/4-baner-skompletuj-system-mocowania-gl-700x228.jpg\" alt=\"\" width=\"700\" height=\"228\" srcset=\"https:\/\/sklep.hewalex.pl\/wp-content\/uploads\/2019\/09\/4-baner-skompletuj-system-mocowania-gl-700x228.jpg 700w, https:\/\/sklep.hewalex.pl\/wp-content\/uploads\/2019\/09\/4-baner-skompletuj-system-mocowania-gl-600x195.jpg 600w, https:\/\/sklep.hewalex.pl\/wp-content\/uploads\/2019\/09\/4-baner-skompletuj-system-mocowania-gl-640x208.jpg 640w, https:\/\/sklep.hewalex.pl\/wp-content\/uploads\/2019\/09\/4-baner-skompletuj-system-mocowania-gl-400x130.jpg 400w\" sizes=\"(max-width: 700px) 100vw, 700px\" \/><\/a><\/p>\n<p><img decoding=\"async\" class=\"alignnone size-full wp-image-4859\" src=\"https:\/\/sklep.hewalex.pl\/wp-content\/uploads\/2020\/02\/workplace-skills-icons-download-free-png-and-vector-icons-311902.png\" alt=\"\" width=\"20\" height=\"20\" \/><strong> INSTRUKCJE MONTA\u017bU<\/strong> &#8211; dost\u0119pne s\u0105 na stronie hewalex.pl w dziale <a href=\"https:\/\/www.hewalex.pl\/strefa-profesjonalisty\/do-pobrania\/dokumentacja-techniczna\/\" target=\"_blank\" rel=\"noopener noreferrer\">PLIKI\/DOKUMENTACJA TECHNICZNA<\/a><\/p>\n","protected":false},"excerpt":{"rendered":"<p style=\"margin: 0cm;background: white\"><span style=\"font-family: 'Arial',sans-serif;color: #7b858a;letter-spacing: -.2pt\">Profil wzd\u0142u\u017cny jest elementem\u00a0<strong><span style=\"font-family: 'Arial',sans-serif\">konstrukcji dwupodporowej PV 4H C80<\/span><\/strong>\u00a0 s\u0142u\u017c\u0105cej do monta\u017cu paneli fotowoltaicznych <strong>SERAPHIM 505 W<\/strong> na gruncie. W tym wariancie konstrukcji panele s\u0105 instalowane poziomo, tzn. d\u0142u\u017csz\u0105 kraw\u0119dzi\u0105 r\u00f3wnolegle do gruntu (jeden nad drugim). Liczba profili jakie nale\u017cy zam\u00f3wi\u0107 jest zale\u017cna od liczby zastosowanych paneli. Przyk\u0142adowo dla zestawu 8 paneli (2 kolumny po 4 panele) nale\u017cy dobra\u0107 4 profile, a dla 12 paneli 6 profili.<\/span><\/p>\n","protected":false},"featured_media":43332,"comment_status":"closed","ping_status":"closed","template":"","meta":[],"product_brand":[],"product_cat":[131,135,173,175],"product_tag":[],"class_list":{"0":"post-43331","1":"product","2":"type-product","3":"status-publish","4":"has-post-thumbnail","6":"product_cat-fotowoltaika","7":"product_cat-systemy-mocowania","8":"product_cat-grunt","9":"product_cat-konstrukcja-2-podporowa","10":"product_shipping_class-paleta-maxi","12":"first","13":"outofstock","14":"taxable","15":"shipping-taxable","16":"purchasable","17":"product-type-simple"},"_links":{"self":[{"href":"https:\/\/sklep.hewalex.pl\/pl\/wp-json\/wp\/v2\/product\/43331","targetHints":{"allow":["GET"]}}],"collection":[{"href":"https:\/\/sklep.hewalex.pl\/pl\/wp-json\/wp\/v2\/product"}],"about":[{"href":"https:\/\/sklep.hewalex.pl\/pl\/wp-json\/wp\/v2\/types\/product"}],"replies":[{"embeddable":true,"href":"https:\/\/sklep.hewalex.pl\/pl\/wp-json\/wp\/v2\/comments?post=43331"}],"wp:featuredmedia":[{"embeddable":true,"href":"https:\/\/sklep.hewalex.pl\/pl\/wp-json\/wp\/v2\/media\/43332"}],"wp:attachment":[{"href":"https:\/\/sklep.hewalex.pl\/pl\/wp-json\/wp\/v2\/media?parent=43331"}],"wp:term":[{"taxonomy":"product_brand","embeddable":true,"href":"https:\/\/sklep.hewalex.pl\/pl\/wp-json\/wp\/v2\/product_brand?post=43331"},{"taxonomy":"product_cat","embeddable":true,"href":"https:\/\/sklep.hewalex.pl\/pl\/wp-json\/wp\/v2\/product_cat?post=43331"},{"taxonomy":"product_tag","embeddable":true,"href":"https:\/\/sklep.hewalex.pl\/pl\/wp-json\/wp\/v2\/product_tag?post=43331"}],"curies":[{"name":"wp","href":"https:\/\/api.w.org\/{rel}","templated":true}]}}