{"id":43316,"date":"2025-09-23T07:59:51","date_gmt":"2025-09-23T05:59:51","guid":{"rendered":"https:\/\/sklep.hewalex.pl\/?post_type=product&#038;p=43316"},"modified":"2026-04-04T00:13:23","modified_gmt":"2026-04-03T22:13:23","slug":"docisk-pv-srodkowy-28-m6-kpl-4-szt-czarny-mg","status":"publish","type":"product","link":"https:\/\/sklep.hewalex.pl\/pl\/produkt\/docisk-pv-srodkowy-28-m6-kpl-4-szt-czarny-mg\/","title":{"rendered":"DOCISK PV \u015aRODKOWY 28 \u2013 M6 KPL (4 SZT.) \u2013 CZARNY \u2013 MG"},"content":{"rendered":"<p>Kompletacji systemu mocowania dla okre\u015blonej liczby i sposobu zabudowy paneli PV, mo\u017cna dokona\u0107 korzystaj\u0105c z konfiguratora:<\/p>\n<p><a href=\"https:\/\/www.hewalex.pl\/kalkulator-mocowan\/\"><img decoding=\"async\" class=\"alignnone size-large wp-image-2245\" src=\"https:\/\/sklep.hewalex.pl\/wp-content\/uploads\/2019\/09\/4-baner-skompletuj-system-mocowania-gl-700x228.jpg\" alt=\"\" width=\"700\" height=\"228\" srcset=\"https:\/\/sklep.hewalex.pl\/wp-content\/uploads\/2019\/09\/4-baner-skompletuj-system-mocowania-gl-700x228.jpg 700w, https:\/\/sklep.hewalex.pl\/wp-content\/uploads\/2019\/09\/4-baner-skompletuj-system-mocowania-gl-600x195.jpg 600w, https:\/\/sklep.hewalex.pl\/wp-content\/uploads\/2019\/09\/4-baner-skompletuj-system-mocowania-gl-640x208.jpg 640w, https:\/\/sklep.hewalex.pl\/wp-content\/uploads\/2019\/09\/4-baner-skompletuj-system-mocowania-gl-400x130.jpg 400w\" sizes=\"(max-width: 700px) 100vw, 700px\" \/><\/a><\/p>\n<p><img decoding=\"async\" class=\"alignnone size-full wp-image-4859\" src=\"https:\/\/sklep.hewalex.pl\/wp-content\/uploads\/2020\/02\/workplace-skills-icons-download-free-png-and-vector-icons-311902.png\" alt=\"\" width=\"20\" height=\"20\" \/><strong> INSTRUKCJE MONTA\u017bU<\/strong> &#8211; dost\u0119pne s\u0105 na stronie hewalex.pl w dziale <a href=\"https:\/\/www.hewalex.pl\/strefa-profesjonalisty\/do-pobrania\/dokumentacja-techniczna\/\" target=\"_blank\" rel=\"noopener noreferrer\">PLIKI\/DOKUMENTACJA TECHNICZNA<\/a><\/p>\n<p>&nbsp;<\/p>\n","protected":false},"excerpt":{"rendered":"<p>Docisk jest przeznaczony do mocowania kraw\u0119dzi wewn\u0119trznych s\u0105siaduj\u0105cych ze sob\u0105 paneli zabudowanych na <strong>konstrukcji dwupodporowej PV 4H C80<\/strong>. Na ka\u017cde 4 przylegaj\u0105ce panele nale\u017cy zam\u00f3wi\u0107 1 komplet docisku.<\/p>\n","protected":false},"featured_media":10041,"comment_status":"closed","ping_status":"closed","template":"","meta":[],"product_brand":[],"product_cat":[131,135,173,175],"product_tag":[],"class_list":{"0":"post-43316","1":"product","2":"type-product","3":"status-publish","4":"has-post-thumbnail","6":"product_cat-fotowoltaika","7":"product_cat-systemy-mocowania","8":"product_cat-grunt","9":"product_cat-konstrukcja-2-podporowa","10":"product_shipping_class-box","12":"first","13":"instock","14":"taxable","15":"shipping-taxable","16":"purchasable","17":"product-type-simple"},"_links":{"self":[{"href":"https:\/\/sklep.hewalex.pl\/pl\/wp-json\/wp\/v2\/product\/43316","targetHints":{"allow":["GET"]}}],"collection":[{"href":"https:\/\/sklep.hewalex.pl\/pl\/wp-json\/wp\/v2\/product"}],"about":[{"href":"https:\/\/sklep.hewalex.pl\/pl\/wp-json\/wp\/v2\/types\/product"}],"replies":[{"embeddable":true,"href":"https:\/\/sklep.hewalex.pl\/pl\/wp-json\/wp\/v2\/comments?post=43316"}],"wp:featuredmedia":[{"embeddable":true,"href":"https:\/\/sklep.hewalex.pl\/pl\/wp-json\/wp\/v2\/media\/10041"}],"wp:attachment":[{"href":"https:\/\/sklep.hewalex.pl\/pl\/wp-json\/wp\/v2\/media?parent=43316"}],"wp:term":[{"taxonomy":"product_brand","embeddable":true,"href":"https:\/\/sklep.hewalex.pl\/pl\/wp-json\/wp\/v2\/product_brand?post=43316"},{"taxonomy":"product_cat","embeddable":true,"href":"https:\/\/sklep.hewalex.pl\/pl\/wp-json\/wp\/v2\/product_cat?post=43316"},{"taxonomy":"product_tag","embeddable":true,"href":"https:\/\/sklep.hewalex.pl\/pl\/wp-json\/wp\/v2\/product_tag?post=43316"}],"curies":[{"name":"wp","href":"https:\/\/api.w.org\/{rel}","templated":true}]}}