{"id":43078,"date":"2025-08-20T09:33:48","date_gmt":"2025-08-20T07:33:48","guid":{"rendered":"https:\/\/sklep.hewalex.pl\/?post_type=product&#038;p=43078"},"modified":"2026-04-12T17:22:37","modified_gmt":"2026-04-12T15:22:37","slug":"pompa-shimge-apm20-6-130t-pwm2-bez-wtyczki","status":"publish","type":"product","link":"https:\/\/sklep.hewalex.pl\/pl\/produkt\/pompa-shimge-apm20-6-130t-pwm2-bez-wtyczki\/","title":{"rendered":"POMPA SHIMGE APM20-6-130T PWM2 (BEZ WTYCZKI)"},"content":{"rendered":"","protected":false},"excerpt":{"rendered":"<p>Pompa obiegowa do zastosowania w instalacjach solarnych i ogrzewczych, sterowana sygna\u0142em PWM2 z mo\u017cliwo\u015bci\u0105 prze\u0142\u0105czenia na sterowanie ON\/OFF i wyb\u00f3r jednej z 3 pr\u0119dko\u015bci obrotowych. Wysoko\u015bci podnoszenia s\u0142upa wody: 6 m H\u2082O. Maksymalna wydajno\u015bci: 2,4 m\u00b3\/h. Posiada konstrukcj\u0119 umo\u017cliwiaj\u0105c\u0105 wymian\u0119 elektroniki bez konieczno\u015bci demonta\u017cu korpusu pompy z instalacji.<br \/>\nKabel zasilania elektrycznego pompy zako\u0144czony fabryczn\u0105 wtyczk\u0105 sieciow\u0105 230 VAC.<br \/>\nPompa przeznaczona do wsp\u00f3\u0142pracy ze wszystkimi sterownikami HEWALEX GECO serii G422, GH26, oraz sterownikiem G425-P02. Szczeg\u00f3lnie polecana do wsp\u00f3\u0142pracy ze sterownikiem HEWALEX MiniSOL.<br \/>\nUwaga: Nie nadaje si\u0119 do wsp\u00f3\u0142pracy ze sterownikiem G425-P01.<\/p>\n","protected":false},"featured_media":43087,"comment_status":"closed","ping_status":"closed","template":"","meta":[],"product_brand":[],"product_cat":[382,371,295],"product_tag":[],"class_list":{"0":"post-43078","1":"product","2":"type-product","3":"status-publish","4":"has-post-thumbnail","6":"product_cat-osprzet-dodatkowy-technika-solarna-czesci-zamienne","7":"product_cat-technika-solarna-czesci-zamienne","8":"product_cat-czesci-zamienne","9":"product_shipping_class-box","11":"first","12":"instock","13":"taxable","14":"shipping-taxable","15":"purchasable","16":"product-type-simple"},"_links":{"self":[{"href":"https:\/\/sklep.hewalex.pl\/pl\/wp-json\/wp\/v2\/product\/43078","targetHints":{"allow":["GET"]}}],"collection":[{"href":"https:\/\/sklep.hewalex.pl\/pl\/wp-json\/wp\/v2\/product"}],"about":[{"href":"https:\/\/sklep.hewalex.pl\/pl\/wp-json\/wp\/v2\/types\/product"}],"replies":[{"embeddable":true,"href":"https:\/\/sklep.hewalex.pl\/pl\/wp-json\/wp\/v2\/comments?post=43078"}],"wp:featuredmedia":[{"embeddable":true,"href":"https:\/\/sklep.hewalex.pl\/pl\/wp-json\/wp\/v2\/media\/43087"}],"wp:attachment":[{"href":"https:\/\/sklep.hewalex.pl\/pl\/wp-json\/wp\/v2\/media?parent=43078"}],"wp:term":[{"taxonomy":"product_brand","embeddable":true,"href":"https:\/\/sklep.hewalex.pl\/pl\/wp-json\/wp\/v2\/product_brand?post=43078"},{"taxonomy":"product_cat","embeddable":true,"href":"https:\/\/sklep.hewalex.pl\/pl\/wp-json\/wp\/v2\/product_cat?post=43078"},{"taxonomy":"product_tag","embeddable":true,"href":"https:\/\/sklep.hewalex.pl\/pl\/wp-json\/wp\/v2\/product_tag?post=43078"}],"curies":[{"name":"wp","href":"https:\/\/api.w.org\/{rel}","templated":true}]}}