{"id":42737,"date":"2025-07-15T08:16:48","date_gmt":"2025-07-15T06:16:48","guid":{"rendered":"https:\/\/sklep.hewalex.pl\/?post_type=product&#038;p=42737"},"modified":"2026-04-06T09:07:36","modified_gmt":"2026-04-06T07:07:36","slug":"rozlacznik-dc-acti9-sw60-dc-50-50a-2-biegunowy-1000vdc","status":"publish","type":"product","link":"https:\/\/sklep.hewalex.pl\/pl\/produkt\/rozlacznik-dc-acti9-sw60-dc-50-50a-2-biegunowy-1000vdc\/","title":{"rendered":"Roz\u0142\u0105cznik DC Acti9 SW60-DC-50 50A 2-biegunowy 1000VDC"},"content":{"rendered":"<p>SW60-DC to roz\u0142\u0105cznik niskiego napi\u0119cia dedykowany do od\u0142\u0105czania magazynu energii i falownika PV. Posiada biegun 2P. Jego pr\u0105d znamionowy wynosi 50 A przy 1000VDC dla kategorii wykorzystania DC-21A. Mo\u017cna go zamontowa\u0107 na szynie DIN w celu instalacji modu\u0142owej. Jego szeroko\u015b\u0107 wynosi 8 modu\u0142\u00f3w o \u015brednicy 9 mm. Posiada stopie\u0144 ochrony IP40 (zgodnie z IEC\/EN 60529) na zaciskach w obudowie modu\u0142owej. Jest on przeznaczony do odseparowania falownika i magazynu energii w celu przeprowadzenia konserwacji w warunkach pe\u0142nego bezpiecze\u0144stwa. Jego mechanizm szybkiego zamykania, niezale\u017cnie od pr\u0119dko\u015bci uruchamiania prze\u0142\u0105cznika, poprawia jego \u017cywotno\u015b\u0107. Funkcje wy\u0142\u0105czania lub wskazywania po\u0142o\u017cenia s\u0105 obs\u0142ugiwane zdalnie przez dodanie elektrycznych urz\u0105dze\u0144 pomocniczych. Obecno\u015b\u0107 zielonego paska gwarantuje fizyczne otwarcie styk\u00f3w i pozwala na wykonywanie operacji na obwodzie dolnym w pe\u0142ni bezpieczny spos\u00f3b. Ten produkt jest zgodny z norm\u0105 IEC\/EN 60947-3. Aparaty testowane zgodnie z norm\u0105 IEC\/EN 60947-3 spe\u0142niaj\u0105 wymagania funkcji izolacyjnej.<\/p>\n<p>&nbsp;<\/p>\n<p><a href=\"https:\/\/sklep.hewalex.pl\/wp-content\/uploads\/2025\/07\/Hewalex_Schneider-Electric_rozlacznik-Rozlaczniki-PV-Acti9-C60NADC-SW60DC_karta____7-2025.pdf\"><img decoding=\"async\" class=\" wp-image-1324\" src=\"http:\/\/sklep.hewalex.pl\/wp-content\/uploads\/2018\/05\/pdf-ico-300x300.png\" alt=\"\" width=\"34\" height=\"34\" \/> Informator produktowy &#8211;\u00a0Roz\u0142\u0105cznik DC Acti9 SW60-DC-50 50A 2-biegunowy 1000VDC<\/a><\/p>\n<p>&nbsp;<\/p>\n<p><a href=\"https:\/\/sklep.hewalex.pl\/asystent-konfiguracji\/\"><img decoding=\"async\" class=\"alignnone size-large wp-image-4762\" src=\"https:\/\/sklep.hewalex.pl\/wp-content\/uploads\/2020\/04\/asystent-konfiguracji-700x76.png\" alt=\"\" width=\"700\" height=\"76\" srcset=\"https:\/\/sklep.hewalex.pl\/wp-content\/uploads\/2020\/04\/asystent-konfiguracji-700x76.png 700w, https:\/\/sklep.hewalex.pl\/wp-content\/uploads\/2020\/04\/asystent-konfiguracji-600x65.png 600w, https:\/\/sklep.hewalex.pl\/wp-content\/uploads\/2020\/04\/asystent-konfiguracji-640x69.png 640w, https:\/\/sklep.hewalex.pl\/wp-content\/uploads\/2020\/04\/asystent-konfiguracji-400x43.png 400w\" sizes=\"(max-width: 700px) 100vw, 700px\" \/><\/a><\/p>\n","protected":false},"excerpt":{"rendered":"<p>Roz\u0142\u0105cznik ten s\u0142u\u017cy do bezpiecznego przerwania po\u0142\u0105czenia pomi\u0119dzy inwerterem a magazynem energii. Produkt kompatybilny z seri\u0105 magazyn\u00f3w energii <strong>Force H3 i AUXSOL.<\/strong><\/p>\n","protected":false},"featured_media":42759,"comment_status":"closed","ping_status":"closed","template":"","meta":[],"product_brand":[],"product_cat":[131,299],"product_tag":[],"class_list":{"0":"post-42737","1":"product","2":"type-product","3":"status-publish","4":"has-post-thumbnail","6":"product_cat-fotowoltaika","7":"product_cat-magazyny-energii","8":"product_shipping_class-box","10":"first","11":"instock","12":"taxable","13":"shipping-taxable","14":"purchasable","15":"product-type-simple"},"_links":{"self":[{"href":"https:\/\/sklep.hewalex.pl\/pl\/wp-json\/wp\/v2\/product\/42737","targetHints":{"allow":["GET"]}}],"collection":[{"href":"https:\/\/sklep.hewalex.pl\/pl\/wp-json\/wp\/v2\/product"}],"about":[{"href":"https:\/\/sklep.hewalex.pl\/pl\/wp-json\/wp\/v2\/types\/product"}],"replies":[{"embeddable":true,"href":"https:\/\/sklep.hewalex.pl\/pl\/wp-json\/wp\/v2\/comments?post=42737"}],"wp:featuredmedia":[{"embeddable":true,"href":"https:\/\/sklep.hewalex.pl\/pl\/wp-json\/wp\/v2\/media\/42759"}],"wp:attachment":[{"href":"https:\/\/sklep.hewalex.pl\/pl\/wp-json\/wp\/v2\/media?parent=42737"}],"wp:term":[{"taxonomy":"product_brand","embeddable":true,"href":"https:\/\/sklep.hewalex.pl\/pl\/wp-json\/wp\/v2\/product_brand?post=42737"},{"taxonomy":"product_cat","embeddable":true,"href":"https:\/\/sklep.hewalex.pl\/pl\/wp-json\/wp\/v2\/product_cat?post=42737"},{"taxonomy":"product_tag","embeddable":true,"href":"https:\/\/sklep.hewalex.pl\/pl\/wp-json\/wp\/v2\/product_tag?post=42737"}],"curies":[{"name":"wp","href":"https:\/\/api.w.org\/{rel}","templated":true}]}}