{"id":42730,"date":"2025-07-14T12:12:19","date_gmt":"2025-07-14T10:12:19","guid":{"rendered":"https:\/\/sklep.hewalex.pl\/?post_type=product&#038;p=42730"},"modified":"2026-04-05T12:07:21","modified_gmt":"2026-04-05T10:07:21","slug":"modul-baterii-auxsol-abl-p05h-h02","status":"publish","type":"product","link":"https:\/\/sklep.hewalex.pl\/pl\/produkt\/modul-baterii-auxsol-abl-p05h-h02\/","title":{"rendered":"MODU\u0141 BATERII AUXSOL ABL-P05H-H02"},"content":{"rendered":"<p>Magazyny energii AUXSOL s\u0105 wytwarzane przez sp\u00f3\u0142k\u0119 Ningbo AUXSOL Technology Co., Ltd.\u00a0 \u2013 to jedna z najwi\u0119kszych grup zajmuj\u0105cych si\u0119 produkcj\u0105 elektroniki od klimatyzacji, a\u017c po inwertery i magazyny energii. Pakiety baterii HV firmy AUXSOL do u\u017cytku mieszkalnego charakteryzuj\u0105 si\u0119 szybszym \u0142adowaniem i lepsz\u0105 jako\u015bci\u0105, kt\u00f3re spe\u0142niaj\u0105 potrzeby magazynowania energii do u\u017cytku domowego i dostarczaj\u0105 nowe rozwi\u0105zania dla system\u00f3w magazynowania energii w domu.<\/p>\n<p>Wyja\u015bnienie oznacze\u0144:<\/p>\n<p><strong>ABL-T10H-H02<\/strong> \u2013 oznacza, \u017ce w systemie bateryjnym zastosowano 1 modu\u0142 kontrolny <strong>ABL-BDU-H02<\/strong> oraz 2 modu\u0142y bateryjne <strong>ABL-P05H-H02<\/strong><\/p>\n<p><strong>ABL-T15H-H02<\/strong> \u2013 oznacza, \u017ce w systemie bateryjnym zastosowano 1 modu\u0142 kontrolny <strong>ABL-BDU-H02<\/strong> oraz 3 modu\u0142y bateryjne <strong>ABL-P05H-H02<\/strong><\/p>\n<p>&nbsp;<\/p>\n<p>Nale\u017cy zaznaczy\u0107 \u017ce falowniki i magazyny energii AUXSOL s\u0105 w pe\u0142ni kompatybilne z autorskim systemem zarz\u0105dzania energi\u0105 <a href=\"https:\/\/www.hewalex.pl\/oferta\/inteligentne-systemy-zarzadzania\/system-zarzadzania-energia-domowa-opti-ener\/\">OPTI-ENER EMS<\/a> od Hewalex. Integracja obu urz\u0105dze\u0144 pozwala na jeszcze wi\u0119ksze wykorzystanie darmowej energii s\u0142onecznej, bie\u017c\u0105c\u0105 analiz\u0119 i optymalizacj\u0119 zu\u017cycia energii. U\u017cytkownik uzyskuje dost\u0119p do dynamicznych taryf energii, zdalnego zarz\u0105dzania produkowan\u0105 energi\u0105 i nie tylko. System OPTI-ENER EMS to obni\u017cenie koszt\u00f3w eksploatacji instalacji i wi\u0119ksza \u015bwiadomo\u015b\u0107 jej dzia\u0142ania.<\/p>\n<p>&nbsp;<\/p>\n<p><a href=\"https:\/\/sklep.hewalex.pl\/asystent-konfiguracji\/\"><img decoding=\"async\" class=\"alignnone size-large wp-image-4762\" src=\"https:\/\/sklep.hewalex.pl\/wp-content\/uploads\/2020\/04\/asystent-konfiguracji-700x76.png\" alt=\"\" width=\"700\" height=\"76\" srcset=\"https:\/\/sklep.hewalex.pl\/wp-content\/uploads\/2020\/04\/asystent-konfiguracji-700x76.png 700w, https:\/\/sklep.hewalex.pl\/wp-content\/uploads\/2020\/04\/asystent-konfiguracji-600x65.png 600w, https:\/\/sklep.hewalex.pl\/wp-content\/uploads\/2020\/04\/asystent-konfiguracji-640x69.png 640w, https:\/\/sklep.hewalex.pl\/wp-content\/uploads\/2020\/04\/asystent-konfiguracji-400x43.png 400w\" sizes=\"(max-width: 700px) 100vw, 700px\" \/><\/a><\/p>\n<p>&nbsp;<\/p>\n<h2>Podstawowe cechy:<\/h2>\n<ul>\n<li>Konstrukcja modu\u0142owa<\/li>\n<li>Niezawodne osi\u0105gi<\/li>\n<li>Pionowy \u0142a\u0144cuch przemys\u0142owy<\/li>\n<li>85% DoD \u2013 wi\u0119ksza pojemno\u015b\u0107 u\u017cyteczna<\/li>\n<li>Konfiguracja od 10,6 do 26,5 kWh w jednej wie\u017cy<\/li>\n<li>Klasa ochrony IP65<\/li>\n<li>System skalowalny od 5 modu\u0142\u00f3w w jednej wie\u017cy<\/li>\n<li>Zoptymalizowany koszt energii elektrycznej<\/li>\n<li>Elastyczny monta\u017c<\/li>\n<li>Zdalna diagnostyka i aktualizacja<\/li>\n<\/ul>\n<h2>Do pobrania:<\/h2>\n<p><a href=\"https:\/\/sklep.hewalex.pl\/wp-content\/uploads\/2025\/07\/Hewalex_AUXSOL_Magazyny-energii-AUXSOL-ABL-T05-25H-H02_Karta-produktow_PL_12-08-2025_v1.pdf\"><img decoding=\"async\" class=\" wp-image-1324\" src=\"http:\/\/sklep.hewalex.pl\/wp-content\/uploads\/2018\/05\/pdf-ico-300x300.png\" alt=\"\" width=\"34\" height=\"34\" \/> Hewalex_AUXSOL_Magazyny energii AUXSOL ABL-T(05-25)H-H02_Karta produkt\u00f3w_PL_14-07-2025<\/a><\/p>\n<p><a href=\"https:\/\/sklep.hewalex.pl\/wp-content\/uploads\/2025\/07\/Hewalex_AUXSOL_Magazyny-energii-AUXSOL-ABL-T05-25H-H02_Instrukcja-montazu_PL_18-07-2025.pdf\"><img decoding=\"async\" class=\" wp-image-1324\" src=\"http:\/\/sklep.hewalex.pl\/wp-content\/uploads\/2018\/05\/pdf-ico-300x300.png\" alt=\"\" width=\"34\" height=\"34\" \/> Instrukcja obs\u0142ugi &#8211; modu\u0142 baterii AUXSOL ABL-P05H-H02<\/a><\/p>\n","protected":false},"excerpt":{"rendered":"<p>Modu\u0142 baterii <strong>AUXSOL ABL-P05H-H02<\/strong> wraz z modu\u0142em kontrolnym <strong>ABL-BDU-H02<\/strong> s\u0142u\u017cy do budowy magazynu energii <strong>AUXSOL ABL-T(05-25)H-H02<\/strong> \u2013 jednego z najnowocze\u015bniejszych produkt\u00f3w do magazynowania energii, wsp\u00f3\u0142pracuj\u0105cy z\u00a0<strong>tr\u00f3jfazowymi falownikami hybrydowymi AUXSOL.<\/strong>\u00a0Pojedynczy modu\u0142 bateryjny posiada pojemno\u015b\u0107 5,3 kWh, wykonany jest w technologii litowo-jonowej (litowo-\u017celazowo-fosforanowej), a jego \u017cywotno\u015b\u0107 szacowana jest na &gt;6000 cykli.<\/p>\n<p><strong>UWAGA! Minimalna ilo\u015b\u0107 modu\u0142\u00f3w baterii w systemie bateryjnym AUXSOL ABL-T(05-25)H-H02 to 2 sztuki, a maksymalna b\u0119dzie zale\u017ce\u0107 od zastosowanego falownika.<\/strong><\/p>\n","protected":false},"featured_media":42912,"comment_status":"closed","ping_status":"closed","template":"","meta":[],"product_brand":[],"product_cat":[131,299],"product_tag":[],"class_list":{"0":"post-42730","1":"product","2":"type-product","3":"status-publish","4":"has-post-thumbnail","6":"product_cat-fotowoltaika","7":"product_cat-magazyny-energii","8":"product_shipping_class-rohligsuus-120x80","10":"first","11":"instock","12":"taxable","13":"shipping-taxable","14":"purchasable","15":"product-type-simple"},"_links":{"self":[{"href":"https:\/\/sklep.hewalex.pl\/pl\/wp-json\/wp\/v2\/product\/42730","targetHints":{"allow":["GET"]}}],"collection":[{"href":"https:\/\/sklep.hewalex.pl\/pl\/wp-json\/wp\/v2\/product"}],"about":[{"href":"https:\/\/sklep.hewalex.pl\/pl\/wp-json\/wp\/v2\/types\/product"}],"replies":[{"embeddable":true,"href":"https:\/\/sklep.hewalex.pl\/pl\/wp-json\/wp\/v2\/comments?post=42730"}],"wp:featuredmedia":[{"embeddable":true,"href":"https:\/\/sklep.hewalex.pl\/pl\/wp-json\/wp\/v2\/media\/42912"}],"wp:attachment":[{"href":"https:\/\/sklep.hewalex.pl\/pl\/wp-json\/wp\/v2\/media?parent=42730"}],"wp:term":[{"taxonomy":"product_brand","embeddable":true,"href":"https:\/\/sklep.hewalex.pl\/pl\/wp-json\/wp\/v2\/product_brand?post=42730"},{"taxonomy":"product_cat","embeddable":true,"href":"https:\/\/sklep.hewalex.pl\/pl\/wp-json\/wp\/v2\/product_cat?post=42730"},{"taxonomy":"product_tag","embeddable":true,"href":"https:\/\/sklep.hewalex.pl\/pl\/wp-json\/wp\/v2\/product_tag?post=42730"}],"curies":[{"name":"wp","href":"https:\/\/api.w.org\/{rel}","templated":true}]}}