{"id":42502,"date":"2025-06-13T12:40:51","date_gmt":"2025-06-13T10:40:51","guid":{"rendered":"https:\/\/sklep.hewalex.pl\/?post_type=product&#038;p=42502"},"modified":"2026-04-11T18:07:01","modified_gmt":"2026-04-11T16:07:01","slug":"modul-baterii-pylontech-force-h3-fh10050","status":"publish","type":"product","link":"https:\/\/sklep.hewalex.pl\/pl\/produkt\/modul-baterii-pylontech-force-h3-fh10050\/","title":{"rendered":"MODU\u0141 BATERII PYLONTECH FORCE H3 FH10050"},"content":{"rendered":"<p>Force H3 to najnowsza wersja akumulator\u00f3w wysokiego napi\u0119cia dostarczanych przez firm\u0119 Pylontech do magazynowania energii. Nowo zaprojektowany system zapewnia \u0142atw\u0105 instalacj\u0119, aby zaoszcz\u0119dzi\u0107 cenny czas instalatorom. System ma mo\u017cliwo\u015b\u0107 elastycznej konfiguracji od napi\u0119cia 192 V do 716,8 V i pojemno\u015bci\u00a0<strong>od 10,2 kWh do 35,8 kWh<\/strong> w jednej wie\u017cy.<\/p>\n<p>Bia\u0142o-czarny kolor stali odzwierciedla siln\u0105 zdolno\u015b\u0107 zatrzymywania energii. Wi\u0119ksze mo\u017cliwo\u015bci instalacji poprzez stosowania wewn\u0105trz i na zewn\u0105trz budynk\u00f3w. Idealny do zastosowa\u0144 dla budynk\u00f3w jednorodzinnych jak i wielorodzinnych.<\/p>\n<p>W celu przed\u0142u\u017cenia gwarancji o 3 lata, produkt nale\u017cy zarejestrowa\u0107 na stronie \u2013\u00a0<a href=\"https:\/\/en.pylontech.com.cn\/service\/support\">kliknij tutaj.<\/a><\/p>\n<p>&nbsp;<\/p>\n<p><a href=\"https:\/\/sklep.hewalex.pl\/asystent-konfiguracji\/\"><img decoding=\"async\" class=\"alignnone size-large wp-image-4762\" src=\"https:\/\/sklep.hewalex.pl\/wp-content\/uploads\/2020\/04\/asystent-konfiguracji-700x76.png\" alt=\"\" width=\"700\" height=\"76\" srcset=\"https:\/\/sklep.hewalex.pl\/wp-content\/uploads\/2020\/04\/asystent-konfiguracji-700x76.png 700w, https:\/\/sklep.hewalex.pl\/wp-content\/uploads\/2020\/04\/asystent-konfiguracji-600x65.png 600w, https:\/\/sklep.hewalex.pl\/wp-content\/uploads\/2020\/04\/asystent-konfiguracji-640x69.png 640w, https:\/\/sklep.hewalex.pl\/wp-content\/uploads\/2020\/04\/asystent-konfiguracji-400x43.png 400w\" sizes=\"(max-width: 700px) 100vw, 700px\" \/><\/a><\/p>\n<h2>Podstawowe cechy:<\/h2>\n<ul>\n<li>Konstrukcja modu\u0142owa<\/li>\n<li>Niezawodne osi\u0105gi<\/li>\n<li>Pionowy \u0142a\u0144cuch przemys\u0142owy<\/li>\n<li>95% DoD \u2013 wi\u0119ksza pojemno\u015b\u0107 u\u017cyteczna<\/li>\n<li>&gt; 10 lat sprawno\u015bci technicznej<\/li>\n<li>Konfiguracja od 10,2 do 35,8 kWh w jednej wie\u017cy<\/li>\n<li>Klasa ochrony IP55<\/li>\n<li>System skalowalny od 2 modu\u0142\u00f3w w jednej wie\u017cy<\/li>\n<li>Do maksymalnie 6 grup pod\u0142\u0105czonych r\u00f3wnolegle<\/li>\n<li>Zoptymalizowany koszt energii elektrycznej<\/li>\n<li>Elastyczny monta\u017c<\/li>\n<\/ul>\n<h2>Do pobrania:<\/h2>\n<p><a href=\"https:\/\/sklep.hewalex.pl\/wp-content\/uploads\/2025\/06\/Hewalex_Pylontech_Modul-baterii-Pylontech-Force-H3-FH10050_Karta-katalogowa_PL_05-08-2025.pdf\"><img decoding=\"async\" class=\" wp-image-1324\" src=\"http:\/\/sklep.hewalex.pl\/wp-content\/uploads\/2018\/05\/pdf-ico-300x300.png\" alt=\"\" width=\"34\" height=\"34\" \/> Hewalex_Pylontech_Modu\u0142 baterii Pylontech Force H3 FH100500_Karta katalogowa_PL_05-08-2025<\/a><\/p>\n<p><a href=\"https:\/\/sklep.hewalex.pl\/wp-content\/uploads\/2025\/06\/Hewalex_Pylontech_Modul-baterii-Pylontech-Force-H3-FH10050_Instrukcja-obslugi_EN_11-06-2025.pdf\"><img decoding=\"async\" class=\" wp-image-1324\" src=\"http:\/\/sklep.hewalex.pl\/wp-content\/uploads\/2018\/05\/pdf-ico-300x300.png\" alt=\"\" width=\"34\" height=\"34\" \/> Hewalex_Pylontech_Modu\u0142 baterii Pylontech Force H3 FH100500_Instrukcja obs\u0142ugi_EN_11-06-2025<\/a><\/p>\n<p><a href=\"https:\/\/sklep.hewalex.pl\/wp-content\/uploads\/2025\/06\/Hewalex_Compatibility-List-of-Pylontech-ESS-and-Inverters.pdf\"><img decoding=\"async\" class=\" wp-image-1324\" src=\"http:\/\/sklep.hewalex.pl\/wp-content\/uploads\/2018\/05\/pdf-ico-300x300.png\" alt=\"\" width=\"34\" height=\"34\" \/> Hewalex_Compatibility List of Pylontech ESS and Inverters<\/a><\/p>\n","protected":false},"excerpt":{"rendered":"<p>Modu\u0142 baterii FH10050 s\u0142u\u017cy do budowy magazynu energii Pylontech Force H3 \u2013 jednego z najnowocze\u015bniejszych produkt\u00f3w do magazynowania energii, wsp\u00f3\u0142pracuj\u0105cy z\u00a0<strong>tr\u00f3jfazowymi falownikami hybrydowymi Solis i Auxsol.<\/strong>\u00a0Posiada on pojemno\u015b\u0107 5,1 kWh, wykonany jest w technologii litowo-jonowej, a jego \u017cywotno\u015b\u0107 szacowana jest na minimum 15 lat.<\/p>\n<p><strong>UWAGA! Minimalna ilo\u015b\u0107 modu\u0142\u00f3w baterii w systemie bateryjnym Pylontech Force H3 to 2 sztuki, a maksymalna b\u0119dzie zale\u017ce\u0107 od zastosowanego falownika.<\/strong><\/p>\n","protected":false},"featured_media":42635,"comment_status":"closed","ping_status":"closed","template":"","meta":[],"product_brand":[],"product_cat":[131,299],"product_tag":[],"class_list":{"0":"post-42502","1":"product","2":"type-product","3":"status-publish","4":"has-post-thumbnail","6":"product_cat-fotowoltaika","7":"product_cat-magazyny-energii","8":"product_shipping_class-pallet","10":"first","11":"instock","12":"taxable","13":"shipping-taxable","14":"purchasable","15":"product-type-simple"},"_links":{"self":[{"href":"https:\/\/sklep.hewalex.pl\/pl\/wp-json\/wp\/v2\/product\/42502","targetHints":{"allow":["GET"]}}],"collection":[{"href":"https:\/\/sklep.hewalex.pl\/pl\/wp-json\/wp\/v2\/product"}],"about":[{"href":"https:\/\/sklep.hewalex.pl\/pl\/wp-json\/wp\/v2\/types\/product"}],"replies":[{"embeddable":true,"href":"https:\/\/sklep.hewalex.pl\/pl\/wp-json\/wp\/v2\/comments?post=42502"}],"wp:featuredmedia":[{"embeddable":true,"href":"https:\/\/sklep.hewalex.pl\/pl\/wp-json\/wp\/v2\/media\/42635"}],"wp:attachment":[{"href":"https:\/\/sklep.hewalex.pl\/pl\/wp-json\/wp\/v2\/media?parent=42502"}],"wp:term":[{"taxonomy":"product_brand","embeddable":true,"href":"https:\/\/sklep.hewalex.pl\/pl\/wp-json\/wp\/v2\/product_brand?post=42502"},{"taxonomy":"product_cat","embeddable":true,"href":"https:\/\/sklep.hewalex.pl\/pl\/wp-json\/wp\/v2\/product_cat?post=42502"},{"taxonomy":"product_tag","embeddable":true,"href":"https:\/\/sklep.hewalex.pl\/pl\/wp-json\/wp\/v2\/product_tag?post=42502"}],"curies":[{"name":"wp","href":"https:\/\/api.w.org\/{rel}","templated":true}]}}