{"id":42408,"date":"2025-06-04T09:30:25","date_gmt":"2025-06-04T07:30:25","guid":{"rendered":"https:\/\/sklep.hewalex.pl\/?post_type=product&#038;p=42408"},"modified":"2026-04-10T05:07:12","modified_gmt":"2026-04-10T03:07:12","slug":"ja-solar-jam60d42-530-lb","status":"publish","type":"product","link":"https:\/\/sklep.hewalex.pl\/pl\/produkt\/ja-solar-jam60d42-530-lb\/","title":{"rendered":"JA SOLAR JAM60D42-530\/LB &#8211; SALE"},"content":{"rendered":"<p>Panel fotowoltaiczny JA SOLAR 530 W\/LB wykonany w technologii bifacjalnej, cechuje si\u0119 podwy\u017cszon\u0105 do 22,7% sprawno\u015bci\u0105. Panel jest wykonany w technologii\u00a0<strong>ogniw multibusbarowych ci\u0119tych na p\u00f3\u0142<\/strong>, kt\u00f3ra polega na zastosowaniu w ogniwach <strong>a\u017c 16 \u015bcie\u017cek<\/strong> przewodz\u0105cych pr\u0105d (bus bar) zamiast tradycyjnie od 5 do 9. Wi\u0119ksza liczba przek\u0142ada si\u0119 na wi\u0119ksz\u0105 odporno\u015b\u0107 na mikrop\u0119kni\u0119cia powoduj\u0105ce zmniejszanie mocy panelu. Panele cechuj\u0105 si\u0119 tak\u017ce zwi\u0119kszonym dopuszczalnym obci\u0105\u017ceniem pr\u0105dem rewersyjnym (zacienienie!).<\/p>\n<p><strong>Korzy\u015bci z technologii zastosowanych w panelu JA SOLAR 530W\/LB:<\/strong><\/p>\n<ul>\n<li>zwi\u0119kszona moc wyj\u015bciowa do 530 W<\/li>\n<li>obni\u017cona wra\u017cliwo\u015b\u0107 na zacienianie<\/li>\n<li>ni\u017csze ryzyko wyst\u0119powania tzw. hot spot\u00f3w<\/li>\n<li>zwi\u0119kszona odporno\u015b\u0107 na obci\u0105\u017cenia mechaniczne<\/li>\n<li>pe\u0142na swoboda przy projektowaniu instalacji<\/li>\n<li><strong>czarne estetyczne obramowanie panelu<\/strong><\/li>\n<\/ul>\n<p><a href=\"https:\/\/sklep.hewalex.pl\/wp-content\/uploads\/2025\/06\/Hewalex_JA-Solar_panel-JA-Solar_530W_LB_Karta-produktu_03-06-2025_.pdf\"><img decoding=\"async\" class=\" wp-image-1324\" src=\"http:\/\/sklep.hewalex.pl\/wp-content\/uploads\/2018\/05\/pdf-ico-300x300.png\" alt=\"\" width=\"34\" height=\"34\" \/> Informator produktowy &#8211; panel fotowoltaiczny JA SOLAR 530\/LB<\/a><\/p>\n<p><img decoding=\"async\" class=\" wp-image-1324\" src=\"http:\/\/sklep.hewalex.pl\/wp-content\/uploads\/2018\/05\/pdf-ico-300x300.png\" alt=\"\" width=\"34\" height=\"34\" \/> <a href=\"https:\/\/sklep.hewalex.pl\/wp-content\/uploads\/2020\/10\/dlaczego-ja-solar-kilka-faktow-o-topowych-panelach-pv-edycja-112020-min.pdf\">Dlaczego JA Solar? Kilka fakt\u00f3w o topowych panelach PV (edycja 11.2020)<\/a><\/p>\n","protected":false},"excerpt":{"rendered":"<p>Panel fotowoltaiczny JA SOLAR 530 W zbudowany jest z multibusbarowych ogniw bifacjalnych n-type ci\u0119tych na p\u00f3\u0142, co gwarantuje wy\u017csz\u0105 moc wyj\u015bciow\u0105, korzystniejszy wsp\u00f3\u0142czynnik temperaturowy, obni\u017con\u0105 wra\u017cliwo\u015b\u0107 na zacienienie, ni\u017csze ryzyko wyst\u0105pienia hot spot\u00f3w oraz wy\u017csz\u0105 odporno\u015b\u0107 na obci\u0105\u017cenia mechaniczne. Cechuje si\u0119 podwy\u017cszon\u0105 do 22,7% sprawno\u015bci\u0105.<\/p>\n<p><strong>UWAGA: Panel ma inne rozmiary od standardowego o mocy 415 W. Posiada czarne obramowanie o grubo\u015bci 30 mm, polecamy dla niego zamawianie dostosowanych <\/strong><a href=\"https:\/\/sklep.hewalex.pl\/produkt\/docisk-pv-srodkowy-35-czarny-kpl-2-szt\/\"><strong>docisk\u00f3w \u015brodkowych<\/strong><\/a><strong>\u00a0i\u00a0<\/strong><a href=\"https:\/\/sklep.hewalex.pl\/produkt\/docisk-pv-skrajny-35-czarny-kpl-4-szt\/\"><strong>skrajnych<\/strong><\/a><strong> w CZARNYM KOLORZE.<\/strong><\/p>\n","protected":false},"featured_media":41829,"comment_status":"closed","ping_status":"closed","template":"","meta":[],"product_brand":[],"product_cat":[360,123],"product_tag":[],"class_list":{"0":"post-42408","1":"product","2":"type-product","3":"status-publish","4":"has-post-thumbnail","6":"product_cat-fotowoltaika-wyprzedaz","7":"product_cat-wyprzedaz","8":"product_shipping_class-pallet","10":"first","11":"instock","12":"taxable","13":"shipping-taxable","14":"purchasable","15":"product-type-simple"},"_links":{"self":[{"href":"https:\/\/sklep.hewalex.pl\/pl\/wp-json\/wp\/v2\/product\/42408","targetHints":{"allow":["GET"]}}],"collection":[{"href":"https:\/\/sklep.hewalex.pl\/pl\/wp-json\/wp\/v2\/product"}],"about":[{"href":"https:\/\/sklep.hewalex.pl\/pl\/wp-json\/wp\/v2\/types\/product"}],"replies":[{"embeddable":true,"href":"https:\/\/sklep.hewalex.pl\/pl\/wp-json\/wp\/v2\/comments?post=42408"}],"wp:featuredmedia":[{"embeddable":true,"href":"https:\/\/sklep.hewalex.pl\/pl\/wp-json\/wp\/v2\/media\/41829"}],"wp:attachment":[{"href":"https:\/\/sklep.hewalex.pl\/pl\/wp-json\/wp\/v2\/media?parent=42408"}],"wp:term":[{"taxonomy":"product_brand","embeddable":true,"href":"https:\/\/sklep.hewalex.pl\/pl\/wp-json\/wp\/v2\/product_brand?post=42408"},{"taxonomy":"product_cat","embeddable":true,"href":"https:\/\/sklep.hewalex.pl\/pl\/wp-json\/wp\/v2\/product_cat?post=42408"},{"taxonomy":"product_tag","embeddable":true,"href":"https:\/\/sklep.hewalex.pl\/pl\/wp-json\/wp\/v2\/product_tag?post=42408"}],"curies":[{"name":"wp","href":"https:\/\/api.w.org\/{rel}","templated":true}]}}