{"id":42357,"date":"2025-05-29T10:54:37","date_gmt":"2025-05-29T08:54:37","guid":{"rendered":"https:\/\/sklep.hewalex.pl\/?post_type=product&#038;p=42357"},"modified":"2026-04-06T10:52:03","modified_gmt":"2026-04-06T08:52:03","slug":"auxsol-asg-20tl-zh","status":"publish","type":"product","link":"https:\/\/sklep.hewalex.pl\/pl\/produkt\/auxsol-asg-20tl-zh\/","title":{"rendered":"AUXSOL ASG-20TL-ZH"},"content":{"rendered":"<p>Inwertery AUXSOL s\u0105 wytwarzane przez sp\u00f3\u0142k\u0119 Ningbo AUXSOL Technology Co., Ltd. \u2013 to jedna z najwi\u0119kszych grup zajmuj\u0105cych si\u0119 produkcj\u0105 elektroniki od klimatyzacji a\u017c po inwertery. Inwertery hybrydowe AUXSOL posiadaj\u0105 najwy\u017csze standardy zabezpiecze\u0144 na wypadek odwrotnej polaryzacji DC, przeciw zwarciom, przed zbyt wysokim napi\u0119ciem, a tak\u017ce nadpr\u0105dowe wyj\u015bcia, monitorowanie rezystancji izolacji, wykrywanie pr\u0105du resztkowego, ochron\u0119 przed przepi\u0119ciami, monitorowanie uziemienia oraz ochron\u0119 antywyspow\u0105 i termiczn\u0105. Inwertery AUXSOL poddawane s\u0105 rygorystycznym testom, jak m.in. odporno\u015bci na promieniowanie UV, pr\u00f3bie wytrzyma\u0142o\u015bci na szok termiczny, a tak\u017ce na ekstremalne warunki pracy (teren wysoko zasolony, pustynia, du\u017ce wysoko\u015bci). S\u0105 zgodne ze wszystkimi najwa\u017cniejszymi normami oraz dyrektywami.<\/p>\n<p>Nale\u017cy zaznaczy\u0107 \u017ce falowniki AUXSOL s\u0105 w pe\u0142ni kompatybilne z autorskim systemem zarz\u0105dzania energi\u0105 <a href=\"https:\/\/www.hewalex.pl\/oferta\/inteligentne-systemy-zarzadzania\/system-zarzadzania-energia-domowa-opti-ener\/\">OPTI-ENER EMS<\/a> od Hewalex. Integracja obu urz\u0105dze\u0144 pozwala na jeszcze wi\u0119ksze wykorzystanie darmowej energii s\u0142onecznej, bie\u017c\u0105c\u0105 analiz\u0119 i optymalizacj\u0119 zu\u017cycia energii. U\u017cytkownik uzyskuje dost\u0119p do dynamicznych taryf energii, zdalnego zarz\u0105dzania produkowan\u0105 energi\u0105 i nie tylko. System OPTI-ENER EMS to obni\u017cenie koszt\u00f3w eksploatacji instalacji i wi\u0119ksza \u015bwiadomo\u015b\u0107 jej dzia\u0142ania.<\/p>\n<p><a href=\"https:\/\/sklep.hewalex.pl\/asystent-konfiguracji\/\"><img decoding=\"async\" class=\"alignnone size-large wp-image-4762\" src=\"https:\/\/sklep.hewalex.pl\/wp-content\/uploads\/2020\/04\/asystent-konfiguracji-700x76.png\" alt=\"\" width=\"700\" height=\"76\" srcset=\"https:\/\/sklep.hewalex.pl\/wp-content\/uploads\/2020\/04\/asystent-konfiguracji-700x76.png 700w, https:\/\/sklep.hewalex.pl\/wp-content\/uploads\/2020\/04\/asystent-konfiguracji-600x65.png 600w, https:\/\/sklep.hewalex.pl\/wp-content\/uploads\/2020\/04\/asystent-konfiguracji-640x69.png 640w, https:\/\/sklep.hewalex.pl\/wp-content\/uploads\/2020\/04\/asystent-konfiguracji-400x43.png 400w\" sizes=\"(max-width: 700px) 100vw, 700px\" \/><\/a><\/p>\n<h2>Podstawowe cechy:<\/h2>\n<ul>\n<li>Liczba faz: 3<\/li>\n<li>Liczba MPPT\/Maks. liczba string\u00f3w: 2\/4<\/li>\n<li><strong>WiFi\/LAN Stick w zestawie z inwerterem<\/strong><\/li>\n<li>Obs\u0142uga obci\u0105\u017ce\u0144 niezr\u00f3wnowa\u017conych na porcie AC-Backup<\/li>\n<li>IP66 \u2013 klasa ochronno\u015bci umo\u017cliwiaj\u0105ca monta\u017cu wewn\u0105trz i na zewn\u0105trz budynku<\/li>\n<li>97,34% maksymalnej sprawno\u015bci<\/li>\n<li>Szeroki zakres napi\u0119cia wej\u015bciowego<\/li>\n<li>Niskie napi\u0119cie startowe<\/li>\n<li>Podw\u00f3jny MPPT z precyzyjnym dopasowaniem mocy maksymalnej do nat\u0119\u017cenia promieniowania s\u0142onecznego<\/li>\n<li>Estetyczna, minimalistyczna\u00a0 i solidna obudowa<\/li>\n<li>Niezauwa\u017calne prze\u0142\u0105czenie w tryb awaryjny po zaniku napi\u0119cia w sieci elektroenergetycznej (&lt;10 ms)<\/li>\n<li>Zasilanie awaryjne do 20 kW mocy ci\u0105g\u0142ej<\/li>\n<li>Wielopoziomowa ochrona w standardzie<\/li>\n<li>Mo\u017cliwo\u015b\u0107 pod\u0142\u0105czenia akumulator\u00f3w<\/li>\n<li>Zabezpieczenia przeciw powstawaniu \u0142uk\u00f3w elektrycznych AFCI z inteligentnym zarz\u0105dzaniem AI<\/li>\n<li>Wiele tryb\u00f3w pracy w celu zmaksymalizowania autokonsumpcji<\/li>\n<li>Ca\u0142odobowy monitoring przy niskim zu\u017cyciu w\u0142asnym do 20W<\/li>\n<li>Kompatybilno\u015b\u0107 z akumulatorami litowo-jonowymi<\/li>\n<li>Zdalna kontrola i funkcja aktualizacji oraz serwisu<\/li>\n<li>Funkcja pracy w systemie off-grid (bez dost\u0119pu do sieci elektroenergetycznej)<\/li>\n<li>Inteligentna funkcja EMS<\/li>\n<li>D\u0142uga \u017cywotno\u015b\u0107 systemu przy zachowaniu wysokiego poziomu bezpiecze\u0144stwa<\/li>\n<li>10 lat gwarancji (2+8 lat rozszerzonej gwarancji)<\/li>\n<li>Praktycznie nies\u0142yszalna praca urz\u0105dzenia<\/li>\n<li>Mo\u017cliwe po\u0142\u0105czenie do 15 sztuk r\u00f3wnolegle<\/li>\n<\/ul>\n<h2>Do pobrania:<\/h2>\n<p><a href=\"https:\/\/sklep.hewalex.pl\/wp-content\/uploads\/2025\/05\/Hewalex_AUXSOL_Inwertery-AUXSOL-ASG-5-20TL-ZH_Karta-produktow_PL_14-07-2025_Hewalex.pdf\"><img decoding=\"async\" class=\" wp-image-1324\" src=\"http:\/\/sklep.hewalex.pl\/wp-content\/uploads\/2018\/05\/pdf-ico-300x300.png\" alt=\"\" width=\"34\" height=\"34\" \/> Karta produktu \u2013 INWERTER AUXSOL ASG-20TL-ZH<\/a><\/p>\n<p><a href=\"https:\/\/sklep.hewalex.pl\/wp-content\/uploads\/2025\/05\/Hewalex_AUXSOL_Inwertery-AUXSOL-ASG-5-20TL-ZH_Instrukcja-montazu_PL_18-07-2025.pdf\"><img decoding=\"async\" class=\" wp-image-1324\" src=\"http:\/\/sklep.hewalex.pl\/wp-content\/uploads\/2018\/05\/pdf-ico-300x300.png\" alt=\"\" width=\"34\" height=\"34\" \/> Instrukcja obs\u0142ugi \u2013 inwertery AUXSOL ASG-(5-20)TL-ZH<\/a><\/p>\n<p><a href=\"https:\/\/sklep.hewalex.pl\/wp-content\/uploads\/2025\/05\/Hewalex_AUXSOL_AUXSOL-WIFI-LAN-Stick_Instrukcja-konfiguracji-AUXSOL-WiFi-LAN-Sti___7-2025.pdf\"><img decoding=\"async\" class=\" wp-image-1324\" src=\"http:\/\/sklep.hewalex.pl\/wp-content\/uploads\/2018\/05\/pdf-ico-300x300.png\" alt=\"\" width=\"34\" height=\"34\" \/> Instrukcja konfiguracji AUXSOL WiFi LAN Stick i obs\u0142ugi aplikacji<\/a><\/p>\n<p><a href=\"https:\/\/sklep.hewalex.pl\/wp-content\/uploads\/2025\/05\/Hewalex_Lista-kompatybilnych-magazynow-energii-dla-falownikow-hybrydowych-AUXSOL.pdf\"><img decoding=\"async\" class=\" wp-image-1324\" src=\"http:\/\/sklep.hewalex.pl\/wp-content\/uploads\/2018\/05\/pdf-ico-300x300.png\" alt=\"\" width=\"34\" height=\"34\" \/> Lista kompatybilnych magazyn\u00f3w energii dla inwerter\u00f3w hybrydowych AUXSOL<\/a><\/p>\n","protected":false},"excerpt":{"rendered":"<p>Inwerter hybrydowy tr\u00f3jfazowy\u00a0<strong>AUXSOL ASG-20TL-ZH <\/strong>jest przeznaczony dla instalacji fotowoltaicznych wyposa\u017conych w system magazynowania energii o mocy do<br \/>\n<strong>30 kWp<\/strong>. Cechuje si\u0119 wysok\u0105 sprawno\u015bci\u0105, niezawodn\u0105 i cich\u0105 prac\u0105 oraz odporno\u015bci\u0105 na trudne warunki pracy, co umo\u017cliwia tak\u017ce monta\u017c na zewn\u0105trz budynku. Inwerter ten jest kompatybilny zar\u00f3wno z magazynami energii AUXSOL jak i Pylontech.<\/p>\n<p><strong>UWAGA! Inwerter posiada maksymaln\u0105 moc chwilow\u0105 20 kW na wyj\u015bciu AC-Grid!<\/strong><\/p>\n","protected":false},"featured_media":42707,"comment_status":"closed","ping_status":"closed","template":"","meta":[],"product_brand":[],"product_cat":[343,131,132],"product_tag":[],"class_list":{"0":"post-42357","1":"product","2":"type-product","3":"status-publish","4":"has-post-thumbnail","6":"product_cat-hybrydowe","7":"product_cat-fotowoltaika","8":"product_cat-inwertery","9":"product_shipping_class-box","11":"first","12":"instock","13":"taxable","14":"shipping-taxable","15":"purchasable","16":"product-type-simple"},"_links":{"self":[{"href":"https:\/\/sklep.hewalex.pl\/pl\/wp-json\/wp\/v2\/product\/42357","targetHints":{"allow":["GET"]}}],"collection":[{"href":"https:\/\/sklep.hewalex.pl\/pl\/wp-json\/wp\/v2\/product"}],"about":[{"href":"https:\/\/sklep.hewalex.pl\/pl\/wp-json\/wp\/v2\/types\/product"}],"replies":[{"embeddable":true,"href":"https:\/\/sklep.hewalex.pl\/pl\/wp-json\/wp\/v2\/comments?post=42357"}],"wp:featuredmedia":[{"embeddable":true,"href":"https:\/\/sklep.hewalex.pl\/pl\/wp-json\/wp\/v2\/media\/42707"}],"wp:attachment":[{"href":"https:\/\/sklep.hewalex.pl\/pl\/wp-json\/wp\/v2\/media?parent=42357"}],"wp:term":[{"taxonomy":"product_brand","embeddable":true,"href":"https:\/\/sklep.hewalex.pl\/pl\/wp-json\/wp\/v2\/product_brand?post=42357"},{"taxonomy":"product_cat","embeddable":true,"href":"https:\/\/sklep.hewalex.pl\/pl\/wp-json\/wp\/v2\/product_cat?post=42357"},{"taxonomy":"product_tag","embeddable":true,"href":"https:\/\/sklep.hewalex.pl\/pl\/wp-json\/wp\/v2\/product_tag?post=42357"}],"curies":[{"name":"wp","href":"https:\/\/api.w.org\/{rel}","templated":true}]}}