{"id":42320,"date":"2025-05-26T14:42:40","date_gmt":"2025-05-26T12:42:40","guid":{"rendered":"https:\/\/sklep.hewalex.pl\/?post_type=product&#038;p=42320"},"modified":"2026-04-03T23:21:52","modified_gmt":"2026-04-03T21:21:52","slug":"auxsol-asn-10tl","status":"publish","type":"product","link":"https:\/\/sklep.hewalex.pl\/pl\/produkt\/auxsol-asn-10tl\/","title":{"rendered":"AUXSOL ASN-10TL"},"content":{"rendered":"<p>Inwertery AUXSOL s\u0105 wytwarzane przez sp\u00f3\u0142k\u0119 Ningbo AUXSOL Technology Co., Ltd. \u2013 to jedna z najwi\u0119kszych grup zajmuj\u0105cych si\u0119 produkcj\u0105 elektroniki od klimatyzacji, a\u017c po inwertery. Inwertery sieciowe AUXSOL posiadaj\u0105 najwy\u017csze standardy zabezpiecze\u0144 na wypadek odwrotnej polaryzacji DC, przeciw zwarciom, przed zbyt wysokim napi\u0119ciem, a tak\u017ce nadpr\u0105dowe wyj\u015bcia, monitorowanie rezystancji izolacji, wykrywanie pr\u0105du resztkowego, ochron\u0119 przed przepi\u0119ciami, monitorowanie uziemienia oraz ochron\u0119 antywyspow\u0105 i termiczn\u0105. Inwertery AUXSOL poddawane s\u0105 rygorystycznym testom, jak m.in. odporno\u015bci na promieniowanie UV, pr\u00f3bie wytrzyma\u0142o\u015bci na szok termiczny, a tak\u017ce na ekstremalne warunki pracy (teren wysoko zasolony, pustynia, du\u017ce wysoko\u015bci). S\u0105 zgodne ze wszystkimi najwa\u017cniejszymi normami oraz dyrektywami.<\/p>\n<p>Nale\u017cy zaznaczy\u0107 \u017ce falowniki AUXSOL s\u0105 w pe\u0142ni kompatybilne z autorskim systemem zarz\u0105dzania energi\u0105 <a href=\"https:\/\/www.hewalex.pl\/oferta\/inteligentne-systemy-zarzadzania\/system-zarzadzania-energia-domowa-opti-ener\/\">OPTI-ENER EMS<\/a> od Hewalex. Integracja obu urz\u0105dze\u0144 pozwala na jeszcze wi\u0119ksze wykorzystanie darmowej energii s\u0142onecznej, bie\u017c\u0105c\u0105 analiz\u0119 i optymalizacj\u0119 zu\u017cycia energii. U\u017cytkownik uzyskuje dost\u0119p do dynamicznych taryf energii, zdalnego zarz\u0105dzania produkowan\u0105 energi\u0105 i nie tylko. System OPTI-ENER EMS to obni\u017cenie koszt\u00f3w eksploatacji instalacji i wi\u0119ksza \u015bwiadomo\u015b\u0107 jej dzia\u0142ania.<\/p>\n<p><a href=\"https:\/\/sklep.hewalex.pl\/asystent-konfiguracji\/\"><img decoding=\"async\" class=\"alignnone size-large wp-image-4762\" src=\"https:\/\/sklep.hewalex.pl\/wp-content\/uploads\/2020\/04\/asystent-konfiguracji-700x76.png\" alt=\"\" width=\"700\" height=\"76\" srcset=\"https:\/\/sklep.hewalex.pl\/wp-content\/uploads\/2020\/04\/asystent-konfiguracji-700x76.png 700w, https:\/\/sklep.hewalex.pl\/wp-content\/uploads\/2020\/04\/asystent-konfiguracji-600x65.png 600w, https:\/\/sklep.hewalex.pl\/wp-content\/uploads\/2020\/04\/asystent-konfiguracji-640x69.png 640w, https:\/\/sklep.hewalex.pl\/wp-content\/uploads\/2020\/04\/asystent-konfiguracji-400x43.png 400w\" sizes=\"(max-width: 700px) 100vw, 700px\" \/><\/a><\/p>\n<h2>Podstawowe cechy:<\/h2>\n<ul>\n<li>Liczba faz: 3<\/li>\n<li>Liczba MPPT\/Maks. liczba string\u00f3w: 2\/2<\/li>\n<li><strong>WiFi\/LAN Stick w zestawie z inwerterem<\/strong><\/li>\n<li>IP66 \u2013 klasa ochronno\u015bci umo\u017cliwiaj\u0105ca monta\u017cu wewn\u0105trz i na zewn\u0105trz budynku<\/li>\n<li>98,3% maksymalnej sprawno\u015bci<\/li>\n<li>Szeroki zakres napi\u0119cia wej\u015bciowego<\/li>\n<li>Niskie napi\u0119cie startowe<\/li>\n<li>Podw\u00f3jny MPPT z precyzyjnym dopasowaniem mocy maksymalnej do nat\u0119\u017cenia promieniowania s\u0142onecznego<\/li>\n<li>Estetyczna, minimalistyczna\u00a0 i solidna obudowa<\/li>\n<li>Wielopoziomowa ochrona w standardzie<\/li>\n<li>Zabezpieczenia przeciw powstawaniu \u0142uk\u00f3w elektrycznych AFCI z inteligentnym zarz\u0105dzaniem AI<\/li>\n<li>Zdalna kontrola i funkcja aktualizacji oraz serwisu<\/li>\n<li>D\u0142uga \u017cywotno\u015b\u0107 systemu przy zachowaniu wysokiego poziomu bezpiecze\u0144stwa<\/li>\n<li>10 lat gwarancji (2+8 lat rozszerzonej gwarancji)<\/li>\n<li>Praktycznie nies\u0142yszalna praca urz\u0105dzenia<\/li>\n<li>Mo\u017cliwe po\u0142\u0105czenie do 10 sztuk r\u00f3wnolegle<\/li>\n<\/ul>\n<h2>Do pobrania:<\/h2>\n<p><a href=\"https:\/\/sklep.hewalex.pl\/wp-content\/uploads\/2025\/05\/Hewalex_AUXSOL_Inwertery-AUXSOL-ASN-5-25TL_Karta-produktow_PL_14-07-2025_Hewalex.pdf\"><img decoding=\"async\" class=\" wp-image-1324\" src=\"http:\/\/sklep.hewalex.pl\/wp-content\/uploads\/2018\/05\/pdf-ico-300x300.png\" alt=\"\" width=\"34\" height=\"34\" \/> Karta produktu \u2013 INWERTER AUXSOL ASN-8TL<\/a><\/p>\n<p><a href=\"https:\/\/sklep.hewalex.pl\/wp-content\/uploads\/2025\/05\/Hewalex_AUXSOL_Inwertery-AUXSOL-ASN-5-25TL_Instrukcja-montazu_PL_12-08-2025.pdf\"><img decoding=\"async\" class=\" wp-image-1324\" src=\"http:\/\/sklep.hewalex.pl\/wp-content\/uploads\/2018\/05\/pdf-ico-300x300.png\" alt=\"\" width=\"34\" height=\"34\" \/> Instrukcja obs\u0142ugi \u2013 inwertery AUXSOL ASN-(5-25)TL<\/a><\/p>\n","protected":false},"excerpt":{"rendered":"<p>Inwerter sieciowy tr\u00f3jfazowy\u00a0<strong>AUXSOL ASN-10TL <\/strong>jest przeznaczony dla instalacji fotowoltaicznych o mocy do <strong>15 kWp<\/strong>. Cechuje si\u0119 wysok\u0105 sprawno\u015bci\u0105, niezawodn\u0105 i cich\u0105 prac\u0105 oraz odporno\u015bci\u0105 na trudne warunki pracy, co umo\u017cliwia tak\u017ce monta\u017c na zewn\u0105trz budynku.<\/p>\n","protected":false},"featured_media":42706,"comment_status":"closed","ping_status":"closed","template":"","meta":[],"product_brand":[],"product_cat":[342,131,132],"product_tag":[],"class_list":{"0":"post-42320","1":"product","2":"type-product","3":"status-publish","4":"has-post-thumbnail","6":"product_cat-sieciowe","7":"product_cat-fotowoltaika","8":"product_cat-inwertery","9":"product_shipping_class-box","11":"first","12":"instock","13":"taxable","14":"shipping-taxable","15":"purchasable","16":"product-type-simple"},"_links":{"self":[{"href":"https:\/\/sklep.hewalex.pl\/pl\/wp-json\/wp\/v2\/product\/42320","targetHints":{"allow":["GET"]}}],"collection":[{"href":"https:\/\/sklep.hewalex.pl\/pl\/wp-json\/wp\/v2\/product"}],"about":[{"href":"https:\/\/sklep.hewalex.pl\/pl\/wp-json\/wp\/v2\/types\/product"}],"replies":[{"embeddable":true,"href":"https:\/\/sklep.hewalex.pl\/pl\/wp-json\/wp\/v2\/comments?post=42320"}],"wp:featuredmedia":[{"embeddable":true,"href":"https:\/\/sklep.hewalex.pl\/pl\/wp-json\/wp\/v2\/media\/42706"}],"wp:attachment":[{"href":"https:\/\/sklep.hewalex.pl\/pl\/wp-json\/wp\/v2\/media?parent=42320"}],"wp:term":[{"taxonomy":"product_brand","embeddable":true,"href":"https:\/\/sklep.hewalex.pl\/pl\/wp-json\/wp\/v2\/product_brand?post=42320"},{"taxonomy":"product_cat","embeddable":true,"href":"https:\/\/sklep.hewalex.pl\/pl\/wp-json\/wp\/v2\/product_cat?post=42320"},{"taxonomy":"product_tag","embeddable":true,"href":"https:\/\/sklep.hewalex.pl\/pl\/wp-json\/wp\/v2\/product_tag?post=42320"}],"curies":[{"name":"wp","href":"https:\/\/api.w.org\/{rel}","templated":true}]}}