{"id":42260,"date":"2025-05-20T13:21:19","date_gmt":"2025-05-20T11:21:19","guid":{"rendered":"https:\/\/sklep.hewalex.pl\/?post_type=product&#038;p=42260"},"modified":"2026-04-09T13:13:49","modified_gmt":"2026-04-09T11:13:49","slug":"konstrukcja-uniwersalna-pcco-kameleon","status":"publish","type":"product","link":"https:\/\/sklep.hewalex.pl\/pl\/produkt\/konstrukcja-uniwersalna-pcco-kameleon\/","title":{"rendered":"Konstrukcja uniwersalna PCCO \u2013 KAMELEON"},"content":{"rendered":"<p>Konstrukcja s\u0142u\u017cy do stabilnego i trwa\u0142ego monta\u017cu pompy ciep\u0142a lub agregatu skraplaj\u0105cego. Ewentualne nier\u00f3wno\u015bci p\u0142aszczyzny mog\u0105 zosta\u0107 wyeliminowane za pomoc\u0105 \u015brub ze stopami regulacyjnymi o zakresie regulacji wynosz\u0105cym 27 mm. Dostarczany zestaw jest kompletny tj. posiada wszystkie \u015bruby do z\u0142o\u017cenia konstrukcji i zamontowania pompy ciep\u0142a, stopy pod konstrukcj\u0119, kotwy do betonu do posadowienia w podstawie i wibroizolatory do wyeliminowania drga\u0144 urz\u0105dzenia.<\/p>\n<p>&nbsp;<\/p>\n<div class=\"box-content pl-sm pr-sm\"><a href=\"https:\/\/sklep.hewalex.pl\/wp-content\/uploads\/2025\/05\/A5_Konstrukcja-uniwersalna-PCCO_90.00.35-instrukcja-9.05.2025.pdf\" data-wp-editing=\"1\"><img decoding=\"async\" class=\" wp-image-1324\" src=\"http:\/\/sklep.hewalex.pl\/wp-content\/uploads\/2018\/05\/pdf-ico-300x300.png\" alt=\"\" width=\"34\" height=\"34\" \/>\u00a0Instrukcja monta\u017cu konstrukcji uniwersalnej PCCO<\/a><\/div>\n","protected":false},"excerpt":{"rendered":"<p><strong>Konstrukcja uniwersalna PCCO\u00a0<\/strong>s\u0142u\u017cy do monta\u017cu jednostki zewn\u0119trznej pompy ciep\u0142a na gruncie. Przeznaczona jest dla wszystkich modeli serii PCCO.\u00a0Dopuszczalna no\u015bno\u015b\u0107 konstrukcji to 180 kg.<\/p>\n<p><b>Wariant Kameleon. Celem zam\u00f3wienia nale\u017cy poda\u0107 oczekiwany kolor RAL w polu &#8222;Uwagi do zam\u00f3wienia&#8221; dost\u0119pnego w podsumowaniu zam\u00f3wienia.<\/b><\/p>\n","protected":false},"featured_media":42591,"comment_status":"closed","ping_status":"closed","template":"","meta":[],"product_brand":[],"product_cat":[167,171],"product_tag":[],"class_list":{"0":"post-42260","1":"product","2":"type-product","3":"status-publish","4":"has-post-thumbnail","6":"product_cat-pompy-ciepla-pcco","7":"product_cat-akcesoria-do-zabudowy","8":"product_shipping_class-box","10":"first","11":"instock","12":"taxable","13":"shipping-taxable","14":"purchasable","15":"product-type-simple"},"_links":{"self":[{"href":"https:\/\/sklep.hewalex.pl\/pl\/wp-json\/wp\/v2\/product\/42260","targetHints":{"allow":["GET"]}}],"collection":[{"href":"https:\/\/sklep.hewalex.pl\/pl\/wp-json\/wp\/v2\/product"}],"about":[{"href":"https:\/\/sklep.hewalex.pl\/pl\/wp-json\/wp\/v2\/types\/product"}],"replies":[{"embeddable":true,"href":"https:\/\/sklep.hewalex.pl\/pl\/wp-json\/wp\/v2\/comments?post=42260"}],"wp:featuredmedia":[{"embeddable":true,"href":"https:\/\/sklep.hewalex.pl\/pl\/wp-json\/wp\/v2\/media\/42591"}],"wp:attachment":[{"href":"https:\/\/sklep.hewalex.pl\/pl\/wp-json\/wp\/v2\/media?parent=42260"}],"wp:term":[{"taxonomy":"product_brand","embeddable":true,"href":"https:\/\/sklep.hewalex.pl\/pl\/wp-json\/wp\/v2\/product_brand?post=42260"},{"taxonomy":"product_cat","embeddable":true,"href":"https:\/\/sklep.hewalex.pl\/pl\/wp-json\/wp\/v2\/product_cat?post=42260"},{"taxonomy":"product_tag","embeddable":true,"href":"https:\/\/sklep.hewalex.pl\/pl\/wp-json\/wp\/v2\/product_tag?post=42260"}],"curies":[{"name":"wp","href":"https:\/\/api.w.org\/{rel}","templated":true}]}}