{"id":42236,"date":"2025-05-19T09:56:30","date_gmt":"2025-05-19T07:56:30","guid":{"rendered":"https:\/\/sklep.hewalex.pl\/?post_type=product&#038;p=42236"},"modified":"2026-04-03T22:21:47","modified_gmt":"2026-04-03T20:21:47","slug":"akumulator-22ah-mw-22-12","status":"publish","type":"product","link":"https:\/\/sklep.hewalex.pl\/pl\/produkt\/akumulator-22ah-mw-22-12\/","title":{"rendered":"AKUMULATOR 22Ah \u2013 MW 22-12"},"content":{"rendered":"<p>NIE DOPUSZCZA\u0106 DO ROZ\u0141ADOWANIA PONI\u017bEJ 11V!<\/p>\n<p>Przeznaczenie:<\/p>\n<p>HPAZ022W \u2013 <em>zintegrowany z jednostkami wewn\u0119trznymi HPOM020W#A\/B\/C<\/em><\/p>\n<p>HPAZ022A\/B<\/p>\n<p>Pompy ciep\u0142a PCCO MONO do 2022 roku<\/p>\n<p>&nbsp;<\/p>\n<p>Specyfikacja:<\/p>\n<p>Napi\u0119cie nominalne \u00a0\u00a0\u00a0\u00a0\u00a0\u00a0 12 V<\/p>\n<p>Pojemno\u015b\u0107 nominalna \u00a0 22,0 Ah<\/p>\n<p>&nbsp;<\/p>\n","protected":false},"excerpt":{"rendered":"<p>Akumulator MW 22-12 o pojemno\u015bci 22Ah przeznaczony jest do stosowania w Module Zabezpieczaj\u0105cym PZ HX. Stanowi \u017ar\u00f3d\u0142o zasilania awaryjnego pompy obiegowej, zabezpieczaj\u0105cej skraplacz jednostki zewn\u0119trznej pompy ciep\u0142a przed zamarzni\u0119ciem w przypadku przerwy w dostawie energii elektrycznej. Akumulator wykonany w technologii AGM.<\/p>\n<p>&nbsp;<\/p>\n","protected":false},"featured_media":42247,"comment_status":"closed","ping_status":"closed","template":"","meta":[],"product_brand":[],"product_cat":[384,383,295],"product_tag":[],"class_list":{"0":"post-42236","1":"product","2":"type-product","3":"status-publish","4":"has-post-thumbnail","6":"product_cat-akumulatory","7":"product_cat-pompy-ciepla-pcco-czesci-zamienne","8":"product_cat-czesci-zamienne","9":"product_shipping_class-box","11":"first","12":"instock","13":"taxable","14":"shipping-taxable","15":"purchasable","16":"product-type-simple"},"_links":{"self":[{"href":"https:\/\/sklep.hewalex.pl\/pl\/wp-json\/wp\/v2\/product\/42236","targetHints":{"allow":["GET"]}}],"collection":[{"href":"https:\/\/sklep.hewalex.pl\/pl\/wp-json\/wp\/v2\/product"}],"about":[{"href":"https:\/\/sklep.hewalex.pl\/pl\/wp-json\/wp\/v2\/types\/product"}],"replies":[{"embeddable":true,"href":"https:\/\/sklep.hewalex.pl\/pl\/wp-json\/wp\/v2\/comments?post=42236"}],"wp:featuredmedia":[{"embeddable":true,"href":"https:\/\/sklep.hewalex.pl\/pl\/wp-json\/wp\/v2\/media\/42247"}],"wp:attachment":[{"href":"https:\/\/sklep.hewalex.pl\/pl\/wp-json\/wp\/v2\/media?parent=42236"}],"wp:term":[{"taxonomy":"product_brand","embeddable":true,"href":"https:\/\/sklep.hewalex.pl\/pl\/wp-json\/wp\/v2\/product_brand?post=42236"},{"taxonomy":"product_cat","embeddable":true,"href":"https:\/\/sklep.hewalex.pl\/pl\/wp-json\/wp\/v2\/product_cat?post=42236"},{"taxonomy":"product_tag","embeddable":true,"href":"https:\/\/sklep.hewalex.pl\/pl\/wp-json\/wp\/v2\/product_tag?post=42236"}],"curies":[{"name":"wp","href":"https:\/\/api.w.org\/{rel}","templated":true}]}}