{"id":41767,"date":"2025-03-28T07:59:33","date_gmt":"2025-03-28T06:59:33","guid":{"rendered":"https:\/\/sklep.hewalex.pl\/?post_type=product&#038;p=41767"},"modified":"2026-04-14T10:06:32","modified_gmt":"2026-04-14T08:06:32","slug":"zestaw-przewodow-komunikacyjnych-do-modulu-zabezpieczajacego-pz-hx","status":"publish","type":"product","link":"https:\/\/sklep.hewalex.pl\/pl\/produkt\/zestaw-przewodow-komunikacyjnych-do-modulu-zabezpieczajacego-pz-hx\/","title":{"rendered":"Zestaw przewod\u00f3w komunikacyjnych do Modu\u0142u Zabezpieczaj\u0105cego PZ HX"},"content":{"rendered":"","protected":false},"excerpt":{"rendered":"<p>Zestaw zawiera dwa przewody komunikacyjne (8&#215;0,5mm<sup>2<\/sup> oraz 2x 0,5mm<sup>2<\/sup>) <strong>wymagane<\/strong> do po\u0142\u0105czenia jednostki wewn\u0119trznej (steruj\u0105cej) z Modu\u0142em Zabezpieczaj\u0105cym PZ HX.\u00a0Zestaw nale\u017cy pod\u0142\u0105czy\u0107 zgodnie ze schematem elektrycznym zawartym w instrukcji monta\u017cowej pompy ciep\u0142a PCCO MONO. D\u0142ugo\u015b\u0107 przewod\u00f3w wynosi 1,2 m i pozwala na zamontowanie obu urz\u0105dze\u0144 w odleg\u0142o\u015bci do 30cm od siebie.<\/p>\n","protected":false},"featured_media":41778,"comment_status":"closed","ping_status":"closed","template":"","meta":[],"product_brand":[],"product_cat":[167,172],"product_tag":[],"class_list":{"0":"post-41767","1":"product","2":"type-product","3":"status-publish","4":"has-post-thumbnail","6":"product_cat-pompy-ciepla-pcco","7":"product_cat-osprzet-dodatkowy-pompy-ciepla-pcco","8":"product_shipping_class-box","10":"first","11":"instock","12":"taxable","13":"shipping-taxable","14":"purchasable","15":"product-type-simple"},"_links":{"self":[{"href":"https:\/\/sklep.hewalex.pl\/pl\/wp-json\/wp\/v2\/product\/41767","targetHints":{"allow":["GET"]}}],"collection":[{"href":"https:\/\/sklep.hewalex.pl\/pl\/wp-json\/wp\/v2\/product"}],"about":[{"href":"https:\/\/sklep.hewalex.pl\/pl\/wp-json\/wp\/v2\/types\/product"}],"replies":[{"embeddable":true,"href":"https:\/\/sklep.hewalex.pl\/pl\/wp-json\/wp\/v2\/comments?post=41767"}],"wp:featuredmedia":[{"embeddable":true,"href":"https:\/\/sklep.hewalex.pl\/pl\/wp-json\/wp\/v2\/media\/41778"}],"wp:attachment":[{"href":"https:\/\/sklep.hewalex.pl\/pl\/wp-json\/wp\/v2\/media?parent=41767"}],"wp:term":[{"taxonomy":"product_brand","embeddable":true,"href":"https:\/\/sklep.hewalex.pl\/pl\/wp-json\/wp\/v2\/product_brand?post=41767"},{"taxonomy":"product_cat","embeddable":true,"href":"https:\/\/sklep.hewalex.pl\/pl\/wp-json\/wp\/v2\/product_cat?post=41767"},{"taxonomy":"product_tag","embeddable":true,"href":"https:\/\/sklep.hewalex.pl\/pl\/wp-json\/wp\/v2\/product_tag?post=41767"}],"curies":[{"name":"wp","href":"https:\/\/api.w.org\/{rel}","templated":true}]}}