{"id":41449,"date":"2025-02-25T10:45:59","date_gmt":"2025-02-25T09:45:59","guid":{"rendered":"https:\/\/sklep.hewalex.pl\/?post_type=product&#038;p=41449"},"modified":"2026-04-12T15:51:15","modified_gmt":"2026-04-12T13:51:15","slug":"anoda-tytanowa-fi-3x490mm-podgrzewacze-od-300l-do-500l","status":"publish","type":"product","link":"https:\/\/sklep.hewalex.pl\/pl\/produkt\/anoda-tytanowa-fi-3x490mm-podgrzewacze-od-300l-do-500l\/","title":{"rendered":"Anoda tytanowa \u2013 FI 3x490mm (Podgrzewacze od 300L do 500L)"},"content":{"rendered":"","protected":false},"excerpt":{"rendered":"<p>Anoda tytanowa FI 3X490mm stosowana w podgrzewaczach CWU o pojemno\u015bci od 300 do 500 litr\u00f3w w celu ochrony przed korozj\u0105. Wsp\u00f3\u0142pracuje ze sterownikami serii P09A. Sterownik s\u0142u\u017cy jako zasilacz anody tytanowej umieszczonej w zasobniku wody.<\/p>\n","protected":false},"featured_media":41489,"comment_status":"closed","ping_status":"closed","template":"","meta":[],"product_brand":[],"product_cat":[374,371,295],"product_tag":[],"class_list":{"0":"post-41449","1":"product","2":"type-product","3":"status-publish","4":"has-post-thumbnail","6":"product_cat-anody-czesci-zamienne","7":"product_cat-technika-solarna-czesci-zamienne","8":"product_cat-czesci-zamienne","9":"product_shipping_class-box","11":"first","12":"instock","13":"taxable","14":"shipping-taxable","15":"purchasable","16":"product-type-simple"},"_links":{"self":[{"href":"https:\/\/sklep.hewalex.pl\/pl\/wp-json\/wp\/v2\/product\/41449","targetHints":{"allow":["GET"]}}],"collection":[{"href":"https:\/\/sklep.hewalex.pl\/pl\/wp-json\/wp\/v2\/product"}],"about":[{"href":"https:\/\/sklep.hewalex.pl\/pl\/wp-json\/wp\/v2\/types\/product"}],"replies":[{"embeddable":true,"href":"https:\/\/sklep.hewalex.pl\/pl\/wp-json\/wp\/v2\/comments?post=41449"}],"wp:featuredmedia":[{"embeddable":true,"href":"https:\/\/sklep.hewalex.pl\/pl\/wp-json\/wp\/v2\/media\/41489"}],"wp:attachment":[{"href":"https:\/\/sklep.hewalex.pl\/pl\/wp-json\/wp\/v2\/media?parent=41449"}],"wp:term":[{"taxonomy":"product_brand","embeddable":true,"href":"https:\/\/sklep.hewalex.pl\/pl\/wp-json\/wp\/v2\/product_brand?post=41449"},{"taxonomy":"product_cat","embeddable":true,"href":"https:\/\/sklep.hewalex.pl\/pl\/wp-json\/wp\/v2\/product_cat?post=41449"},{"taxonomy":"product_tag","embeddable":true,"href":"https:\/\/sklep.hewalex.pl\/pl\/wp-json\/wp\/v2\/product_tag?post=41449"}],"curies":[{"name":"wp","href":"https:\/\/api.w.org\/{rel}","templated":true}]}}