{"id":41440,"date":"2025-02-25T08:10:37","date_gmt":"2025-02-25T07:10:37","guid":{"rendered":"https:\/\/sklep.hewalex.pl\/?post_type=product&#038;p=41440"},"modified":"2026-04-09T17:06:09","modified_gmt":"2026-04-09T15:06:09","slug":"hpom020w0f-jednostka-wewnetrzna","status":"publish","type":"product","link":"https:\/\/sklep.hewalex.pl\/pl\/produkt\/hpom020w0f-jednostka-wewnetrzna\/","title":{"rendered":"HPOM020W0F \u2013 jednostka wewn\u0119trzna"},"content":{"rendered":"<h2>Do pobrania:<\/h2>\n<p><a href=\"https:\/\/sklep.hewalex.pl\/wp-content\/uploads\/2025\/02\/HEWALEX_PCCO_instrukcja-obslugi-dla-Uzytkownika-3a_14-03-2025-1.pdf\"><img decoding=\"async\" class=\" wp-image-1324\" src=\"http:\/\/sklep.hewalex.pl\/wp-content\/uploads\/2018\/05\/pdf-ico-300x300.png\" alt=\"\" width=\"34\" height=\"34\" \/> Instrukcja obs\u0142ugi PCCO MONO dla u\u017cytkownika<\/a><\/p>\n<p><a href=\"https:\/\/sklep.hewalex.pl\/wp-content\/uploads\/2025\/02\/HEWALEX_PCCO_instrukcja-obslugi-dla-Instalatora-i-Serwisanta_wersja-3a_14-03-2025-1.pdf\"><img decoding=\"async\" class=\" wp-image-1324\" src=\"http:\/\/sklep.hewalex.pl\/wp-content\/uploads\/2018\/05\/pdf-ico-300x300.png\" alt=\"\" width=\"34\" height=\"34\" \/> Instrukcja obs\u0142ugi PCCO MONO dla instalatora i serwisanta<\/a><\/p>\n<p><a href=\"https:\/\/sklep.hewalex.pl\/wp-content\/uploads\/2022\/09\/HEWALEX_PCCO-MONO-6-9-11-15-18_wersja-F-G-instrukcja-montazu-pompy-ciepla_03.07.2025.pdf\"><img decoding=\"async\" class=\" wp-image-1324\" src=\"http:\/\/sklep.hewalex.pl\/wp-content\/uploads\/2018\/05\/pdf-ico-300x300.png\" alt=\"\" width=\"34\" height=\"34\" \/> Instrukcja monta\u017cu PCCO MONO dla jednostki steruj\u0105cej (F\/G)<\/a><\/p>\n<p><a href=\"https:\/\/sklep.hewalex.pl\/wp-content\/uploads\/2022\/09\/HEWALEX_PCCO-MONO-6-9-11_karta-produktu_25-03-2025.pdf\"><img decoding=\"async\" class=\" wp-image-1324\" src=\"http:\/\/sklep.hewalex.pl\/wp-content\/uploads\/2018\/05\/pdf-ico-300x300.png\" alt=\"\" width=\"34\" height=\"34\" \/> Karta produktu PCCO MONO<\/a><\/p>\n","protected":false},"excerpt":{"rendered":"<p>Jednostka wewn\u0119trzna (steruj\u0105ca) w wersji F przeznaczona do pomp ciep\u0142a PCCO MONO 6\/ 9\/ 11 typu powietrze\/woda. Jest przewidziana do wsp\u00f3\u0142pracy z jednostk\u0105 zewn\u0119trzn\u0105 w celu ogrzewania, a tak\u017ce ch\u0142odzenia pomieszcze\u0144 oraz podgrzewania ciep\u0142ej wody u\u017cytkowej. Wersja bez modu\u0142u hydraulicznego. Jednostka nie posiada wbudowanego Modu\u0142u Zabezpieczaj\u0105cego PZ HX.<\/p>\n<p>Jednostka wyposa\u017cona jest w pomp\u0119 obiegow\u0105 Wilo Para 25\/9-87\/IPWM1 o wysoko\u015bci podnoszenia do 9 m s\u0142upa wody oraz wydajno\u015bci do 4,5 m<sup>3<\/sup>\/h. Pompa obiegowa wymaga samodzielnego monta\u017cu.<\/p>\n","protected":false},"featured_media":41441,"comment_status":"closed","ping_status":"closed","template":"","meta":[],"product_brand":[],"product_cat":[361,167,168],"product_tag":[],"class_list":{"0":"post-41440","1":"product","2":"type-product","3":"status-publish","4":"has-post-thumbnail","6":"product_cat-jednostki-wewnetrzne","7":"product_cat-pompy-ciepla-pcco","8":"product_cat-pcco-mono","9":"product_shipping_class-pallet","11":"first","12":"instock","13":"taxable","14":"shipping-taxable","15":"purchasable","16":"product-type-simple"},"_links":{"self":[{"href":"https:\/\/sklep.hewalex.pl\/pl\/wp-json\/wp\/v2\/product\/41440","targetHints":{"allow":["GET"]}}],"collection":[{"href":"https:\/\/sklep.hewalex.pl\/pl\/wp-json\/wp\/v2\/product"}],"about":[{"href":"https:\/\/sklep.hewalex.pl\/pl\/wp-json\/wp\/v2\/types\/product"}],"replies":[{"embeddable":true,"href":"https:\/\/sklep.hewalex.pl\/pl\/wp-json\/wp\/v2\/comments?post=41440"}],"wp:featuredmedia":[{"embeddable":true,"href":"https:\/\/sklep.hewalex.pl\/pl\/wp-json\/wp\/v2\/media\/41441"}],"wp:attachment":[{"href":"https:\/\/sklep.hewalex.pl\/pl\/wp-json\/wp\/v2\/media?parent=41440"}],"wp:term":[{"taxonomy":"product_brand","embeddable":true,"href":"https:\/\/sklep.hewalex.pl\/pl\/wp-json\/wp\/v2\/product_brand?post=41440"},{"taxonomy":"product_cat","embeddable":true,"href":"https:\/\/sklep.hewalex.pl\/pl\/wp-json\/wp\/v2\/product_cat?post=41440"},{"taxonomy":"product_tag","embeddable":true,"href":"https:\/\/sklep.hewalex.pl\/pl\/wp-json\/wp\/v2\/product_tag?post=41440"}],"curies":[{"name":"wp","href":"https:\/\/api.w.org\/{rel}","templated":true}]}}