{"id":41342,"date":"2025-02-19T08:07:11","date_gmt":"2025-02-19T07:07:11","guid":{"rendered":"https:\/\/sklep.hewalex.pl\/?post_type=product&#038;p=41342"},"modified":"2026-04-11T16:36:21","modified_gmt":"2026-04-11T14:36:21","slug":"sterownik-solarny-gh26-p09","status":"publish","type":"product","link":"https:\/\/sklep.hewalex.pl\/pl\/produkt\/sterownik-solarny-gh26-p09\/","title":{"rendered":"Sterownik solarny GH26-P09"},"content":{"rendered":"<p><strong>Liczba wej\u015b\u0107 czujnik\u00f3w temperatury:<\/strong> 6<br \/>\n<strong>Liczba czujnik\u00f3w temperatury do\u0142\u0105czona do sterownika:<\/strong> 1szt. do kolektora T1, 2szt do zasobnika T2\/T4, 1szt dodatkowy T3<br \/>\n<strong>Maks. liczba obs\u0142ugiwanych urz\u0105dze\u0144:<\/strong> 3<br \/>\n<strong>Spos\u00f3b obs\u0142ugi sterownika:<\/strong> panel dotykowy z wy\u015bwietlaczem LCD<br \/>\n<strong>Spos\u00f3b monta\u017cu:<\/strong> monta\u017c na\u015bcienny<br \/>\n<strong>Przew\u00f3d zasilania do\u0142\u0105czony do sterownika:<\/strong> przew\u00f3d 3x 0,75mm2 z wtyczk\u0105 sieciow\u0105, d\u0142. 2m<\/p>\n<h2>Pliki do pobrania:<\/h2>\n<p><a href=\"https:\/\/sklep.hewalex.pl\/wp-content\/uploads\/2025\/02\/HEWALEX_Sterownik-GH26-P09_P09A_instrukcja_PL.pdf\"><img decoding=\"async\" class=\" wp-image-1324\" src=\"http:\/\/sklep.hewalex.pl\/wp-content\/uploads\/2018\/05\/pdf-ico-300x300.png\" alt=\"\" width=\"34\" height=\"34\" \/> Instrukcja obs\u0142ugi sterownika GH26-P09<\/a><\/p>\n","protected":false},"excerpt":{"rendered":"<p>Sterownik <strong>GH26<\/strong> to zaawansowane urz\u0105dzenie do obs\u0142ugi r\u00f3\u017cnych instalacji solarnych, w tym podgrzewania CWU, CO i wody basenowej. Wsp\u00f3\u0142pracuje z zewn\u0119trznymi \u017ar\u00f3d\u0142ami ciep\u0142a i umo\u017cliwia pod\u0142\u0105czenie czujnika ci\u015bnienia. Obs\u0142uguje si\u0119 go zdalnie przez system EKONTROL, z aplikacj\u0105 mobiln\u0105 i przegl\u0105dark\u0105 internetow\u0105, oferuj\u0105c animowane schematy i statystyki. GH26 dzia\u0142a w r\u00f3\u017cnych klimatach i obs\u0142uguje 22 j\u0119zyki, spe\u0142niaj\u0105c wysokie wymagania u\u017cytkownik\u00f3w i serwis\u00f3w.<\/p>\n","protected":false},"featured_media":41344,"comment_status":"closed","ping_status":"closed","template":"","meta":[],"product_brand":[],"product_cat":[375,371,295],"product_tag":[],"class_list":{"0":"post-41342","1":"product","2":"type-product","3":"status-publish","4":"has-post-thumbnail","6":"product_cat-sterowniki-czesci-zamienne","7":"product_cat-technika-solarna-czesci-zamienne","8":"product_cat-czesci-zamienne","9":"product_shipping_class-box","11":"first","12":"instock","13":"taxable","14":"shipping-taxable","15":"purchasable","16":"product-type-simple"},"_links":{"self":[{"href":"https:\/\/sklep.hewalex.pl\/pl\/wp-json\/wp\/v2\/product\/41342","targetHints":{"allow":["GET"]}}],"collection":[{"href":"https:\/\/sklep.hewalex.pl\/pl\/wp-json\/wp\/v2\/product"}],"about":[{"href":"https:\/\/sklep.hewalex.pl\/pl\/wp-json\/wp\/v2\/types\/product"}],"replies":[{"embeddable":true,"href":"https:\/\/sklep.hewalex.pl\/pl\/wp-json\/wp\/v2\/comments?post=41342"}],"wp:featuredmedia":[{"embeddable":true,"href":"https:\/\/sklep.hewalex.pl\/pl\/wp-json\/wp\/v2\/media\/41344"}],"wp:attachment":[{"href":"https:\/\/sklep.hewalex.pl\/pl\/wp-json\/wp\/v2\/media?parent=41342"}],"wp:term":[{"taxonomy":"product_brand","embeddable":true,"href":"https:\/\/sklep.hewalex.pl\/pl\/wp-json\/wp\/v2\/product_brand?post=41342"},{"taxonomy":"product_cat","embeddable":true,"href":"https:\/\/sklep.hewalex.pl\/pl\/wp-json\/wp\/v2\/product_cat?post=41342"},{"taxonomy":"product_tag","embeddable":true,"href":"https:\/\/sklep.hewalex.pl\/pl\/wp-json\/wp\/v2\/product_tag?post=41342"}],"curies":[{"name":"wp","href":"https:\/\/api.w.org\/{rel}","templated":true}]}}