{"id":41140,"date":"2025-01-23T10:48:51","date_gmt":"2025-01-23T09:48:51","guid":{"rendered":"https:\/\/sklep.hewalex.pl\/?post_type=product&#038;p=41140"},"modified":"2026-04-09T10:21:09","modified_gmt":"2026-04-09T08:21:09","slug":"inwerter-solis-s6-gr1p46k","status":"publish","type":"product","link":"https:\/\/sklep.hewalex.pl\/pl\/produkt\/inwerter-solis-s6-gr1p46k\/","title":{"rendered":"SOLIS-S6-GR1P4,6K \u2013 SALE"},"content":{"rendered":"<p><a href=\"https:\/\/sklep.hewalex.pl\/asystent-konfiguracji\/\"><img decoding=\"async\" class=\"alignnone size-large wp-image-4762\" src=\"https:\/\/sklep.hewalex.pl\/wp-content\/uploads\/2020\/04\/asystent-konfiguracji-700x76.png\" alt=\"\" width=\"700\" height=\"76\" srcset=\"https:\/\/sklep.hewalex.pl\/wp-content\/uploads\/2020\/04\/asystent-konfiguracji-700x76.png 700w, https:\/\/sklep.hewalex.pl\/wp-content\/uploads\/2020\/04\/asystent-konfiguracji-600x65.png 600w, https:\/\/sklep.hewalex.pl\/wp-content\/uploads\/2020\/04\/asystent-konfiguracji-640x69.png 640w, https:\/\/sklep.hewalex.pl\/wp-content\/uploads\/2020\/04\/asystent-konfiguracji-400x43.png 400w\" sizes=\"(max-width: 700px) 100vw, 700px\" \/><\/a><\/p>\n<h2>Pliki do pobrania:<\/h2>\n<p><img decoding=\"async\" class=\" wp-image-1324\" src=\"http:\/\/sklep.hewalex.pl\/wp-content\/uploads\/2018\/05\/pdf-ico-300x300.png\" alt=\"\" width=\"34\" height=\"34\" \/> <a href=\"https:\/\/sklep.hewalex.pl\/wp-content\/uploads\/2025\/01\/Solis_datasheet_S6-GR1P25-6K_GBR_V22_202412.pdf\">Informator produktowy &#8211; inwerter Solis-S6-GR1P4,6K<\/a><\/p>\n","protected":false},"excerpt":{"rendered":"<p>Inwerter sieciowy Solis S6-GR1P4,6K jest przeznaczony dla instalacji fotowoltaicznych o mocy do <strong>3,68<\/strong><b>\u00a0kWp<\/b>. Cechuje si\u0119 wysok\u0105 sprawno\u015bci\u0105, niezawodn\u0105 i cich\u0105 prac\u0105 dzi\u0119ki ch\u0142odzeniu konwekcyjnemu oraz odporno\u015bci\u0105 na trudne warunki pracy, co umo\u017cliwia tak\u017ce monta\u017c na zewn\u0105trz budynku.<\/p>\n<p><strong><span style=\"color: red\">Gwarancja do 31-12-2028<\/span><\/strong><\/p>\n","protected":false},"featured_media":29374,"comment_status":"closed","ping_status":"closed","template":"","meta":[],"product_brand":[],"product_cat":[360,123],"product_tag":[],"class_list":{"0":"post-41140","1":"product","2":"type-product","3":"status-publish","4":"has-post-thumbnail","6":"product_cat-fotowoltaika-wyprzedaz","7":"product_cat-wyprzedaz","8":"product_shipping_class-box","10":"first","11":"instock","12":"taxable","13":"shipping-taxable","14":"purchasable","15":"product-type-simple"},"_links":{"self":[{"href":"https:\/\/sklep.hewalex.pl\/pl\/wp-json\/wp\/v2\/product\/41140","targetHints":{"allow":["GET"]}}],"collection":[{"href":"https:\/\/sklep.hewalex.pl\/pl\/wp-json\/wp\/v2\/product"}],"about":[{"href":"https:\/\/sklep.hewalex.pl\/pl\/wp-json\/wp\/v2\/types\/product"}],"replies":[{"embeddable":true,"href":"https:\/\/sklep.hewalex.pl\/pl\/wp-json\/wp\/v2\/comments?post=41140"}],"wp:featuredmedia":[{"embeddable":true,"href":"https:\/\/sklep.hewalex.pl\/pl\/wp-json\/wp\/v2\/media\/29374"}],"wp:attachment":[{"href":"https:\/\/sklep.hewalex.pl\/pl\/wp-json\/wp\/v2\/media?parent=41140"}],"wp:term":[{"taxonomy":"product_brand","embeddable":true,"href":"https:\/\/sklep.hewalex.pl\/pl\/wp-json\/wp\/v2\/product_brand?post=41140"},{"taxonomy":"product_cat","embeddable":true,"href":"https:\/\/sklep.hewalex.pl\/pl\/wp-json\/wp\/v2\/product_cat?post=41140"},{"taxonomy":"product_tag","embeddable":true,"href":"https:\/\/sklep.hewalex.pl\/pl\/wp-json\/wp\/v2\/product_tag?post=41140"}],"curies":[{"name":"wp","href":"https:\/\/api.w.org\/{rel}","templated":true}]}}