{"id":40759,"date":"2024-11-13T13:10:19","date_gmt":"2024-11-13T12:10:19","guid":{"rendered":"https:\/\/sklep.hewalex.pl\/?post_type=product&#038;p=40759"},"modified":"2026-04-06T18:50:48","modified_gmt":"2026-04-06T16:50:48","slug":"zestaw-do-odprowadzania-skroplin-w-basenowej-pompie-ciepla","status":"publish","type":"product","link":"https:\/\/sklep.hewalex.pl\/pl\/produkt\/zestaw-do-odprowadzania-skroplin-w-basenowej-pompie-ciepla\/","title":{"rendered":"Zestaw do odprowadzania skroplin w basenowej pompie ciep\u0142a"},"content":{"rendered":"<p>W sk\u0142ad zestawu wchodz\u0105:<\/p>\n<ul>\n<li>Przy\u0142\u0105cze do odp\u0142ywu kondensatu \u2013 3szt.<\/li>\n<li>W\u0105\u017c do odp\u0142ywu kondensatu 1m \u2013 3szt.<\/li>\n<li>Za\u015blepka \u03a620mm \u2013 3szt.<\/li>\n<\/ul>\n<p>W\u0119\u017ce do odp\u0142ywu kondensatu nale\u017cy przymocowa\u0107 do otwor\u00f3w w tacy kondensatu basenowej pompy ciep\u0142a za pomoc\u0105 przy\u0142\u0105czy do odp\u0142ywu kondensatu. Niewykorzystane otwory mo\u017cna zablokowa\u0107 dzi\u0119ki dost\u0119pnym w zestawie za\u015blepkom.<\/p>\n<p><a href=\"https:\/\/sklep.hewalex.pl\/wp-content\/uploads\/2024\/11\/HEWALEX_Zestaw-do-odprowadzania-skroplin_Instrukcja-obslugi_23-04-2024.pdf\"><img decoding=\"async\" class=\" wp-image-1324\" src=\"http:\/\/sklep.hewalex.pl\/wp-content\/uploads\/2018\/05\/pdf-ico-300x300.png\" alt=\"\" width=\"34\" height=\"34\" \/>\u00a0 Instrukcja obs\u0142ugi &#8211; Zestaw do odprowadzania skroplin w basenowej pompie ciep\u0142a<\/a><\/p>\n","protected":false},"excerpt":{"rendered":"<p>Zestaw do odprowadzania skroplin zosta\u0142 zaprojektowany do efektywnego usuwania skroplin powstaj\u0105cych podczas pracy basenowych pomp ciep\u0142a.<\/p>\n<p>Zestaw kompatybilny jest ze wszystkimi modelami basenowych pomp ciep\u0142a serii <strong>PCWB<\/strong> oraz <strong>PCWBi<\/strong>.<\/p>\n","protected":false},"featured_media":40846,"comment_status":"closed","ping_status":"closed","template":"","meta":[],"product_brand":[],"product_cat":[187,190],"product_tag":[],"class_list":{"0":"post-40759","1":"product","2":"type-product","3":"status-publish","4":"has-post-thumbnail","6":"product_cat-pompy-ciepla-pcwb","7":"product_cat-osprzet-dodatkowy-pompy","8":"product_shipping_class-box","10":"first","11":"instock","12":"taxable","13":"shipping-taxable","14":"purchasable","15":"product-type-simple"},"_links":{"self":[{"href":"https:\/\/sklep.hewalex.pl\/pl\/wp-json\/wp\/v2\/product\/40759","targetHints":{"allow":["GET"]}}],"collection":[{"href":"https:\/\/sklep.hewalex.pl\/pl\/wp-json\/wp\/v2\/product"}],"about":[{"href":"https:\/\/sklep.hewalex.pl\/pl\/wp-json\/wp\/v2\/types\/product"}],"replies":[{"embeddable":true,"href":"https:\/\/sklep.hewalex.pl\/pl\/wp-json\/wp\/v2\/comments?post=40759"}],"wp:featuredmedia":[{"embeddable":true,"href":"https:\/\/sklep.hewalex.pl\/pl\/wp-json\/wp\/v2\/media\/40846"}],"wp:attachment":[{"href":"https:\/\/sklep.hewalex.pl\/pl\/wp-json\/wp\/v2\/media?parent=40759"}],"wp:term":[{"taxonomy":"product_brand","embeddable":true,"href":"https:\/\/sklep.hewalex.pl\/pl\/wp-json\/wp\/v2\/product_brand?post=40759"},{"taxonomy":"product_cat","embeddable":true,"href":"https:\/\/sklep.hewalex.pl\/pl\/wp-json\/wp\/v2\/product_cat?post=40759"},{"taxonomy":"product_tag","embeddable":true,"href":"https:\/\/sklep.hewalex.pl\/pl\/wp-json\/wp\/v2\/product_tag?post=40759"}],"curies":[{"name":"wp","href":"https:\/\/api.w.org\/{rel}","templated":true}]}}