{"id":4048,"date":"2020-03-18T11:44:12","date_gmt":"2020-03-18T10:44:12","guid":{"rendered":"https:\/\/sklep.hewalex.pl\/?post_type=product&#038;p=4048"},"modified":"2026-04-04T00:22:54","modified_gmt":"2026-04-03T22:22:54","slug":"klimakonwektor-przypodlogowy-bm450","status":"publish","type":"product","link":"https:\/\/sklep.hewalex.pl\/pl\/produkt\/klimakonwektor-przypodlogowy-bm450\/","title":{"rendered":"BM450 Klimakonwektor przypod\u0142ogowy"},"content":{"rendered":"<p>Klimakonwektor przypod\u0142ogowy Hewalex <strong>BM450<\/strong> oferuje doskona\u0142\u0105 wydajno\u015b\u0107 przy jednoczesnym zachowaniu niskiego poziomu ha\u0142asu. Jego nowoczesny design i wysoka efektywno\u015b\u0107 energetyczna sprawiaj\u0105, \u017ce jest on idealnym rozwi\u0105zaniem dla os\u00f3b ceni\u0105cych sobie komfort i oszcz\u0119dno\u015b\u0107 energii. Dzi\u0119ki jego wszechstronnym zastosowaniu, idealnie wpasowuje si\u0119 do ka\u017cdego rodzaju pomieszczenia. Dzi\u0119ki wsp\u00f3\u0142pracy z kot\u0142em grzewczym mo\u017cliwe jest ogrzewanie pomieszcze\u0144, natomiast z pomp\u0105 ciep\u0142a dodatkowo mo\u017cna aktywnie je sch\u0142adza\u0107. Urz\u0105dzenie posiada wbudowany filtr powietrza, kt\u00f3ry wspomaga oczyszczanie powietrza. Klimakonwektor ma mo\u017cliwo\u015b\u0107 wykorzystania standardowej 2-rurowej instalacji grzewczej, przy mo\u017cliwo\u015bci pod\u0142\u0105czenia hydraulicznego z lewej strony. Mo\u017ce by\u0107 on wykorzystywany zar\u00f3wno w nowych instalacjach niskotemperaturowych jak i modernizowanych.<\/p>\n<h2>Korzy\u015bci z zastosowania klimakonwektor\u00f3w:<\/h2>\n<ul>\n<li>wysoki poziom komfortu cieplnego latem i zim\u0105<\/li>\n<li>wysoka wydajno\u015b\u0107 grzewcza i ch\u0142odnicza<\/li>\n<li>wymuszona cyrkulacja powietrza w pomieszczeniu<\/li>\n<li>filtracja powietrza cyrkulacyjnego<\/li>\n<li>wykorzystanie 2-rurowej tradycyjnej instalacji grzewczej<\/li>\n<li>zast\u0105pienie grzejnik\u00f3w i oddzielnej klimatyzacji<\/li>\n<li>ni\u017csza temperatura zasilania ni\u017c grzejnik\u00f3w<\/li>\n<li>cicha praca<\/li>\n<li>trwa\u0142a i odporna na warunki pracy konstrukcja<\/li>\n<li>nowoczesny i uniwersalny design<\/li>\n<\/ul>\n<h2>Pliki do pobrania:<\/h2>\n<p><a href=\"https:\/\/sklep.hewalex.pl\/wp-content\/uploads\/2026\/01\/hewalex-klimakonwektor-serii-BM-obsluga-i-montaz-16.12.2025.pdf\" data-wp-editing=\"1\"><img decoding=\"async\" class=\" wp-image-1324\" src=\"http:\/\/sklep.hewalex.pl\/wp-content\/uploads\/2018\/05\/pdf-ico-300x300.png\" alt=\"\" width=\"34\" height=\"34\" \/> Instrukcja obs\u0142ugi i monta\u017cu klimakonwektor\u00f3w serii BM<\/a><\/p>\n<p><a href=\"https:\/\/sklep.hewalex.pl\/wp-content\/uploads\/2020\/03\/Informator-produktowy_BM450-2.pdf\"><img decoding=\"async\" class=\" wp-image-1324\" src=\"http:\/\/sklep.hewalex.pl\/wp-content\/uploads\/2018\/05\/pdf-ico-300x300.png\" alt=\"\" width=\"34\" height=\"34\" \/> Informator produktowy\u00a0&#8211; klimakonwektor BM450<\/a><\/p>\n<p><img decoding=\"async\" class=\" wp-image-1324\" src=\"http:\/\/sklep.hewalex.pl\/wp-content\/uploads\/2018\/05\/pdf-ico-300x300.png\" alt=\"\" width=\"34\" height=\"34\" \/> <a href=\"https:\/\/sklep.hewalex.pl\/wp-content\/uploads\/2022\/03\/HEWALEX_klimakonwektory_Karta_Gwarancyjna_04-03-2022.pdf\">Karta gwarancyjna &#8211; klimakonwektory serii BM<\/a><\/p>\n<p><a href=\"https:\/\/sklep.hewalex.pl\/wp-content\/uploads\/2026\/01\/2025_Ulotka-A4_Klimakonwektory_12_2025_v1_www-1.pdf\"><img decoding=\"async\" class=\" wp-image-1324\" src=\"http:\/\/sklep.hewalex.pl\/wp-content\/uploads\/2018\/05\/pdf-ico-300x300.png\" alt=\"\" width=\"34\" height=\"34\" \/> Ulotka &#8211; klimakonwektory przypod\u0142ogowe serii BM<\/a><\/p>\n","protected":false},"excerpt":{"rendered":"<p>Klimakonwektor przypod\u0142ogowy <strong>BM450<\/strong> to nowoczesne i efektywne urz\u0105dzenie, kt\u00f3re \u015bwietnie sprawdzi si\u0119 w instalacji wodnej 2-rurowej. W po\u0142\u0105czeniu z pomp\u0105 ciep\u0142a s\u0142u\u017cy do ogrzewania jak r\u00f3wnie\u017c ch\u0142odzenia pomieszcze\u0144. Dzi\u0119ki swojej konstrukcji jest niezwykle wszechstronny i \u0142atwy w instalacji. Klimakonwektor BM450 znajdzie swoje zastosowanie w pomieszczeniach mieszkalnych, us\u0142ugowych, a nawet komercyjnych zapewniaj\u0105c komfortow\u0105 temperatur\u0119 pomieszcze\u0144 przez ca\u0142y rok.<\/p>\n","protected":false},"featured_media":41808,"comment_status":"closed","ping_status":"closed","template":"","meta":[],"product_brand":[],"product_cat":[191],"product_tag":[],"class_list":{"0":"post-4048","1":"product","2":"type-product","3":"status-publish","4":"has-post-thumbnail","6":"product_cat-klimakonwektory","7":"product_shipping_class-pallet","9":"first","10":"outofstock","11":"taxable","12":"shipping-taxable","13":"purchasable","14":"product-type-simple"},"_links":{"self":[{"href":"https:\/\/sklep.hewalex.pl\/pl\/wp-json\/wp\/v2\/product\/4048","targetHints":{"allow":["GET"]}}],"collection":[{"href":"https:\/\/sklep.hewalex.pl\/pl\/wp-json\/wp\/v2\/product"}],"about":[{"href":"https:\/\/sklep.hewalex.pl\/pl\/wp-json\/wp\/v2\/types\/product"}],"replies":[{"embeddable":true,"href":"https:\/\/sklep.hewalex.pl\/pl\/wp-json\/wp\/v2\/comments?post=4048"}],"wp:featuredmedia":[{"embeddable":true,"href":"https:\/\/sklep.hewalex.pl\/pl\/wp-json\/wp\/v2\/media\/41808"}],"wp:attachment":[{"href":"https:\/\/sklep.hewalex.pl\/pl\/wp-json\/wp\/v2\/media?parent=4048"}],"wp:term":[{"taxonomy":"product_brand","embeddable":true,"href":"https:\/\/sklep.hewalex.pl\/pl\/wp-json\/wp\/v2\/product_brand?post=4048"},{"taxonomy":"product_cat","embeddable":true,"href":"https:\/\/sklep.hewalex.pl\/pl\/wp-json\/wp\/v2\/product_cat?post=4048"},{"taxonomy":"product_tag","embeddable":true,"href":"https:\/\/sklep.hewalex.pl\/pl\/wp-json\/wp\/v2\/product_tag?post=4048"}],"curies":[{"name":"wp","href":"https:\/\/api.w.org\/{rel}","templated":true}]}}