{"id":36774,"date":"2023-11-13T08:22:01","date_gmt":"2023-11-13T07:22:01","guid":{"rendered":"https:\/\/sklep.hewalex.pl\/?post_type=product&#038;p=36774"},"modified":"2026-04-06T09:50:22","modified_gmt":"2026-04-06T07:50:22","slug":"przekladnik-pradowy-z-dzielonym-rdzeniem-sct019s","status":"publish","type":"product","link":"https:\/\/sklep.hewalex.pl\/pl\/produkt\/przekladnik-pradowy-z-dzielonym-rdzeniem-sct019s\/","title":{"rendered":"Przek\u0142adnik pr\u0105dowy z dzielonym rdzeniem SCT019s"},"content":{"rendered":"<h4 class=\"heading-primary mt-xlg\">Zastosowanie przek\u0142adnik\u00f3w pr\u0105dowych SCT019s:<\/h4>\n<div class=\"col-xs-12\">\n<ul>\n<li>Dla uk\u0142ad\u00f3w pomiarowych napi\u0119cia i nat\u0119\u017cenia pr\u0105du: maksymalnie do <strong>300 A<\/strong>\u00a0(moc mierzona do\u00a0<strong>69 kW dla 1 fazy<\/strong>);<\/li>\n<li>W przypadku instalacji 3-fazowej maksymalna moc przy\u0142\u0105czeniowa budynku: ok. 69 x 3 =\u00a0<strong>207 kW<\/strong>;<\/li>\n<li>Wymagane zastosowanie <strong>4 przek\u0142adnik\u00f3w<\/strong> w przypadku inwertera 3-fazowego i instalacji elektrycznej 3-fazowej<\/li>\n<\/ul>\n<h4 class=\"heading-primary mt-xlg\">Dob\u00f3r i zabudowa przek\u0142adnik\u00f3w pr\u0105dowych w instalacji elektrycznej z inwerterem (falownikiem) instalacji fotowoltaicznej<\/h4>\n<div class=\"features-product\">\n<div class=\"features-product__repeater\">\n<div class=\"container reverse\">\n<div class=\"item\">\n<div class=\"item__desc\">\n<p>Liczba przek\u0142adnik\u00f3w niezb\u0119dnych do zastosowania jest zale\u017cna od liczby faz w wewn\u0119trznej instalacji elektrycznej. Przek\u0142adniki pr\u0105dowe nale\u017cy zainstalowa\u0107 zgodnie z ich przeznaczeniem i schematem wg instrukcji monta\u017cu i uruchomienia systemu OPTI-ENER.<\/p>\n<\/div>\n<\/div>\n<\/div>\n<\/div>\n<\/div>\n<p>&nbsp;<\/p>\n<p class=\"heading-primary mt-xlg\">\u00a0<img decoding=\"async\" class=\" wp-image-1324\" src=\"https:\/\/sklep.hewalex.pl\/wp-content\/uploads\/2018\/05\/pdf-ico-300x300.png\" alt=\"\" width=\"31\" height=\"31\" \/> <a href=\"https:\/\/sklep.hewalex.pl\/wp-content\/uploads\/2023\/11\/Karta_produktu_przekladnik_SCT019S_EN.pdf\">Karta produktu &#8211; przek\u0142adnik pr\u0105dowy\u00a0SCT019S<\/a><\/p>\n<\/div>\n","protected":false},"excerpt":{"rendered":"<p>Przek\u0142adnik pr\u0105dowy z dzielonym rdzeniem SCT019S stanowi niezb\u0119dne wyposa\u017cenie systemu OPTI-ENER 2.0 dla dokonywania pomiar\u00f3w nat\u0119\u017cenia pr\u0105du bezpo\u015brednio na przy\u0142\u0105czach elektrycznych inwertera i fazach wewn\u0119trznej instalacji elektrycznej w budynku.<\/p>\n","protected":false},"featured_media":36773,"comment_status":"closed","ping_status":"closed","template":"","meta":[],"product_brand":[],"product_cat":[180,107],"product_tag":[110],"class_list":{"0":"post-36774","1":"product","2":"type-product","3":"status-publish","4":"has-post-thumbnail","6":"product_cat-system-opti-ener","7":"product_cat-akcesoria","8":"product_tag-przekladnik-pradowy","9":"product_shipping_class-box","11":"first","12":"instock","13":"taxable","14":"shipping-taxable","15":"purchasable","16":"product-type-simple"},"_links":{"self":[{"href":"https:\/\/sklep.hewalex.pl\/pl\/wp-json\/wp\/v2\/product\/36774","targetHints":{"allow":["GET"]}}],"collection":[{"href":"https:\/\/sklep.hewalex.pl\/pl\/wp-json\/wp\/v2\/product"}],"about":[{"href":"https:\/\/sklep.hewalex.pl\/pl\/wp-json\/wp\/v2\/types\/product"}],"replies":[{"embeddable":true,"href":"https:\/\/sklep.hewalex.pl\/pl\/wp-json\/wp\/v2\/comments?post=36774"}],"wp:featuredmedia":[{"embeddable":true,"href":"https:\/\/sklep.hewalex.pl\/pl\/wp-json\/wp\/v2\/media\/36773"}],"wp:attachment":[{"href":"https:\/\/sklep.hewalex.pl\/pl\/wp-json\/wp\/v2\/media?parent=36774"}],"wp:term":[{"taxonomy":"product_brand","embeddable":true,"href":"https:\/\/sklep.hewalex.pl\/pl\/wp-json\/wp\/v2\/product_brand?post=36774"},{"taxonomy":"product_cat","embeddable":true,"href":"https:\/\/sklep.hewalex.pl\/pl\/wp-json\/wp\/v2\/product_cat?post=36774"},{"taxonomy":"product_tag","embeddable":true,"href":"https:\/\/sklep.hewalex.pl\/pl\/wp-json\/wp\/v2\/product_tag?post=36774"}],"curies":[{"name":"wp","href":"https:\/\/api.w.org\/{rel}","templated":true}]}}