{"id":36421,"date":"2023-10-16T08:29:28","date_gmt":"2023-10-16T06:29:28","guid":{"rendered":"https:\/\/sklep.hewalex.pl\/?post_type=product&#038;p=36421"},"modified":"2026-04-11T19:20:10","modified_gmt":"2026-04-11T17:20:10","slug":"modul-kontrolny-bms-pylontech-force-fc0500m-v2","status":"publish","type":"product","link":"https:\/\/sklep.hewalex.pl\/pl\/produkt\/modul-kontrolny-bms-pylontech-force-fc0500m-v2\/","title":{"rendered":"MODU\u0141 KONTROLNY BMS PYLONTECH FORCE FC0500M-V2"},"content":{"rendered":"<p>Force H2 to wysokonapi\u0119ciowy system magazynowania energii oparty wykonany w technologii litowo-jonowej, kt\u00f3ry jest jednym z najnowszych produkt\u00f3w przeznaczonych do magazynowania energii opracowanych i produkowanych przez Pylontech. Mo\u017ce by\u0107 wykorzystywany do niezawodnego dostarczania mocy dla r\u00f3\u017cnych typ\u00f3w urz\u0105dze\u0144 i system\u00f3w. Force H2 umo\u017cliwia pod\u0142\u0105czenie r\u00f3wnoleg\u0142e modu\u0142\u00f3w baterii, kt\u00f3ry zapewnia ogromn\u0105 elastyczno\u015b\u0107 w projektowaniu i konfiguracji systemu. Force H2 jest szczeg\u00f3lnie odpowiedni dla tych zastosowa\u0144, kt\u00f3re wymagaj\u0105 du\u017cej mocy, ograniczonej przestrzeni monta\u017cowej, ograniczonej no\u015bno\u015bci i d\u0142ugiej \u017cywotno\u015bci.<\/p>\n<p>Pojedynczy modu\u0142 kontrolny BMS pozwala na pod\u0142\u0105czenie od 2 do 4 sztuk modu\u0142\u00f3w baterii Pylontech Force H2. System umo\u017cliwia konfiguracj\u0119 do 6 sztuk modu\u0142\u00f3w kontrolnych BMS pod\u0142\u0105czonych r\u00f3wnolegle.<\/p>\n<p>&nbsp;<\/p>\n<p><a href=\"https:\/\/sklep.hewalex.pl\/asystent-konfiguracji\/\"><img decoding=\"async\" class=\"alignnone size-large wp-image-4762\" src=\"https:\/\/sklep.hewalex.pl\/wp-content\/uploads\/2020\/04\/asystent-konfiguracji-700x76.png\" alt=\"\" width=\"700\" height=\"76\" srcset=\"https:\/\/sklep.hewalex.pl\/wp-content\/uploads\/2020\/04\/asystent-konfiguracji-700x76.png 700w, https:\/\/sklep.hewalex.pl\/wp-content\/uploads\/2020\/04\/asystent-konfiguracji-600x65.png 600w, https:\/\/sklep.hewalex.pl\/wp-content\/uploads\/2020\/04\/asystent-konfiguracji-640x69.png 640w, https:\/\/sklep.hewalex.pl\/wp-content\/uploads\/2020\/04\/asystent-konfiguracji-400x43.png 400w\" sizes=\"(max-width: 700px) 100vw, 700px\" \/><\/a><\/p>\n<h2>Do pobrania:<\/h2>\n<p><a href=\"https:\/\/sklep.hewalex.pl\/wp-content\/uploads\/2022\/09\/Hewalex_Pylontech_Modul_baterii_Pylontech_Force_H2_FH9637M_Karta_katalogowa_01-10-2023.pdf\" data-wp-editing=\"1\"><img decoding=\"async\" class=\" wp-image-1324\" src=\"http:\/\/sklep.hewalex.pl\/wp-content\/uploads\/2018\/05\/pdf-ico-300x300.png\" alt=\"\" width=\"34\" height=\"34\" \/> Hewalex_Pylontech_Modu\u0142 baterii Pylontech Force H2 FH9637M_Karta katalogowa_01-10-2023.pdf<\/a><\/p>\n<p><a href=\"https:\/\/sklep.hewalex.pl\/wp-content\/uploads\/2022\/09\/Hewalex_Pylontech_Modul_baterii_Pylontech_Force_H2_FH9637M_Instrukcja_obslugi_10-10-2023_1.pdf\"><img decoding=\"async\" class=\" wp-image-1324\" src=\"http:\/\/sklep.hewalex.pl\/wp-content\/uploads\/2018\/05\/pdf-ico-300x300.png\" alt=\"\" width=\"34\" height=\"34\" \/> Hewalex_Pylontech_Modu\u0142 baterii Pylontech Force H2 FH9637M_Instrukcja obs\u0142ugi.pdf<\/a><\/p>\n","protected":false},"excerpt":{"rendered":"<p>Modu\u0142 kontrolny BMS jest niezb\u0119dnym elementem pozwalaj\u0105cym na pod\u0142\u0105czenie modu\u0142\u00f3w bateryjnych Pylontech Force H2 do tr\u00f3jfazowych hybrydowych falownik\u00f3w Solis. W nowej, ulepszonej wersji modu\u0142y kontrolne mo\u017cna \u0142\u0105czy\u0107 r\u00f3wnolegle z pozosta\u0142ymi grupami do maksymalnie 6 sztuk.<\/p>\n<p>Sam modu\u0142 pe\u0142ni funkcje zarz\u0105dzaj\u0105ce w systemie wyposa\u017conym w akumulatory. Tylko do wsp\u00f3\u0142pracy z <a href=\"https:\/\/sklep.hewalex.pl\/pl\/produkt\/modul-baterii-pylontech-force-h2-fh9637m\/\">modu\u0142ami bateryjnymi Force H2<\/a>. W komplecie znajduje si\u0119 tak\u017ce okablowanie i podstawka.<\/p>\n<p><strong>UWAGA! Minimalna ilo\u015b\u0107 modu\u0142\u00f3w baterii Pylontech Force H2 pod jeden modu\u0142 kontrolny to 2 sztuki, a maksymalna to 4.<\/strong><\/p>\n","protected":false},"featured_media":42633,"comment_status":"closed","ping_status":"closed","template":"","meta":[],"product_brand":[],"product_cat":[131,299],"product_tag":[],"class_list":{"0":"post-36421","1":"product","2":"type-product","3":"status-publish","4":"has-post-thumbnail","6":"product_cat-fotowoltaika","7":"product_cat-magazyny-energii","8":"product_shipping_class-pallet","10":"first","11":"instock","12":"taxable","13":"shipping-taxable","14":"purchasable","15":"product-type-simple"},"_links":{"self":[{"href":"https:\/\/sklep.hewalex.pl\/pl\/wp-json\/wp\/v2\/product\/36421","targetHints":{"allow":["GET"]}}],"collection":[{"href":"https:\/\/sklep.hewalex.pl\/pl\/wp-json\/wp\/v2\/product"}],"about":[{"href":"https:\/\/sklep.hewalex.pl\/pl\/wp-json\/wp\/v2\/types\/product"}],"replies":[{"embeddable":true,"href":"https:\/\/sklep.hewalex.pl\/pl\/wp-json\/wp\/v2\/comments?post=36421"}],"wp:featuredmedia":[{"embeddable":true,"href":"https:\/\/sklep.hewalex.pl\/pl\/wp-json\/wp\/v2\/media\/42633"}],"wp:attachment":[{"href":"https:\/\/sklep.hewalex.pl\/pl\/wp-json\/wp\/v2\/media?parent=36421"}],"wp:term":[{"taxonomy":"product_brand","embeddable":true,"href":"https:\/\/sklep.hewalex.pl\/pl\/wp-json\/wp\/v2\/product_brand?post=36421"},{"taxonomy":"product_cat","embeddable":true,"href":"https:\/\/sklep.hewalex.pl\/pl\/wp-json\/wp\/v2\/product_cat?post=36421"},{"taxonomy":"product_tag","embeddable":true,"href":"https:\/\/sklep.hewalex.pl\/pl\/wp-json\/wp\/v2\/product_tag?post=36421"}],"curies":[{"name":"wp","href":"https:\/\/api.w.org\/{rel}","templated":true}]}}