{"id":35075,"date":"2023-07-13T14:10:07","date_gmt":"2023-07-13T12:10:07","guid":{"rendered":"https:\/\/sklep.hewalex.pl\/?post_type=product&#038;p=35075"},"modified":"2023-08-02T12:43:12","modified_gmt":"2023-08-02T10:43:12","slug":"lezak-hewalex-z-twoim-logo","status":"publish","type":"product","link":"https:\/\/sklep.hewalex.pl\/pl\/produkt\/lezak-hewalex-z-twoim-logo\/","title":{"rendered":"Le\u017cak Hewalex z Twoim logo"},"content":{"rendered":"<p>Szczeg\u00f3\u0142y odno\u015bnie mo\u017cliwo\u015bci personalizacji le\u017cak\u00f3w ustalane indywidualnie.<\/p>\n<p>Wymiary techniczne:<\/p>\n<ul>\n<li>po z\u0142o\u017ceniu le\u017cak ma 123\/58 cm<\/li>\n<li>pole zadruku 130\/45 cm<\/li>\n<li>drewno 32\/22 mm<\/li>\n<li>zaokr\u0105glone \u0142agodnie kraw\u0119dzie<\/li>\n<\/ul>\n","protected":false},"excerpt":{"rendered":"<p>Le\u017caki klasyczne bez pod\u0142okietnika. Wykonane zosta\u0142y z twardego drewna bukowego. Posiadaj\u0105 tr\u00f3jstopniow\u0105 regulacj\u0119 oraz zabezpieczenie przed samoczynnym z\u0142o\u017ceniem.<\/p>\n<div>\n<div class=\"description woocommerce-product-details__short-description\">\n<p>Czas realizacji zam\u00f3wienia: 10 dni roboczych<\/p>\n<\/div>\n<\/div>\n","protected":false},"featured_media":35074,"comment_status":"closed","ping_status":"closed","template":"","meta":[],"product_brand":[],"product_cat":[232],"product_tag":[],"class_list":{"0":"post-35075","1":"product","2":"type-product","3":"status-publish","4":"has-post-thumbnail","6":"product_cat-gadzety","7":"product_shipping_class-box","9":"first","10":"instock","11":"taxable","12":"shipping-taxable","13":"purchasable","14":"product-type-simple"},"_links":{"self":[{"href":"https:\/\/sklep.hewalex.pl\/pl\/wp-json\/wp\/v2\/product\/35075","targetHints":{"allow":["GET"]}}],"collection":[{"href":"https:\/\/sklep.hewalex.pl\/pl\/wp-json\/wp\/v2\/product"}],"about":[{"href":"https:\/\/sklep.hewalex.pl\/pl\/wp-json\/wp\/v2\/types\/product"}],"replies":[{"embeddable":true,"href":"https:\/\/sklep.hewalex.pl\/pl\/wp-json\/wp\/v2\/comments?post=35075"}],"wp:featuredmedia":[{"embeddable":true,"href":"https:\/\/sklep.hewalex.pl\/pl\/wp-json\/wp\/v2\/media\/35074"}],"wp:attachment":[{"href":"https:\/\/sklep.hewalex.pl\/pl\/wp-json\/wp\/v2\/media?parent=35075"}],"wp:term":[{"taxonomy":"product_brand","embeddable":true,"href":"https:\/\/sklep.hewalex.pl\/pl\/wp-json\/wp\/v2\/product_brand?post=35075"},{"taxonomy":"product_cat","embeddable":true,"href":"https:\/\/sklep.hewalex.pl\/pl\/wp-json\/wp\/v2\/product_cat?post=35075"},{"taxonomy":"product_tag","embeddable":true,"href":"https:\/\/sklep.hewalex.pl\/pl\/wp-json\/wp\/v2\/product_tag?post=35075"}],"curies":[{"name":"wp","href":"https:\/\/api.w.org\/{rel}","templated":true}]}}