{"id":34294,"date":"2023-05-31T13:23:55","date_gmt":"2023-05-31T11:23:55","guid":{"rendered":"https:\/\/sklep.hewalex.pl\/?post_type=product&#038;p=34294"},"modified":"2026-04-06T05:35:08","modified_gmt":"2026-04-06T03:35:08","slug":"rozlacznik-izolacyjny-ex9ip-4p-32a","status":"publish","type":"product","link":"https:\/\/sklep.hewalex.pl\/pl\/produkt\/rozlacznik-izolacyjny-ex9ip-4p-32a\/","title":{"rendered":"Roz\u0142\u0105cznik izolacyjny Ex9IP 4P 32A"},"content":{"rendered":"<p>Roz\u0142\u0105czniki izolacyjne DC Ex9IP mog\u0105 by\u0107 stosowane jako g\u0142\u00f3wny roz\u0142\u0105cznik w aplikacjach\u00a0 fotowoltaicznych. Aparaty testowane s\u0105 zgodnie z norm\u0105 IEC \/ EN 60947-3 i spe\u0142niaj\u0105 wymagania funkcji izolacyjnej.<\/p>\n<p>&nbsp;<\/p>\n<p><img decoding=\"async\" class=\" wp-image-1324\" src=\"http:\/\/sklep.hewalex.pl\/wp-content\/uploads\/2018\/05\/pdf-ico-300x300.png\" alt=\"\" width=\"34\" height=\"34\" \/> <a href=\"https:\/\/sklep.hewalex.pl\/wp-content\/uploads\/2023\/05\/Hewalex_Noark_rozlacznik_izolacyjny-Ex9IP4P32A_karta_produktu_23-05-2023-1.pdf\">Informator produktowy &#8211; Roz\u0142\u0105cznik izolacyjny Ex9IP 4P 32A<\/a><\/p>\n<p>&nbsp;<\/p>\n<p><a href=\"https:\/\/sklep.hewalex.pl\/asystent-konfiguracji\/\"><img decoding=\"async\" class=\"alignnone size-large wp-image-4762\" src=\"https:\/\/sklep.hewalex.pl\/wp-content\/uploads\/2020\/04\/asystent-konfiguracji-700x76.png\" alt=\"\" width=\"700\" height=\"76\" srcset=\"https:\/\/sklep.hewalex.pl\/wp-content\/uploads\/2020\/04\/asystent-konfiguracji-700x76.png 700w, https:\/\/sklep.hewalex.pl\/wp-content\/uploads\/2020\/04\/asystent-konfiguracji-600x65.png 600w, https:\/\/sklep.hewalex.pl\/wp-content\/uploads\/2020\/04\/asystent-konfiguracji-640x69.png 640w, https:\/\/sklep.hewalex.pl\/wp-content\/uploads\/2020\/04\/asystent-konfiguracji-400x43.png 400w\" sizes=\"(max-width: 700px) 100vw, 700px\" \/><\/a><\/p>\n","protected":false},"excerpt":{"rendered":"<p>Roz\u0142\u0105cznik ten s\u0142u\u017cy do bezpiecznego przerwania po\u0142\u0105czenia pomi\u0119dzy inwerterem a magazynem energii. Produkt kompatybilny z seri\u0105 magazyn\u00f3w energii Force H2.<\/p>\n<p>UWAGA:\u00a0Roz\u0142\u0105cznik wsp\u00f3\u0142pracuje z magazynami energii Pylontech Force H2, ale <strong>nie wsp\u00f3\u0142pracuje<\/strong> z magazynami energii Pylontech Force H3.<\/p>\n","protected":false},"featured_media":42695,"comment_status":"closed","ping_status":"closed","template":"","meta":[],"product_brand":[],"product_cat":[131,299],"product_tag":[],"class_list":{"0":"post-34294","1":"product","2":"type-product","3":"status-publish","4":"has-post-thumbnail","6":"product_cat-fotowoltaika","7":"product_cat-magazyny-energii","8":"product_shipping_class-box","10":"first","11":"instock","12":"taxable","13":"shipping-taxable","14":"purchasable","15":"product-type-simple"},"_links":{"self":[{"href":"https:\/\/sklep.hewalex.pl\/pl\/wp-json\/wp\/v2\/product\/34294","targetHints":{"allow":["GET"]}}],"collection":[{"href":"https:\/\/sklep.hewalex.pl\/pl\/wp-json\/wp\/v2\/product"}],"about":[{"href":"https:\/\/sklep.hewalex.pl\/pl\/wp-json\/wp\/v2\/types\/product"}],"replies":[{"embeddable":true,"href":"https:\/\/sklep.hewalex.pl\/pl\/wp-json\/wp\/v2\/comments?post=34294"}],"wp:featuredmedia":[{"embeddable":true,"href":"https:\/\/sklep.hewalex.pl\/pl\/wp-json\/wp\/v2\/media\/42695"}],"wp:attachment":[{"href":"https:\/\/sklep.hewalex.pl\/pl\/wp-json\/wp\/v2\/media?parent=34294"}],"wp:term":[{"taxonomy":"product_brand","embeddable":true,"href":"https:\/\/sklep.hewalex.pl\/pl\/wp-json\/wp\/v2\/product_brand?post=34294"},{"taxonomy":"product_cat","embeddable":true,"href":"https:\/\/sklep.hewalex.pl\/pl\/wp-json\/wp\/v2\/product_cat?post=34294"},{"taxonomy":"product_tag","embeddable":true,"href":"https:\/\/sklep.hewalex.pl\/pl\/wp-json\/wp\/v2\/product_tag?post=34294"}],"curies":[{"name":"wp","href":"https:\/\/api.w.org\/{rel}","templated":true}]}}