{"id":3315,"date":"2020-02-07T11:36:58","date_gmt":"2020-02-07T10:36:58","guid":{"rendered":"https:\/\/sklep.hewalex.pl\/?post_type=product&#038;p=3315"},"modified":"2026-04-13T00:01:39","modified_gmt":"2026-04-12T22:01:39","slug":"zawor-trojdrogowy-ckf-3325","status":"publish","type":"product","link":"https:\/\/sklep.hewalex.pl\/pl\/produkt\/zawor-trojdrogowy-ckf-3325\/","title":{"rendered":"Zaw\u00f3r tr\u00f3jdrogowy CKF 3325"},"content":{"rendered":"<p>Zaw\u00f3r mo\u017cna pod\u0142\u0105czy\u0107 w ka\u017cdym miejscu ruroci\u0105gu . Nale\u017cy jedynie zadba\u0107, aby by\u0142 dost\u0119p do konserwacji i ewentualnej wymiany sterownika. Dzi\u0119ki mo\u017cliwo\u015bci \u0142atwej integracji z systemami automatyki, zaw\u00f3r tr\u00f3jdrogowy jest idealnym rozwi\u0105zaniem zar\u00f3wno dla instalacji przemys\u0142owych jak i domowych. Kompaktowa konstrukcja i prosty monta\u017c sprawiaj\u0105, \u017ce jest to niezawodny wyb\u00f3r dla ka\u017cdego, kto poszukuje rozwi\u0105zania w zarz\u0105dzaniu przep\u0142ywem medium grzewczego.<\/p>\n<h2>Cechy produktu:<\/h2>\n<ul>\n<li>Nierdzewna pokrywa mosi\u0119\u017cna o du\u017cej wytrzyma\u0142o\u015bci.<\/li>\n<li>Niska energoch\u0142onno\u015b\u0107. Pob\u00f3r mocy (4W) wy\u0142\u0105cznie podczas zmiany po\u0142o\u017cenia zaworu.<\/li>\n<li>Styk zwierny jest wewn\u0105trz, co zapewnia d\u0142ug\u0105 \u017cywotno\u015b\u0107 nap\u0119du.<\/li>\n<li>Prosta regulacja sterownika (otwarcie\/zamkni\u0119cie).<\/li>\n<li>\u0141atwo\u015b\u0107 i szybko\u015b\u0107 monta\u017cu (demonta\u017cu) si\u0142ownika do korpusu.<\/li>\n<li>Jednoznaczno\u015b\u0107 pozycji zaworu.<\/li>\n<\/ul>\n","protected":false},"excerpt":{"rendered":"<p><strong>Tr\u00f3jdrogowy zaw\u00f3r wodny CKF3325<\/strong> jest przeznaczony do sterowania przep\u0142ywem medium grzewczego w instalacjach hydraulicznych oraz grzewczych. Zaw\u00f3r CKF3325 umo\u017cliwia efektywne zarz\u0105dzanie przep\u0142ywem, pozwalaj\u0105c na zmian\u0119 kierunku przep\u0142ywu oraz prze\u0142\u0105czaj\u0105c pozycj\u0119 urz\u0105dzenia mi\u0119dzy centralnym ogrzewaniem, a ciep\u0142\u0105 wod\u0105 u\u017cytkow\u0105.<\/p>\n","protected":false},"featured_media":3316,"comment_status":"closed","ping_status":"closed","template":"","meta":[],"product_brand":[],"product_cat":[167,172],"product_tag":[],"class_list":{"0":"post-3315","1":"product","2":"type-product","3":"status-publish","4":"has-post-thumbnail","6":"product_cat-pompy-ciepla-pcco","7":"product_cat-osprzet-dodatkowy-pompy-ciepla-pcco","8":"product_shipping_class-box","10":"first","11":"instock","12":"taxable","13":"shipping-taxable","14":"purchasable","15":"product-type-simple"},"_links":{"self":[{"href":"https:\/\/sklep.hewalex.pl\/pl\/wp-json\/wp\/v2\/product\/3315","targetHints":{"allow":["GET"]}}],"collection":[{"href":"https:\/\/sklep.hewalex.pl\/pl\/wp-json\/wp\/v2\/product"}],"about":[{"href":"https:\/\/sklep.hewalex.pl\/pl\/wp-json\/wp\/v2\/types\/product"}],"replies":[{"embeddable":true,"href":"https:\/\/sklep.hewalex.pl\/pl\/wp-json\/wp\/v2\/comments?post=3315"}],"wp:featuredmedia":[{"embeddable":true,"href":"https:\/\/sklep.hewalex.pl\/pl\/wp-json\/wp\/v2\/media\/3316"}],"wp:attachment":[{"href":"https:\/\/sklep.hewalex.pl\/pl\/wp-json\/wp\/v2\/media?parent=3315"}],"wp:term":[{"taxonomy":"product_brand","embeddable":true,"href":"https:\/\/sklep.hewalex.pl\/pl\/wp-json\/wp\/v2\/product_brand?post=3315"},{"taxonomy":"product_cat","embeddable":true,"href":"https:\/\/sklep.hewalex.pl\/pl\/wp-json\/wp\/v2\/product_cat?post=3315"},{"taxonomy":"product_tag","embeddable":true,"href":"https:\/\/sklep.hewalex.pl\/pl\/wp-json\/wp\/v2\/product_tag?post=3315"}],"curies":[{"name":"wp","href":"https:\/\/api.w.org\/{rel}","templated":true}]}}