{"id":3304,"date":"2020-02-07T09:31:29","date_gmt":"2020-02-07T08:31:29","guid":{"rendered":"https:\/\/sklep.hewalex.pl\/?post_type=product&#038;p=3304"},"modified":"2026-04-08T13:13:35","modified_gmt":"2026-04-08T11:13:35","slug":"grzalka-elektryczna-2kw","status":"publish","type":"product","link":"https:\/\/sklep.hewalex.pl\/pl\/produkt\/grzalka-elektryczna-2kw\/","title":{"rendered":"Grza\u0142ka elektryczna 2kW"},"content":{"rendered":"","protected":false},"excerpt":{"rendered":"<div class=\"row\">\n<p>Grza\u0142ka elektryczna\u00a0przeznaczona jest do podgrzewania ciep\u0142ej wody u\u017cytkowej lub wody grzewczej. Mo\u017cliwe jest zastosowanie grza\u0142ki w zbiornikach wyposa\u017conych w kr\u00f3ciec\u00a06\/4\u2033.<\/p>\n<\/div>\n<div class=\"row\">\n<div class=\"col-xs-12\">\n<div class=\"featured-boxes featured-boxes-style-3\">\n<div class=\"row\">\n<div class=\"col-md-3\">\n<div class=\"featured-box featured-box-primary featured-box-effect-3\">\n<div class=\"box-content pl-sm pr-sm\"><\/div>\n<\/div>\n<\/div>\n<\/div>\n<\/div>\n<\/div>\n<\/div>\n","protected":false},"featured_media":20602,"comment_status":"closed","ping_status":"closed","template":"","meta":[],"product_brand":[],"product_cat":[167,172],"product_tag":[],"class_list":{"0":"post-3304","1":"product","2":"type-product","3":"status-publish","4":"has-post-thumbnail","6":"product_cat-pompy-ciepla-pcco","7":"product_cat-osprzet-dodatkowy-pompy-ciepla-pcco","8":"product_shipping_class-box","10":"first","11":"instock","12":"taxable","13":"shipping-taxable","14":"purchasable","15":"product-type-simple"},"_links":{"self":[{"href":"https:\/\/sklep.hewalex.pl\/pl\/wp-json\/wp\/v2\/product\/3304","targetHints":{"allow":["GET"]}}],"collection":[{"href":"https:\/\/sklep.hewalex.pl\/pl\/wp-json\/wp\/v2\/product"}],"about":[{"href":"https:\/\/sklep.hewalex.pl\/pl\/wp-json\/wp\/v2\/types\/product"}],"replies":[{"embeddable":true,"href":"https:\/\/sklep.hewalex.pl\/pl\/wp-json\/wp\/v2\/comments?post=3304"}],"wp:featuredmedia":[{"embeddable":true,"href":"https:\/\/sklep.hewalex.pl\/pl\/wp-json\/wp\/v2\/media\/20602"}],"wp:attachment":[{"href":"https:\/\/sklep.hewalex.pl\/pl\/wp-json\/wp\/v2\/media?parent=3304"}],"wp:term":[{"taxonomy":"product_brand","embeddable":true,"href":"https:\/\/sklep.hewalex.pl\/pl\/wp-json\/wp\/v2\/product_brand?post=3304"},{"taxonomy":"product_cat","embeddable":true,"href":"https:\/\/sklep.hewalex.pl\/pl\/wp-json\/wp\/v2\/product_cat?post=3304"},{"taxonomy":"product_tag","embeddable":true,"href":"https:\/\/sklep.hewalex.pl\/pl\/wp-json\/wp\/v2\/product_tag?post=3304"}],"curies":[{"name":"wp","href":"https:\/\/api.w.org\/{rel}","templated":true}]}}