{"id":3302,"date":"2020-02-07T09:25:42","date_gmt":"2020-02-07T08:25:42","guid":{"rendered":"https:\/\/sklep.hewalex.pl\/?post_type=product&#038;p=3302"},"modified":"2026-04-12T22:31:36","modified_gmt":"2026-04-12T20:31:36","slug":"grzalka-eliko-75kw-400v-6-4","status":"publish","type":"product","link":"https:\/\/sklep.hewalex.pl\/pl\/produkt\/grzalka-eliko-75kw-400v-6-4\/","title":{"rendered":"Grza\u0142ka ELIKO 7,5kW-400V-6\/4\u2033"},"content":{"rendered":"","protected":false},"excerpt":{"rendered":"<p>Grza\u0142ka elektryczna przeznaczona jest do podgrzewania ciep\u0142ej wody u\u017cytkowej lub wody grzewczej. Mo\u017cliwe jest zastosowanie grza\u0142ki w zbiornikach wyposa\u017conych w kr\u00f3ciec 6\/4\u2033.\u00a0 Wbudowany termostat pozwala na nastaw\u0119 temperatury podgrzewanej wody od 20 do 80<sup>o<\/sup>C. Moc znamionowa 3x 2500W. Napi\u0119cie zasilaj\u0105ce 230V\/400V~.<\/p>\n","protected":false},"featured_media":3431,"comment_status":"closed","ping_status":"closed","template":"","meta":[],"product_brand":[],"product_cat":[167,172],"product_tag":[],"class_list":{"0":"post-3302","1":"product","2":"type-product","3":"status-publish","4":"has-post-thumbnail","6":"product_cat-pompy-ciepla-pcco","7":"product_cat-osprzet-dodatkowy-pompy-ciepla-pcco","8":"product_shipping_class-box","10":"first","11":"instock","12":"taxable","13":"shipping-taxable","14":"purchasable","15":"product-type-simple"},"_links":{"self":[{"href":"https:\/\/sklep.hewalex.pl\/pl\/wp-json\/wp\/v2\/product\/3302","targetHints":{"allow":["GET"]}}],"collection":[{"href":"https:\/\/sklep.hewalex.pl\/pl\/wp-json\/wp\/v2\/product"}],"about":[{"href":"https:\/\/sklep.hewalex.pl\/pl\/wp-json\/wp\/v2\/types\/product"}],"replies":[{"embeddable":true,"href":"https:\/\/sklep.hewalex.pl\/pl\/wp-json\/wp\/v2\/comments?post=3302"}],"wp:featuredmedia":[{"embeddable":true,"href":"https:\/\/sklep.hewalex.pl\/pl\/wp-json\/wp\/v2\/media\/3431"}],"wp:attachment":[{"href":"https:\/\/sklep.hewalex.pl\/pl\/wp-json\/wp\/v2\/media?parent=3302"}],"wp:term":[{"taxonomy":"product_brand","embeddable":true,"href":"https:\/\/sklep.hewalex.pl\/pl\/wp-json\/wp\/v2\/product_brand?post=3302"},{"taxonomy":"product_cat","embeddable":true,"href":"https:\/\/sklep.hewalex.pl\/pl\/wp-json\/wp\/v2\/product_cat?post=3302"},{"taxonomy":"product_tag","embeddable":true,"href":"https:\/\/sklep.hewalex.pl\/pl\/wp-json\/wp\/v2\/product_tag?post=3302"}],"curies":[{"name":"wp","href":"https:\/\/api.w.org\/{rel}","templated":true}]}}