{"id":32906,"date":"2023-03-14T08:29:37","date_gmt":"2023-03-14T07:29:37","guid":{"rendered":"https:\/\/sklep.hewalex.pl\/?post_type=product&#038;p=32906"},"modified":"2026-04-10T00:13:02","modified_gmt":"2026-04-09T22:13:02","slug":"profil-pv44-1vb-1134-2-szt","status":"publish","type":"product","link":"https:\/\/sklep.hewalex.pl\/pl\/produkt\/profil-pv44-1vb-1134-2-szt\/","title":{"rendered":"PROFIL PV44 1VB \u2013 1134 (2 SZT)"},"content":{"rendered":"<p>Kompletacji systemu mocowania dla okre\u015blonej liczby i sposobu zabudowy paneli PV, mo\u017cna dokona\u0107 korzystaj\u0105c z konfiguratora:<\/p>\n<p><a href=\"https:\/\/www.hewalex.pl\/kalkulator-mocowan\/\"><img decoding=\"async\" class=\"alignnone size-large wp-image-2245\" src=\"https:\/\/sklep.hewalex.pl\/wp-content\/uploads\/2019\/09\/4-baner-skompletuj-system-mocowania-gl-700x228.jpg\" alt=\"\" width=\"700\" height=\"228\" srcset=\"https:\/\/sklep.hewalex.pl\/wp-content\/uploads\/2019\/09\/4-baner-skompletuj-system-mocowania-gl-700x228.jpg 700w, https:\/\/sklep.hewalex.pl\/wp-content\/uploads\/2019\/09\/4-baner-skompletuj-system-mocowania-gl-600x195.jpg 600w, https:\/\/sklep.hewalex.pl\/wp-content\/uploads\/2019\/09\/4-baner-skompletuj-system-mocowania-gl-640x208.jpg 640w, https:\/\/sklep.hewalex.pl\/wp-content\/uploads\/2019\/09\/4-baner-skompletuj-system-mocowania-gl-400x130.jpg 400w\" sizes=\"(max-width: 700px) 100vw, 700px\" \/><\/a><\/p>\n<p><img decoding=\"async\" class=\"alignnone size-full wp-image-4859\" src=\"https:\/\/sklep.hewalex.pl\/wp-content\/uploads\/2020\/02\/workplace-skills-icons-download-free-png-and-vector-icons-311902.png\" alt=\"\" width=\"20\" height=\"20\" \/><strong> INSTRUKCJE MONTA\u017bU<\/strong> &#8211; dost\u0119pne s\u0105 na stronie hewalex.pl w <a href=\"https:\/\/www.hewalex.pl\/strefa-profesjonalisty\/do-pobrania\/dokumentacja-techniczna\/\">dziale plik\u00f3w z dokumentacj\u0105 techniczn\u0105<\/a><\/p>\n","protected":false},"excerpt":{"rendered":"<p>PROFIL PV 40\u00d740 1VB s\u0142u\u017cy do mocowania pojedynczego panela fotowoltaicznego w pozycji pionowej\u00a0 (1- na 1 panel, V- pionowo, B- bazowy). Jest przeznaczony do system\u00f3w mocowania na powierzchni p\u0142askiej oraz na dachu sko\u015bnym krytym dach\u00f3wk\u0105, blachodach\u00f3wk\u0105 lub r\u0105bkiem stoj\u0105cym. Profil mo\u017cna \u0142\u0105czy\u0107 w razie potrzeby monta\u017cu wi\u0119kszej liczby paneli w baterii \u2013 z\u00a0PROFILEM PV 40\u00d740 2VR\u00a0lub\u00a0PROFILEM PV 40\u00d740 1VR.<\/p>\n","protected":false},"featured_media":41871,"comment_status":"closed","ping_status":"closed","template":"","meta":[],"product_brand":[],"product_cat":[131,135,155,159,158,160,156],"product_tag":[],"class_list":{"0":"post-32906","1":"product","2":"type-product","3":"status-publish","4":"has-post-thumbnail","6":"product_cat-fotowoltaika","7":"product_cat-systemy-mocowania","8":"product_cat-dach-skosny","9":"product_cat-dachowka","10":"product_cat-blachodachowka","11":"product_cat-rabek","12":"product_cat-powierzchnia-plaska","13":"product_shipping_class-box","15":"first","16":"instock","17":"taxable","18":"shipping-taxable","19":"purchasable","20":"product-type-simple"},"_links":{"self":[{"href":"https:\/\/sklep.hewalex.pl\/pl\/wp-json\/wp\/v2\/product\/32906","targetHints":{"allow":["GET"]}}],"collection":[{"href":"https:\/\/sklep.hewalex.pl\/pl\/wp-json\/wp\/v2\/product"}],"about":[{"href":"https:\/\/sklep.hewalex.pl\/pl\/wp-json\/wp\/v2\/types\/product"}],"replies":[{"embeddable":true,"href":"https:\/\/sklep.hewalex.pl\/pl\/wp-json\/wp\/v2\/comments?post=32906"}],"wp:featuredmedia":[{"embeddable":true,"href":"https:\/\/sklep.hewalex.pl\/pl\/wp-json\/wp\/v2\/media\/41871"}],"wp:attachment":[{"href":"https:\/\/sklep.hewalex.pl\/pl\/wp-json\/wp\/v2\/media?parent=32906"}],"wp:term":[{"taxonomy":"product_brand","embeddable":true,"href":"https:\/\/sklep.hewalex.pl\/pl\/wp-json\/wp\/v2\/product_brand?post=32906"},{"taxonomy":"product_cat","embeddable":true,"href":"https:\/\/sklep.hewalex.pl\/pl\/wp-json\/wp\/v2\/product_cat?post=32906"},{"taxonomy":"product_tag","embeddable":true,"href":"https:\/\/sklep.hewalex.pl\/pl\/wp-json\/wp\/v2\/product_tag?post=32906"}],"curies":[{"name":"wp","href":"https:\/\/api.w.org\/{rel}","templated":true}]}}