{"id":3282,"date":"2020-02-06T14:43:10","date_gmt":"2020-02-06T13:43:10","guid":{"rendered":"https:\/\/sklep.hewalex.pl\/?post_type=product&#038;p=3282"},"modified":"2026-04-06T09:01:29","modified_gmt":"2026-04-06T07:01:29","slug":"konstrukcja-scienna-pcco-6-10-kw","status":"publish","type":"product","link":"https:\/\/sklep.hewalex.pl\/pl\/produkt\/konstrukcja-scienna-pcco-6-10-kw\/","title":{"rendered":"Konstrukcja \u015bcienna PCCO 6\/9\/10\/11"},"content":{"rendered":"<div class=\"row\">\n<div class=\"col-xs-12\">\n<div class=\"row\">\n<div class=\"col-xs-12\">\n<div class=\"row\">\n<div class=\"col-xs-12\">\n<p>Zestaw zawiera wibroizolatory do wyeliminowania drga\u0144 urz\u0105dzenia.<\/p>\n<p>D\u0142ugo\u015b\u0107 monta\u017cowa pojedynczego wspornika wynosi 550 mm, d\u0142ugo\u015b\u0107 ca\u0142kowita 700 mm.<\/p>\n<p>Nale\u017cy pami\u0119ta\u0107, \u017ce prawid\u0142owy monta\u017c jednostki zewn\u0119trznej pompy ciep\u0142a jest jednym z kluczowych aspekt\u00f3w pozwalaj\u0105cych na efektywn\u0105 prac\u0119 pompy ciep\u0142a. Przed monta\u017cem nale\u017cy zweryfikowa\u0107 no\u015bno\u015b\u0107 \u015bciany. Podczas monta\u017cu nale\u017cy wykorzysta\u0107 elementy mocuj\u0105ce o odpowiedniej wytrzyma\u0142o\u015bci.<\/p>\n<\/div>\n<\/div>\n<div class=\"row\">\n<div class=\"col-xs-12\">\n<div class=\"featured-boxes featured-boxes-style-3\">\n<div class=\"row\">\n<div class=\"col-md-3\">\n<div class=\"featured-box featured-box-primary featured-box-effect-3\">\n<div class=\"box-content pl-sm pr-sm\"><\/div>\n<\/div>\n<\/div>\n<\/div>\n<\/div>\n<\/div>\n<\/div>\n<\/div>\n<\/div>\n<div class=\"row\">\n<div class=\"col-xs-12\">\n<div class=\"featured-boxes featured-boxes-style-3\">\n<div class=\"row\">\n<div class=\"col-md-3\">\n<div class=\"featured-box featured-box-primary featured-box-effect-3\">\n<div class=\"box-content pl-sm pr-sm\"><\/div>\n<\/div>\n<\/div>\n<\/div>\n<\/div>\n<\/div>\n<\/div>\n<\/div>\n<\/div>\n","protected":false},"excerpt":{"rendered":"<p><strong>Konstrukcja \u015bcienna PCCO 6\/9\/10\/11 <\/strong>s\u0142u\u017cy do monta\u017cu jednostki zewn\u0119trznej pompy ciep\u0142a na elewacji budynku.<\/p>\n<p>Przeznaczona jest do modeli PCCO MONO 6, PCCO MONO 9 oraz PCCO MONO 11. Pasuje tak\u017ce do PCCO SPLIT 10 (poza aktualn\u0105 ofert\u0105). Maksymalny ci\u0119\u017car urz\u0105dzenia instalowanego na konstrukcji:\u00a0<strong>180 kg.<\/strong><\/p>\n<p><strong>\u00a0<\/strong><\/p>\n","protected":false},"featured_media":3283,"comment_status":"closed","ping_status":"closed","template":"","meta":[],"product_brand":[],"product_cat":[167,171],"product_tag":[],"class_list":{"0":"post-3282","1":"product","2":"type-product","3":"status-publish","4":"has-post-thumbnail","6":"product_cat-pompy-ciepla-pcco","7":"product_cat-akcesoria-do-zabudowy","8":"product_shipping_class-box","10":"first","11":"instock","12":"taxable","13":"shipping-taxable","14":"purchasable","15":"product-type-simple"},"_links":{"self":[{"href":"https:\/\/sklep.hewalex.pl\/pl\/wp-json\/wp\/v2\/product\/3282","targetHints":{"allow":["GET"]}}],"collection":[{"href":"https:\/\/sklep.hewalex.pl\/pl\/wp-json\/wp\/v2\/product"}],"about":[{"href":"https:\/\/sklep.hewalex.pl\/pl\/wp-json\/wp\/v2\/types\/product"}],"replies":[{"embeddable":true,"href":"https:\/\/sklep.hewalex.pl\/pl\/wp-json\/wp\/v2\/comments?post=3282"}],"wp:featuredmedia":[{"embeddable":true,"href":"https:\/\/sklep.hewalex.pl\/pl\/wp-json\/wp\/v2\/media\/3283"}],"wp:attachment":[{"href":"https:\/\/sklep.hewalex.pl\/pl\/wp-json\/wp\/v2\/media?parent=3282"}],"wp:term":[{"taxonomy":"product_brand","embeddable":true,"href":"https:\/\/sklep.hewalex.pl\/pl\/wp-json\/wp\/v2\/product_brand?post=3282"},{"taxonomy":"product_cat","embeddable":true,"href":"https:\/\/sklep.hewalex.pl\/pl\/wp-json\/wp\/v2\/product_cat?post=3282"},{"taxonomy":"product_tag","embeddable":true,"href":"https:\/\/sklep.hewalex.pl\/pl\/wp-json\/wp\/v2\/product_tag?post=3282"}],"curies":[{"name":"wp","href":"https:\/\/api.w.org\/{rel}","templated":true}]}}