{"id":32709,"date":"2023-03-01T15:26:01","date_gmt":"2023-03-01T14:26:01","guid":{"rendered":"https:\/\/sklep.hewalex.pl\/?post_type=product&#038;p=32709"},"modified":"2026-04-21T17:49:46","modified_gmt":"2026-04-21T15:49:46","slug":"solis-lan-wifi-data-stick-s2-wl-st","status":"publish","type":"product","link":"https:\/\/sklep.hewalex.pl\/pl\/produkt\/solis-lan-wifi-data-stick-s2-wl-st\/","title":{"rendered":"SOLIS LAN\/WIFI DATA STICK S2-WL-ST"},"content":{"rendered":"","protected":false},"excerpt":{"rendered":"<p>Opcjonalne wyposa\u017cenie przeznaczone dla inwerter\u00f3w Solis. Urz\u0105dzenie <strong>SOLIS LAN\/WIFI DATA STICK S2-WL-ST<\/strong>\u00a0pozwala na rejestrowanie i przekazywanie danych chwilowych i statystycznych z pracy inwertera za pomoc\u0105 aplikacji internetowej. Po\u0142\u0105czenie z sieci\u0105 mo\u017ce by\u0107 realizowane poprzez z\u0142\u0105cze bezprzewodowe WiFi lub przewodowe LAN.<\/p>\n<p><a href=\"https:\/\/sklep.hewalex.pl\/wp-content\/uploads\/2023\/03\/Hewalex_Wifi-stick_Konfiguracja-urzadzenia-Wifi-Stick-10-2024_rev1.pdf\"><img decoding=\"async\" class=\" wp-image-1324\" src=\"http:\/\/sklep.hewalex.pl\/wp-content\/uploads\/2018\/05\/pdf-ico-300x300.png\" alt=\"\" width=\"34\" height=\"34\" \/> Instrukcja konfiguracji SOLIS LAN\/WIFI DATA STICK S2-WL-ST &#8211; po\u0142\u0105czenie Wi-Fi<\/a><\/p>\n<p><img decoding=\"async\" class=\" wp-image-1324\" src=\"http:\/\/sklep.hewalex.pl\/wp-content\/uploads\/2018\/05\/pdf-ico-300x300.png\" alt=\"\" width=\"34\" height=\"34\" \/> <a href=\"https:\/\/sklep.hewalex.pl\/wp-content\/uploads\/2023\/03\/Konfiguracja_urzadzenia_SOLIS_S2_LAN_DATA_STICK-krok_po_kroku_LAN.pdf\">Instrukcja konfiguracji SOLIS LAN\/WIFI DATA STICK S2-WL-ST &#8211; po\u0142\u0105czenie LAN<\/a><\/p>\n<p><a href=\"https:\/\/www.youtube.com\/watch?v=x2yFtbfQZ28&amp;t\"><img decoding=\"async\" class=\"alignnone wp-image-33038 \" src=\"https:\/\/sklep.hewalex.pl\/wp-content\/uploads\/2023\/03\/yt-ico-150x150.png\" alt=\"\" width=\"37\" height=\"37\" \/> Sprawd\u017a, jak zresetowa\u0107 urz\u0105dzenie Solis WiFi Stick &#8211; Hewalex<\/a><\/p>\n<p><a href=\"https:\/\/www.youtube.com\/watch?v=z0V9WfBuSm4&amp;t\"><img decoding=\"async\" class=\"alignnone wp-image-33038 \" src=\"https:\/\/sklep.hewalex.pl\/wp-content\/uploads\/2023\/03\/yt-ico-150x150.png\" alt=\"\" width=\"37\" height=\"37\" \/> Sprawd\u017a, jak skonfigurowa\u0107 urz\u0105dzenie Solis WiFi Stick &#8211; Hewalex<\/a><\/p>\n<p>&nbsp;<\/p>\n","protected":false},"featured_media":40510,"comment_status":"closed","ping_status":"closed","template":"","meta":[],"product_brand":[],"product_cat":[348,131,138],"product_tag":[323,322],"class_list":{"0":"post-32709","1":"product","2":"type-product","3":"status-publish","4":"has-post-thumbnail","6":"product_cat-osprzet-dodatkowy-komunikacja","7":"product_cat-fotowoltaika","8":"product_cat-osprzet-dodatkowy","9":"product_tag-inwertery","10":"product_tag-inwertery-hybrydowe","11":"product_shipping_class-box","13":"first","14":"instock","15":"taxable","16":"shipping-taxable","17":"purchasable","18":"product-type-simple"},"_links":{"self":[{"href":"https:\/\/sklep.hewalex.pl\/pl\/wp-json\/wp\/v2\/product\/32709","targetHints":{"allow":["GET"]}}],"collection":[{"href":"https:\/\/sklep.hewalex.pl\/pl\/wp-json\/wp\/v2\/product"}],"about":[{"href":"https:\/\/sklep.hewalex.pl\/pl\/wp-json\/wp\/v2\/types\/product"}],"replies":[{"embeddable":true,"href":"https:\/\/sklep.hewalex.pl\/pl\/wp-json\/wp\/v2\/comments?post=32709"}],"wp:featuredmedia":[{"embeddable":true,"href":"https:\/\/sklep.hewalex.pl\/pl\/wp-json\/wp\/v2\/media\/40510"}],"wp:attachment":[{"href":"https:\/\/sklep.hewalex.pl\/pl\/wp-json\/wp\/v2\/media?parent=32709"}],"wp:term":[{"taxonomy":"product_brand","embeddable":true,"href":"https:\/\/sklep.hewalex.pl\/pl\/wp-json\/wp\/v2\/product_brand?post=32709"},{"taxonomy":"product_cat","embeddable":true,"href":"https:\/\/sklep.hewalex.pl\/pl\/wp-json\/wp\/v2\/product_cat?post=32709"},{"taxonomy":"product_tag","embeddable":true,"href":"https:\/\/sklep.hewalex.pl\/pl\/wp-json\/wp\/v2\/product_tag?post=32709"}],"curies":[{"name":"wp","href":"https:\/\/api.w.org\/{rel}","templated":true}]}}