{"id":30732,"date":"2022-10-18T11:20:31","date_gmt":"2022-10-18T09:20:31","guid":{"rendered":"https:\/\/sklep.hewalex.pl\/?post_type=product&#038;p=30732"},"modified":"2026-04-06T06:35:01","modified_gmt":"2026-04-06T04:35:01","slug":"zestaw-przewodow-do-modulu-baterii-pylontech-us3000c","status":"publish","type":"product","link":"https:\/\/sklep.hewalex.pl\/pl\/produkt\/zestaw-przewodow-do-modulu-baterii-pylontech-us3000c\/","title":{"rendered":"Zestaw przewod\u00f3w do modu\u0142u baterii PYLONTECH US3000C"},"content":{"rendered":"<p><strong>Zestaw przewod\u00f3w do modu\u0142u baterii US3000C Pylontech <\/strong>sk\u0142ada si\u0119 z trzech przewod\u00f3w: jednego do pod\u0142\u0105czenia bieguna dodatniego, jednego do pod\u0142\u0105czenia bieguna ujemnego i jednego przewodu komunikacyjnego.<\/p>\n<p>Przekr\u00f3j przewod\u00f3w dodatniego i ujemnego wynosi\u00a0<strong>AWG4<\/strong>\u00a0wed\u0142ug ameryka\u0144skiego systemu \u015brednic i przekroj\u00f3w \u017cy\u0142, co odpowiada ok. 20 mm\u00b2 w systemie europejskim, d\u0142ugo\u015b\u0107 przewod\u00f3w wynosi 2 m, szczytowa obci\u0105\u017calno\u015b\u0107 pr\u0105dowa 120 A. Przew\u00f3d komunikacyjny s\u0142u\u017cy do r\u00f3wnoleg\u0142ego po\u0142\u0105czenia mi\u0119dzy bateriami g\u0142\u00f3wnymi w celu zapewnienia przesy\u0142u danych, posiada d\u0142ugo\u015b\u0107 3 m i jest dostarczany ze z\u0142\u0105czami RJ45 (nie dotyczy komunikacji CAN).<\/p>\n<p><a href=\"https:\/\/sklep.hewalex.pl\/asystent-konfiguracji\/\"><img decoding=\"async\" class=\"alignnone size-large wp-image-4762\" src=\"https:\/\/sklep.hewalex.pl\/wp-content\/uploads\/2020\/04\/asystent-konfiguracji-700x76.png\" alt=\"\" width=\"700\" height=\"76\" srcset=\"https:\/\/sklep.hewalex.pl\/wp-content\/uploads\/2020\/04\/asystent-konfiguracji-700x76.png 700w, https:\/\/sklep.hewalex.pl\/wp-content\/uploads\/2020\/04\/asystent-konfiguracji-600x65.png 600w, https:\/\/sklep.hewalex.pl\/wp-content\/uploads\/2020\/04\/asystent-konfiguracji-640x69.png 640w, https:\/\/sklep.hewalex.pl\/wp-content\/uploads\/2020\/04\/asystent-konfiguracji-400x43.png 400w\" sizes=\"(max-width: 700px) 100vw, 700px\" \/><\/a><\/p>\n","protected":false},"excerpt":{"rendered":"<p><strong>Zestaw przewod\u00f3w do modu\u0142u baterii US3000C Pylontech<\/strong> s\u0142u\u017cy do wykonania po\u0142\u0105cze\u0144 pomi\u0119dzy <a href=\"https:\/\/sklep.hewalex.pl\/produkt\/modul-baterii-pylontech-us3000c\/\">bateri\u0105 US3000C<\/a> z roz\u0142\u0105cznikiem DC pod\u0142\u0105czonym do inwertera Solis RHI-3K-48ES-5G. Do\u0142\u0105czony do zestawu przew\u00f3d komunikacyjny s\u0142u\u017cy do po\u0142\u0105czenia baterii g\u0142\u00f3wnych mi\u0119dzy sob\u0105.<\/p>\n","protected":false},"featured_media":30733,"comment_status":"closed","ping_status":"closed","template":"","meta":[],"product_brand":[],"product_cat":[131,299],"product_tag":[],"class_list":{"0":"post-30732","1":"product","2":"type-product","3":"status-publish","4":"has-post-thumbnail","6":"product_cat-fotowoltaika","7":"product_cat-magazyny-energii","8":"product_shipping_class-box","10":"first","11":"instock","12":"taxable","13":"shipping-taxable","14":"purchasable","15":"product-type-simple"},"_links":{"self":[{"href":"https:\/\/sklep.hewalex.pl\/pl\/wp-json\/wp\/v2\/product\/30732","targetHints":{"allow":["GET"]}}],"collection":[{"href":"https:\/\/sklep.hewalex.pl\/pl\/wp-json\/wp\/v2\/product"}],"about":[{"href":"https:\/\/sklep.hewalex.pl\/pl\/wp-json\/wp\/v2\/types\/product"}],"replies":[{"embeddable":true,"href":"https:\/\/sklep.hewalex.pl\/pl\/wp-json\/wp\/v2\/comments?post=30732"}],"wp:featuredmedia":[{"embeddable":true,"href":"https:\/\/sklep.hewalex.pl\/pl\/wp-json\/wp\/v2\/media\/30733"}],"wp:attachment":[{"href":"https:\/\/sklep.hewalex.pl\/pl\/wp-json\/wp\/v2\/media?parent=30732"}],"wp:term":[{"taxonomy":"product_brand","embeddable":true,"href":"https:\/\/sklep.hewalex.pl\/pl\/wp-json\/wp\/v2\/product_brand?post=30732"},{"taxonomy":"product_cat","embeddable":true,"href":"https:\/\/sklep.hewalex.pl\/pl\/wp-json\/wp\/v2\/product_cat?post=30732"},{"taxonomy":"product_tag","embeddable":true,"href":"https:\/\/sklep.hewalex.pl\/pl\/wp-json\/wp\/v2\/product_tag?post=30732"}],"curies":[{"name":"wp","href":"https:\/\/api.w.org\/{rel}","templated":true}]}}