{"id":30214,"date":"2022-09-20T08:12:41","date_gmt":"2022-09-20T06:12:41","guid":{"rendered":"https:\/\/sklep.hewalex.pl\/?post_type=product&#038;p=30214"},"modified":"2026-04-04T04:49:56","modified_gmt":"2026-04-04T02:49:56","slug":"wiazka-kablowa-12-m-2","status":"publish","type":"product","link":"https:\/\/sklep.hewalex.pl\/pl\/produkt\/wiazka-kablowa-12-m-2\/","title":{"rendered":"Wi\u0105zka kablowa 12 m"},"content":{"rendered":"","protected":false},"excerpt":{"rendered":"<p>Wi\u0105zka kablowa to 7-\u017cy\u0142owy przew\u00f3d komunikacyjny jednostki zewn\u0119trznej z wewn\u0119trzn\u0105 dla pomp ciep\u0142a serii PCCO MONO. <strong>Wi\u0105zka dedykowana jest dla kompletu zawieraj\u0105cego jednostk\u0119 zewn\u0119trzn\u0105 w wersji C<\/strong>. Wi\u0105zk\u0119 nale\u017cy pod\u0142\u0105czy\u0107 zgodnie ze schematem elektrycznym zawartym w instrukcji monta\u017cowej pompy ciep\u0142a PCCO MONO. D\u0142ugo\u015b\u0107 przewodu wynosi 12 m.<\/p>\n","protected":false},"featured_media":32055,"comment_status":"closed","ping_status":"closed","template":"","meta":[],"product_brand":[],"product_cat":[167,172],"product_tag":[],"class_list":{"0":"post-30214","1":"product","2":"type-product","3":"status-publish","4":"has-post-thumbnail","6":"product_cat-pompy-ciepla-pcco","7":"product_cat-osprzet-dodatkowy-pompy-ciepla-pcco","8":"product_shipping_class-box","10":"first","11":"instock","12":"taxable","13":"shipping-taxable","14":"purchasable","15":"product-type-simple"},"_links":{"self":[{"href":"https:\/\/sklep.hewalex.pl\/pl\/wp-json\/wp\/v2\/product\/30214","targetHints":{"allow":["GET"]}}],"collection":[{"href":"https:\/\/sklep.hewalex.pl\/pl\/wp-json\/wp\/v2\/product"}],"about":[{"href":"https:\/\/sklep.hewalex.pl\/pl\/wp-json\/wp\/v2\/types\/product"}],"replies":[{"embeddable":true,"href":"https:\/\/sklep.hewalex.pl\/pl\/wp-json\/wp\/v2\/comments?post=30214"}],"wp:featuredmedia":[{"embeddable":true,"href":"https:\/\/sklep.hewalex.pl\/pl\/wp-json\/wp\/v2\/media\/32055"}],"wp:attachment":[{"href":"https:\/\/sklep.hewalex.pl\/pl\/wp-json\/wp\/v2\/media?parent=30214"}],"wp:term":[{"taxonomy":"product_brand","embeddable":true,"href":"https:\/\/sklep.hewalex.pl\/pl\/wp-json\/wp\/v2\/product_brand?post=30214"},{"taxonomy":"product_cat","embeddable":true,"href":"https:\/\/sklep.hewalex.pl\/pl\/wp-json\/wp\/v2\/product_cat?post=30214"},{"taxonomy":"product_tag","embeddable":true,"href":"https:\/\/sklep.hewalex.pl\/pl\/wp-json\/wp\/v2\/product_tag?post=30214"}],"curies":[{"name":"wp","href":"https:\/\/api.w.org\/{rel}","templated":true}]}}