{"id":30038,"date":"2022-09-09T08:55:55","date_gmt":"2022-09-09T06:55:55","guid":{"rendered":"https:\/\/sklep.hewalex.pl\/?post_type=product&#038;p=30038"},"modified":"2026-04-23T00:37:47","modified_gmt":"2026-04-22T22:37:47","slug":"modul-baterii-pylontech-us3000c","status":"publish","type":"product","link":"https:\/\/sklep.hewalex.pl\/pl\/produkt\/modul-baterii-pylontech-us3000c\/","title":{"rendered":"MODU\u0141 BATERII PYLONTECH US3000C"},"content":{"rendered":"<p>Seria akumulator\u00f3w litowo-jonowych US3000C to idealne rozwi\u0105zanie do magazynowania energii do zastosowa\u0144 w budynkach mieszkalnych. Produkty firmy Pylontech to gwarancja najnowocze\u015bniejszych rozwi\u0105za\u0144 z zakresu magazynowania energii. Dzi\u0119ki wbudowanemu BMS akumulator US3000C zarz\u0105dza i monitoruje temperatur\u0119, pr\u0105d i napi\u0119cie ogniw. Aby uzyska\u0107 wi\u0119ksz\u0105 pojemno\u015b\u0107, akumulatory US3000C nale\u017cy po\u0142\u0105czy\u0107 si\u0119 ze sob\u0105 r\u00f3wnolegle.<\/p>\n<p>W celu przed\u0142u\u017cenia gwarancji o 3 lata, produkt nale\u017cy zarejestrowa\u0107 na stronie \u2013\u00a0<a href=\"https:\/\/en.pylontech.com.cn\/service\/support\">kliknij tutaj.<\/a><\/p>\n<p>&nbsp;<\/p>\n<p><a href=\"https:\/\/sklep.hewalex.pl\/asystent-konfiguracji\/\"><img decoding=\"async\" class=\"alignnone size-large wp-image-4762\" src=\"https:\/\/sklep.hewalex.pl\/wp-content\/uploads\/2020\/04\/asystent-konfiguracji-700x76.png\" alt=\"\" width=\"700\" height=\"76\" srcset=\"https:\/\/sklep.hewalex.pl\/wp-content\/uploads\/2020\/04\/asystent-konfiguracji-700x76.png 700w, https:\/\/sklep.hewalex.pl\/wp-content\/uploads\/2020\/04\/asystent-konfiguracji-600x65.png 600w, https:\/\/sklep.hewalex.pl\/wp-content\/uploads\/2020\/04\/asystent-konfiguracji-640x69.png 640w, https:\/\/sklep.hewalex.pl\/wp-content\/uploads\/2020\/04\/asystent-konfiguracji-400x43.png 400w\" sizes=\"(max-width: 700px) 100vw, 700px\" \/><\/a><\/p>\n<h2>Podstawowe cechy:<\/h2>\n<ul>\n<li>Kompaktowe rozmiary<\/li>\n<li>Niezawodne osi\u0105gi<\/li>\n<li>Pionowy \u0142a\u0144cuch przemys\u0142owy<\/li>\n<li>95% DoD \u2013 wi\u0119ksza pojemno\u015b\u0107 u\u017cyteczna<\/li>\n<li>10 lat sprawno\u015bci technicznej<\/li>\n<li>Mo\u017cliwo\u015b\u0107 rozbudowy w razie potrzeb<\/li>\n<li>Ponadprzeci\u0119tnie niski wsp\u00f3\u0142czynnik uszkodze\u0144<\/li>\n<li>10 lat gwarancji<\/li>\n<\/ul>\n<h2>Do pobrania:<\/h2>\n<p><img decoding=\"async\" class=\" wp-image-1324\" src=\"http:\/\/sklep.hewalex.pl\/wp-content\/uploads\/2018\/05\/pdf-ico-300x300.png\" alt=\"\" width=\"34\" height=\"34\" \/> \u00a0<a class=\"js-open-attachment-viewer\" href=\"https:\/\/sklep.hewalex.pl\/wp-content\/uploads\/2022\/09\/Hewalex_Pylontech_Modul_baterii_Pylontech_US3000C_Karta_katalogowa_05-09-2022-2.pdf\" data-idattachment=\"631b3cb95c4d66158453ad61\">Hewalex_Pylontech_Modu\u0142 baterii Pylontech US3000C_Karta katalogowa_05-09-2022.pdf<\/a><\/p>\n<p><img decoding=\"async\" class=\" wp-image-1324\" src=\"http:\/\/sklep.hewalex.pl\/wp-content\/uploads\/2018\/05\/pdf-ico-300x300.png\" alt=\"\" width=\"34\" height=\"34\" \/> \u00a0<a class=\"js-open-attachment-viewer\" href=\"https:\/\/sklep.hewalex.pl\/wp-content\/uploads\/2022\/09\/Instrukcja_obslugi_US3000C_30_11_2022.pdf\" data-idattachment=\"631b3cb95c4d66158453ad61\">Hewalex_Pylontech_Modu\u0142 baterii Pylontech US3000C_Instrukcja obs\u0142ugi.pdf<\/a><\/p>\n<p><img decoding=\"async\" class=\" wp-image-1324\" src=\"http:\/\/sklep.hewalex.pl\/wp-content\/uploads\/2018\/05\/pdf-ico-300x300.png\" alt=\"\" width=\"34\" height=\"34\" \/> \u00a0<a class=\"js-open-attachment-viewer\" href=\"https:\/\/sklep.hewalex.pl\/wp-content\/uploads\/2022\/09\/Hewalex_Compatibility-List-of-Pylontech-ESS-and-Inverters_01-02-2025.pdf\" data-idattachment=\"631b3cb95c4d66158453ad61\">Hewalex_Compatibility List of Pylontech ESS and Inverters.pdf<\/a><\/p>\n","protected":false},"excerpt":{"rendered":"<p>Modu\u0142 baterii US3000C s\u0142u\u017cy do budowy magazynu energii Pylontech \u2013 jednego z najnowocze\u015bniejszych produkt\u00f3w do magazynowania energii, wsp\u00f3\u0142pracuj\u0105cy z <strong>jednofazowymi falownikami hybrydowymi Solis.<\/strong> Posiada on pojemno\u015b\u0107 3,552 kWh, wykonany jest w technologii litowo-jonowej, a jego \u017cywotno\u015b\u0107 szacowana jest na minimum 15 lat. W zestawie z modu\u0142em baterii znajduje si\u0119 tak\u017ce okablowanie.<\/p>\n","protected":false},"featured_media":38203,"comment_status":"closed","ping_status":"closed","template":"","meta":[],"product_brand":[],"product_cat":[131,299],"product_tag":[],"class_list":{"0":"post-30038","1":"product","2":"type-product","3":"status-publish","4":"has-post-thumbnail","6":"product_cat-fotowoltaika","7":"product_cat-magazyny-energii","8":"product_shipping_class-pallet","10":"first","11":"outofstock","12":"taxable","13":"shipping-taxable","14":"purchasable","15":"product-type-simple"},"_links":{"self":[{"href":"https:\/\/sklep.hewalex.pl\/pl\/wp-json\/wp\/v2\/product\/30038","targetHints":{"allow":["GET"]}}],"collection":[{"href":"https:\/\/sklep.hewalex.pl\/pl\/wp-json\/wp\/v2\/product"}],"about":[{"href":"https:\/\/sklep.hewalex.pl\/pl\/wp-json\/wp\/v2\/types\/product"}],"replies":[{"embeddable":true,"href":"https:\/\/sklep.hewalex.pl\/pl\/wp-json\/wp\/v2\/comments?post=30038"}],"wp:featuredmedia":[{"embeddable":true,"href":"https:\/\/sklep.hewalex.pl\/pl\/wp-json\/wp\/v2\/media\/38203"}],"wp:attachment":[{"href":"https:\/\/sklep.hewalex.pl\/pl\/wp-json\/wp\/v2\/media?parent=30038"}],"wp:term":[{"taxonomy":"product_brand","embeddable":true,"href":"https:\/\/sklep.hewalex.pl\/pl\/wp-json\/wp\/v2\/product_brand?post=30038"},{"taxonomy":"product_cat","embeddable":true,"href":"https:\/\/sklep.hewalex.pl\/pl\/wp-json\/wp\/v2\/product_cat?post=30038"},{"taxonomy":"product_tag","embeddable":true,"href":"https:\/\/sklep.hewalex.pl\/pl\/wp-json\/wp\/v2\/product_tag?post=30038"}],"curies":[{"name":"wp","href":"https:\/\/api.w.org\/{rel}","templated":true}]}}