{"id":28829,"date":"2022-07-01T12:32:04","date_gmt":"2022-07-01T10:32:04","guid":{"rendered":"https:\/\/sklep.hewalex.pl\/?post_type=product&#038;p=28829"},"modified":"2026-04-10T00:12:37","modified_gmt":"2026-04-09T22:12:37","slug":"solis-rhi-3p10k-hves-5g","status":"publish","type":"product","link":"https:\/\/sklep.hewalex.pl\/pl\/produkt\/solis-rhi-3p10k-hves-5g\/","title":{"rendered":"SOLIS RHI-3P10K-HVES-5G \u2013 SALE"},"content":{"rendered":"<p>Inwertery Solis s\u0105 wytwarzane przez firm\u0119 Ginlong Technologies \u2013 jednego z najbardziej do\u015bwiadczonych producent\u00f3w na \u015bwiecie. Inwertery hybrydowe Solis posiadaj\u0105 najwy\u017csze standardy zabezpiecze\u0144 na wypadek odwrotnej polaryzacji DC\/baterii, przeciw zwarciom, przed zbyt wysokim napi\u0119ciem, a tak\u017ce nadpr\u0105dowe wyj\u015bcia, monitorowanie rezystancji izolacji, wykrywanie pr\u0105du resztkowego, ochron\u0119 przed przepi\u0119ciami, monitorowanie uziemienia oraz ochron\u0119 antywyspow\u0105 i termiczn\u0105. Inwertery Solis poddawane s\u0105 rygorystycznym testom, jak m.in. odporno\u015bci na promieniowanie UV, pracy we mgle solnej, pr\u00f3bie wytrzyma\u0142o\u015bci na szok termiczny (1500 cykli od -40\u00b0C do 70\u00b0C), odporno\u015bci na szokowe napi\u0119cia wej\u015bciowe, a tak\u017ce na ekstremalne warunki pracy (teren wysoko zasolony, pustynia, du\u017ce wysoko\u015bci). S\u0105 zgodne ze wszystkimi najwa\u017cniejszymi normami oraz dyrektywami.<\/p>\n<p><a href=\"https:\/\/sklep.hewalex.pl\/asystent-konfiguracji\/\"><img decoding=\"async\" class=\"alignnone size-large wp-image-4762\" src=\"https:\/\/sklep.hewalex.pl\/wp-content\/uploads\/2020\/04\/asystent-konfiguracji-700x76.png\" alt=\"\" width=\"700\" height=\"76\" srcset=\"https:\/\/sklep.hewalex.pl\/wp-content\/uploads\/2020\/04\/asystent-konfiguracji-700x76.png 700w, https:\/\/sklep.hewalex.pl\/wp-content\/uploads\/2020\/04\/asystent-konfiguracji-600x65.png 600w, https:\/\/sklep.hewalex.pl\/wp-content\/uploads\/2020\/04\/asystent-konfiguracji-640x69.png 640w, https:\/\/sklep.hewalex.pl\/wp-content\/uploads\/2020\/04\/asystent-konfiguracji-400x43.png 400w\" sizes=\"(max-width: 700px) 100vw, 700px\" \/><\/a><\/p>\n<h2>Podstawowe cechy:<\/h2>\n<ul>\n<li>Liczba faz: 3<\/li>\n<li>Liczba MPPT\/Maks. liczba string\u00f3w: 2\/4<\/li>\n<li>Opcja zdalnego monitoringu instalacji przez Wi-Fi<\/li>\n<li>IP65 \u2013 klasa ochronno\u015bci umo\u017cliwiaj\u0105ca monta\u017cu wewn\u0105trz i na zewn\u0105trz budynku<\/li>\n<li>98,4% maksymalnej sprawno\u015bci<\/li>\n<li>Szeroki zakres napi\u0119cia wej\u015bciowego<\/li>\n<li>Niskie napi\u0119cie startowe<\/li>\n<li>Podw\u00f3jny MPPT z precyzyjnym dopasowaniem mocy maksymalnej do nat\u0119\u017cenia promieniowania s\u0142onecznego<\/li>\n<li>Estetyczna i kompaktowa konstrukcja<\/li>\n<li>Niezauwa\u017calne prze\u0142\u0105czenie w tryb awaryjny po zaniku napi\u0119cia w sieci elektroenergetycznej (&lt;40 ms)<\/li>\n<li>Zasilanie awaryjne do 10 kW mocy ci\u0105g\u0142ej<\/li>\n<li>Wielopoziomowa ochrona w standardzie<\/li>\n<li>Mo\u017cliwo\u015b\u0107 pod\u0142\u0105czenia akumulator\u00f3w<\/li>\n<li>Wysoka wydajno\u015b\u0107 komponent\u00f3w od wiod\u0105cej marki zagranicznej<\/li>\n<li>Wiele tryb\u00f3w pracy w celu zmaksymalizowania autokonsumpcji<\/li>\n<li>Ca\u0142odobowe i w pe\u0142ni inteligentne zarz\u0105dzanie energi\u0105<\/li>\n<li>Kompatybilno\u015b\u0107 z akumulatorami litowo-jonowymi<\/li>\n<li>Zdalna kontrola i funkcja aktualizacji<\/li>\n<li>Funkcja pracy w systemie off-grid (bez dost\u0119pu do sieci elektroenergetycznej)<\/li>\n<li>Inteligentna funkcja EMS<\/li>\n<li>D\u0142uga \u017cywotno\u015b\u0107 systemu przy zachowaniu wysokiego poziomu bezpiecze\u0144stwa<\/li>\n<\/ul>\n<h2>Do pobrania:<\/h2>\n<p><img decoding=\"async\" class=\" wp-image-1324\" src=\"http:\/\/sklep.hewalex.pl\/wp-content\/uploads\/2018\/05\/pdf-ico-300x300.png\" alt=\"\" width=\"34\" height=\"34\" \/> <a href=\"https:\/\/sklep.hewalex.pl\/wp-content\/uploads\/2022\/07\/Hewalex_Ginlong_Inwerter-Solis-RHI-3P10K-HVES-5G_Karta-produktu_13-05-2022.pdf\">Informator produktowy\u00a0\u2013 INWERTER Solis RHI-3P10K-HVES-5G<\/a><\/p>\n<p><img decoding=\"async\" class=\" wp-image-1324\" src=\"http:\/\/sklep.hewalex.pl\/wp-content\/uploads\/2018\/05\/pdf-ico-300x300.png\" alt=\"\" width=\"34\" height=\"34\" \/>\u00a0<a href=\"https:\/\/sklep.hewalex.pl\/wp-content\/uploads\/2020\/10\/Dlaczego-inwertery-Solis-2020-10-15-WWW.pdf\">Dlaczego Solis? Poznaj topowe inwertery dla fotowoltaiki! (edycja 10.2020)<\/a><\/p>\n","protected":false},"excerpt":{"rendered":"<p>Inwerter hybrydowy tr\u00f3jfazowy\u00a0<strong>Solis<\/strong>\u00a0<strong>RHI-3P10K-HVES-5G\u00a0<\/strong>jest przeznaczony dla instalacji fotowoltaicznych wyposa\u017conych w system magazynowania energii o mocy do\u00a0<strong>16 kWp<\/strong>. Cechuje si\u0119 wysok\u0105 sprawno\u015bci\u0105, niezawodn\u0105 i cich\u0105 prac\u0105 dzi\u0119ki ch\u0142odzeniu konwekcyjnemu oraz odporno\u015bci\u0105 na trudne warunki pracy, co umo\u017cliwia tak\u017ce monta\u017c na zewn\u0105trz budynku.<\/p>\n<p><strong>Ilo\u015b\u0107 paneli PV o mocy 380 W do wsp\u00f3\u0142pracy:\u00a0\u00a0od 22 szt. (8,36 kWp) do 42 szt. (15,96 kWp)<\/strong><\/p>\n<p><strong>UWAGA! Inwerter posiada maksymaln\u0105 moc chwilow\u0105 10 kW na wyj\u015bciu AC-Grid!<\/strong><\/p>\n<p><strong><span style=\"color: red\">Gwarancja do 31.12.2028<\/span><\/strong><\/p>\n","protected":false},"featured_media":15477,"comment_status":"closed","ping_status":"closed","template":"","meta":[],"product_brand":[],"product_cat":[360,123],"product_tag":[],"class_list":{"0":"post-28829","1":"product","2":"type-product","3":"status-publish","4":"has-post-thumbnail","6":"product_cat-fotowoltaika-wyprzedaz","7":"product_cat-wyprzedaz","8":"product_shipping_class-pallet","10":"first","11":"instock","12":"taxable","13":"shipping-taxable","14":"purchasable","15":"product-type-simple"},"_links":{"self":[{"href":"https:\/\/sklep.hewalex.pl\/pl\/wp-json\/wp\/v2\/product\/28829","targetHints":{"allow":["GET"]}}],"collection":[{"href":"https:\/\/sklep.hewalex.pl\/pl\/wp-json\/wp\/v2\/product"}],"about":[{"href":"https:\/\/sklep.hewalex.pl\/pl\/wp-json\/wp\/v2\/types\/product"}],"replies":[{"embeddable":true,"href":"https:\/\/sklep.hewalex.pl\/pl\/wp-json\/wp\/v2\/comments?post=28829"}],"wp:featuredmedia":[{"embeddable":true,"href":"https:\/\/sklep.hewalex.pl\/pl\/wp-json\/wp\/v2\/media\/15477"}],"wp:attachment":[{"href":"https:\/\/sklep.hewalex.pl\/pl\/wp-json\/wp\/v2\/media?parent=28829"}],"wp:term":[{"taxonomy":"product_brand","embeddable":true,"href":"https:\/\/sklep.hewalex.pl\/pl\/wp-json\/wp\/v2\/product_brand?post=28829"},{"taxonomy":"product_cat","embeddable":true,"href":"https:\/\/sklep.hewalex.pl\/pl\/wp-json\/wp\/v2\/product_cat?post=28829"},{"taxonomy":"product_tag","embeddable":true,"href":"https:\/\/sklep.hewalex.pl\/pl\/wp-json\/wp\/v2\/product_tag?post=28829"}],"curies":[{"name":"wp","href":"https:\/\/api.w.org\/{rel}","templated":true}]}}