{"id":25799,"date":"2022-03-25T08:22:51","date_gmt":"2022-03-25T07:22:51","guid":{"rendered":"https:\/\/sklep.hewalex.pl\/?post_type=product&#038;p=25799"},"modified":"2026-04-06T09:49:15","modified_gmt":"2026-04-06T07:49:15","slug":"bypass-210-32-nieklejony","status":"publish","type":"product","link":"https:\/\/sklep.hewalex.pl\/pl\/produkt\/bypass-210-32-nieklejony\/","title":{"rendered":"Bypass 210-32 nieklejony"},"content":{"rendered":"<div class=\"row\">\n<div class=\"col-xs-12\">\n<h4 class=\"heading-primary\">Mo\u017cliwo\u015bci zastosowania bypassu<\/h4>\n<p>Bypass 3-zaworowy do basenowej pompy ciep\u0142a to kompletny zestaw armatury basenowej s\u0142u\u017c\u0105cy do regulacji nat\u0119\u017cenia przep\u0142ywu wody przez pomp\u0119 ciep\u0142a. Jest on r\u00f3wnie\u017c przydatny przy czynno\u015bciach serwisowych, takich jak czyszczenie z\u0142o\u017ca w pompie filtruj\u0105cej czy posezonowe przechowywanie pompy ciep\u0142a. Rozwi\u0105zanie to jest zalecane szczeg\u00f3lnie w przypadku zastosowania pompy filtruj\u0105cej o nadmiarowej wydajno\u015bci, generuj\u0105cej zbyt du\u017cy przep\u0142yw wody, a tym samym wp\u0142ywaj\u0105cej na obni\u017cenie efektywno\u015bci pracy pompy ciep\u0142a.<\/p>\n<p><img decoding=\"async\" class=\"alignnone size-full wp-image-25795\" src=\"https:\/\/sklep.hewalex.pl\/wp-content\/uploads\/2020\/02\/schemat-pompa-ciepla-basenowa_bypass.jpg\" alt=\"\" width=\"1169\" height=\"367\" srcset=\"https:\/\/sklep.hewalex.pl\/wp-content\/uploads\/2020\/02\/schemat-pompa-ciepla-basenowa_bypass.jpg 1169w, https:\/\/sklep.hewalex.pl\/wp-content\/uploads\/2020\/02\/schemat-pompa-ciepla-basenowa_bypass-700x220.jpg 700w, https:\/\/sklep.hewalex.pl\/wp-content\/uploads\/2020\/02\/schemat-pompa-ciepla-basenowa_bypass-768x241.jpg 768w, https:\/\/sklep.hewalex.pl\/wp-content\/uploads\/2020\/02\/schemat-pompa-ciepla-basenowa_bypass-640x201.jpg 640w, https:\/\/sklep.hewalex.pl\/wp-content\/uploads\/2020\/02\/schemat-pompa-ciepla-basenowa_bypass-400x126.jpg 400w, https:\/\/sklep.hewalex.pl\/wp-content\/uploads\/2020\/02\/schemat-pompa-ciepla-basenowa_bypass-600x188.jpg 600w\" sizes=\"(max-width: 1169px) 100vw, 1169px\" \/><\/p>\n<h2>Pliki do pobrania:<\/h2>\n<p><img decoding=\"async\" class=\" wp-image-1324\" src=\"http:\/\/sklep.hewalex.pl\/wp-content\/uploads\/2018\/05\/pdf-ico-300x300.png\" alt=\"\" width=\"34\" height=\"34\" \/> <a href=\"https:\/\/sklep.hewalex.pl\/wp-content\/uploads\/2022\/03\/hewalex-montaz-i-obsluga-bypassu-do-basenowych-pomp-ciepla-21.02.2022.pdf\">Instrukcja obs\u0142ugi i monta\u017cu bypassu do basenowych pomp ciep\u0142a<\/a><\/p>\n<\/div>\n<\/div>\n","protected":false},"excerpt":{"rendered":"<p>Bypass 210-32 jest przeznaczony do wykorzystania m.in. z pomp\u0105 ciep\u0142a wody basenowej\u00a0<strong>PCWB 4,0kW-A (PINGWIN)<\/strong>. Rozstaw ruroci\u0105gu wzgl\u0119dem osi: 210 mm, \u015brednica zewn\u0119trzna ruroci\u0105gu: 32 mm.\u00a0<strong>Wersja nieklejona wymaga samodzielnego z\u0142o\u017cenia element\u00f3w bypassu.<\/strong><\/p>\n","protected":false},"featured_media":25792,"comment_status":"closed","ping_status":"closed","template":"","meta":[],"product_brand":[],"product_cat":[187,190],"product_tag":[],"class_list":{"0":"post-25799","1":"product","2":"type-product","3":"status-publish","4":"has-post-thumbnail","6":"product_cat-pompy-ciepla-pcwb","7":"product_cat-osprzet-dodatkowy-pompy","8":"product_shipping_class-box","10":"first","11":"instock","12":"taxable","13":"shipping-taxable","14":"purchasable","15":"product-type-simple"},"_links":{"self":[{"href":"https:\/\/sklep.hewalex.pl\/pl\/wp-json\/wp\/v2\/product\/25799","targetHints":{"allow":["GET"]}}],"collection":[{"href":"https:\/\/sklep.hewalex.pl\/pl\/wp-json\/wp\/v2\/product"}],"about":[{"href":"https:\/\/sklep.hewalex.pl\/pl\/wp-json\/wp\/v2\/types\/product"}],"replies":[{"embeddable":true,"href":"https:\/\/sklep.hewalex.pl\/pl\/wp-json\/wp\/v2\/comments?post=25799"}],"wp:featuredmedia":[{"embeddable":true,"href":"https:\/\/sklep.hewalex.pl\/pl\/wp-json\/wp\/v2\/media\/25792"}],"wp:attachment":[{"href":"https:\/\/sklep.hewalex.pl\/pl\/wp-json\/wp\/v2\/media?parent=25799"}],"wp:term":[{"taxonomy":"product_brand","embeddable":true,"href":"https:\/\/sklep.hewalex.pl\/pl\/wp-json\/wp\/v2\/product_brand?post=25799"},{"taxonomy":"product_cat","embeddable":true,"href":"https:\/\/sklep.hewalex.pl\/pl\/wp-json\/wp\/v2\/product_cat?post=25799"},{"taxonomy":"product_tag","embeddable":true,"href":"https:\/\/sklep.hewalex.pl\/pl\/wp-json\/wp\/v2\/product_tag?post=25799"}],"curies":[{"name":"wp","href":"https:\/\/api.w.org\/{rel}","templated":true}]}}