{"id":24028,"date":"2022-02-23T10:34:06","date_gmt":"2022-02-23T09:34:06","guid":{"rendered":"https:\/\/sklep.hewalex.pl\/?post_type=product&#038;p=24028"},"modified":"2026-04-06T00:13:38","modified_gmt":"2026-04-05T22:13:38","slug":"pompa-ciepla-pcwbi-95kw-b","status":"publish","type":"product","link":"https:\/\/sklep.hewalex.pl\/pl\/produkt\/pompa-ciepla-pcwbi-95kw-b\/","title":{"rendered":"Pompa ciep\u0142a PCWBi 9,5kW-B"},"content":{"rendered":"<p>Pompy ciep\u0142a PCWBi znajduj\u0105 zastosowanie dla sezonowego podgrzewania wody zar\u00f3wno w basenach prywatnych, jak i publicznych. Zastosowanie pompy ciep\u0142a pozwala wyd\u0142u\u017cy\u0107 okres u\u017cytkowania basenu zewn\u0119trznego nawet do 5-6 miesi\u0119cy w ci\u0105gu roku, zapewniaj\u0105c wymagan\u0105 temperatur\u0119 wody przy niskich kosztach eksploatacji. Pompa ciep\u0142a PCWBi mo\u017ce by\u0107 stosowana dla ka\u017cdego rodzaju basenu, zar\u00f3wno o konstrukcji masywnej, jak i dla basenu stela\u017cowego, nadmuchiwanego itd.<\/p>\n<h4 class=\"heading-primary mt-xlg\">Niskie koszty przy wysokim komforcie\u00a0podgrzewania wody basenowej<\/h4>\n<p>Pompy ciep\u0142a PCWBi korzystaj\u0105c w wi\u0119kszej cz\u0119\u015bci z energii odnawialnej, zapewniaj\u0105 niskie\u00a0koszty podgrzewania wody basenowej. Ze wzgl\u0119du na niskie temperatury robocze pompy ciep\u0142a PCWBi uzyskuj\u0105 szczeg\u00f3lnie wysok\u0105 efektywno\u015b\u0107 pracy. Wsp\u00f3\u0142czynnik COP dla pomp typoszeregu PCWBi przekracza chwilowo warto\u015b\u0107 16 (<span class=\"font-size-sm line-height-sm\">w punkcie A27\/W26<\/span>).<\/p>\n<h4 class=\"heading-primary mt-xlg\">Specjalne rozwi\u0105zania w\u00a0budowie pompy ciep\u0142a PCWBi<\/h4>\n<p class=\"mb-none\">Pompa ciep\u0142a PCWBi jest przystosowana specjalnie do pracy na potrzeby podgrzewania wody basenowej. W pompach typoszeregu PCWBi zastosowano nowoczesne<strong>\u00a0inwerterowe spr\u0119\u017carki rotacyjne<\/strong>. P\u0142ynna regulacja mocy grzewczej pozwala dostosowywa\u0107 prac\u0119 do chwilowych potrzeb cieplnych, ale tak\u017ce obni\u017ca\u0107 dodatkowo poziom g\u0142o\u015bno\u015bci pracuj\u0105cego urz\u0105dzenia. Specjaln\u0105 konstrukcj\u0119 posiada wymiennik ciep\u0142a p\u0142aszczowo-rurowy wbudowany w pompie ciep\u0142a, gdzie czynnik ch\u0142odniczy oddaje ciep\u0142o bezpo\u015brednio do przep\u0142ywaj\u0105cej wody basenowej. Ochron\u0119 pompy ciep\u0142a przed ewentualnym zanikiem przep\u0142ywu wody zapewnia wbudowany czujnik nat\u0119\u017cenia przep\u0142ywu.<\/p>\n<h4 class=\"heading-primary mt-xlg\">4-letnia gwarancja w standardzie<\/h4>\n<p class=\"mb-none\">Pompy ciep\u0142a PCWB i PCWBi s\u0105 obj\u0119te standardowo <strong>4-letnim<\/strong>\u00a0okresem gwarancji, co wykracza poza standardowe warunki udzielane na rynku na tego typu urz\u0105dzenia.\u00a0W sk\u0142ad warunk\u00f3w gwarancji wchodzi lista kontrolna instalacji, kt\u00f3ra powsta\u0142a z my\u015bl\u0105 zapewnienia wysokiej jako\u015bci instalacji z pomp\u0105 ciep\u0142a.<\/p>\n<h4 class=\"heading-primary mt-xlg\">Pliki do pobrania:<\/h4>\n<p style=\"text-align: left\"><img decoding=\"async\" class=\" wp-image-1324\" src=\"http:\/\/sklep.hewalex.pl\/wp-content\/uploads\/2018\/05\/pdf-ico-300x300.png\" alt=\"\" width=\"34\" height=\"34\" \/> <a href=\"https:\/\/sklep.hewalex.pl\/wp-content\/uploads\/2022\/02\/HEWALEX_PCWBi-B_Instrukcja-obslugi-i-montazu_02.04.2025.pdf\">Instrukcja obs\u0142ugi i monta\u017cu pomp ciep\u0142a PCWBi-B (model 2022)<\/a><\/p>\n<p><img decoding=\"async\" class=\" wp-image-1324\" src=\"http:\/\/sklep.hewalex.pl\/wp-content\/uploads\/2018\/05\/pdf-ico-300x300.png\" alt=\"\" width=\"34\" height=\"34\" \/> <a href=\"https:\/\/sklep.hewalex.pl\/wp-content\/uploads\/2022\/02\/hewalex-karta-gwarancyjna-pcwb-26.09.2024-wzor.pdf\">Karta gwarancyjna pomp ciep\u0142a PCWB i PCWBi<\/a><\/p>\n<p>&nbsp;<\/p>\n","protected":false},"excerpt":{"rendered":"<p>Pompa ciep\u0142a typu powietrze\/woda\u00a0<strong>PCWBi 9,5kW-B<\/strong>\u00a0jest przewidziana do bezpo\u015bredniego pod\u0142\u0105czenia do obiegu technologicznego wody basenowej. S\u0142u\u017cy do podgrzewania wody, jak r\u00f3wnie\u017c w razie potrzeby do jej ch\u0142odzenia. Cech\u0105 wyr\u00f3\u017cniaj\u0105c\u0105 urz\u0105dzenia jest p\u0142ynna regulacja mocy grzewczej dzi\u0119ki zastosowaniu\u00a0<strong>spr\u0119\u017carki inwerterowej<\/strong>.<\/p>\n<p><a href=\"https:\/\/sklep.hewalex.pl\/produkt\/bypass-350-40-klejony\/\"><strong>NOWO\u015a\u0106 2022: \u0142atwy monta\u017c dzi\u0119ki fabrycznie przygotowanemu BYPASSOWI (dost\u0119pny w wersji klejonej i nieklejonej).<\/strong><\/a><\/p>\n<p><span style=\"color: #000000\"><strong>PROMOCJA:<\/strong> do ka\u017cdej pompy ciep\u0142a dodawany jest bez koszt\u00f3w modu\u0142 PCWB mWiFi, ich ilo\u015b\u0107 w promocji jest ograniczona.<\/span><\/p>\n","protected":false},"featured_media":25721,"comment_status":"closed","ping_status":"closed","template":"","meta":[],"product_brand":[],"product_cat":[187,189],"product_tag":[],"class_list":{"0":"post-24028","1":"product","2":"type-product","3":"status-publish","4":"has-post-thumbnail","6":"product_cat-pompy-ciepla-pcwb","7":"product_cat-pcwbi-b","8":"product_shipping_class-rohligsuus-115x51","10":"first","11":"instock","12":"taxable","13":"shipping-taxable","14":"purchasable","15":"product-type-simple"},"_links":{"self":[{"href":"https:\/\/sklep.hewalex.pl\/pl\/wp-json\/wp\/v2\/product\/24028","targetHints":{"allow":["GET"]}}],"collection":[{"href":"https:\/\/sklep.hewalex.pl\/pl\/wp-json\/wp\/v2\/product"}],"about":[{"href":"https:\/\/sklep.hewalex.pl\/pl\/wp-json\/wp\/v2\/types\/product"}],"replies":[{"embeddable":true,"href":"https:\/\/sklep.hewalex.pl\/pl\/wp-json\/wp\/v2\/comments?post=24028"}],"wp:featuredmedia":[{"embeddable":true,"href":"https:\/\/sklep.hewalex.pl\/pl\/wp-json\/wp\/v2\/media\/25721"}],"wp:attachment":[{"href":"https:\/\/sklep.hewalex.pl\/pl\/wp-json\/wp\/v2\/media?parent=24028"}],"wp:term":[{"taxonomy":"product_brand","embeddable":true,"href":"https:\/\/sklep.hewalex.pl\/pl\/wp-json\/wp\/v2\/product_brand?post=24028"},{"taxonomy":"product_cat","embeddable":true,"href":"https:\/\/sklep.hewalex.pl\/pl\/wp-json\/wp\/v2\/product_cat?post=24028"},{"taxonomy":"product_tag","embeddable":true,"href":"https:\/\/sklep.hewalex.pl\/pl\/wp-json\/wp\/v2\/product_tag?post=24028"}],"curies":[{"name":"wp","href":"https:\/\/api.w.org\/{rel}","templated":true}]}}