{"id":22345,"date":"2022-01-12T13:11:08","date_gmt":"2022-01-12T12:11:08","guid":{"rendered":"https:\/\/sklep.hewalex.pl\/?post_type=product&#038;p=22345"},"modified":"2026-04-04T02:34:00","modified_gmt":"2026-04-04T00:34:00","slug":"solis-s5-gr3p6k","status":"publish","type":"product","link":"https:\/\/sklep.hewalex.pl\/pl\/produkt\/solis-s5-gr3p6k\/","title":{"rendered":"SOLIS-S5-GR3P6K"},"content":{"rendered":"<p>Inwertery Solis s\u0105 wytwarzane przez firm\u0119 Ginlong Technologies \u2013 jednego z najbardziej do\u015bwiadczonych producent\u00f3w na \u015bwiecie. Posiadaj\u0105 najwy\u017csze standardy zabezpiecze\u0144 na wypadek odwrotnej polaryzacji DC, przeciw zwarciom, przed zbyt wysokim napi\u0119ciem, a tak\u017ce nadpr\u0105dowe wyj\u015bcia, monitorowanie rezystancji izolacji, wykrywanie pr\u0105du resztkowego, ochron\u0119 przed przepi\u0119ciami, monitorowanie sieci oraz ochron\u0119 antywyspow\u0105 i termiczn\u0105. Inwertery Solis poddawane s\u0105 rygorystycznym testom, jak m.in. odporno\u015bci na promieniowanie UV, pracy we mgle solnej, pr\u00f3bie wytrzyma\u0142o\u015bci na szok termiczny (1500 cykli od -40\u00b0C do 70\u00b0C), odporno\u015bci na szokowe napi\u0119cia wej\u015bciowe, a tak\u017ce na ekstremalne warunki pracy (teren wysoko zasolony, pustynia, du\u017ce wysoko\u015bci). S\u0105 zgodne ze wszystkimi najwa\u017cniejszymi normami i dyrektywami.<\/p>\n<p><a href=\"https:\/\/sklep.hewalex.pl\/asystent-konfiguracji\/\"><img decoding=\"async\" class=\"alignnone size-large wp-image-4762\" src=\"https:\/\/sklep.hewalex.pl\/wp-content\/uploads\/2020\/04\/asystent-konfiguracji-700x76.png\" alt=\"\" width=\"700\" height=\"76\" srcset=\"https:\/\/sklep.hewalex.pl\/wp-content\/uploads\/2020\/04\/asystent-konfiguracji-700x76.png 700w, https:\/\/sklep.hewalex.pl\/wp-content\/uploads\/2020\/04\/asystent-konfiguracji-600x65.png 600w, https:\/\/sklep.hewalex.pl\/wp-content\/uploads\/2020\/04\/asystent-konfiguracji-640x69.png 640w, https:\/\/sklep.hewalex.pl\/wp-content\/uploads\/2020\/04\/asystent-konfiguracji-400x43.png 400w\" sizes=\"(max-width: 700px) 100vw, 700px\" \/><\/a><\/p>\n<h2>Podstawowe cechy:<\/h2>\n<ul>\n<li>Liczba faz: 3<\/li>\n<li>Liczba MPPT\/Maks. liczba string\u00f3w: 2\/2<\/li>\n<li>98,3% maksymalnej sprawno\u015bci<\/li>\n<li>Bardzo szeroki zakres napi\u0119cia wej\u015bciowego<\/li>\n<li>Podw\u00f3jny MPPT z precyzyjnym dopasowaniem mocy maksymalnej do nat\u0119\u017cenia s\u0142onecznego<\/li>\n<li>Estetycznie wykonana kompaktowa konstrukcja<\/li>\n<li>\u0141atwy monta\u017c<\/li>\n<li>Wielopoziomowa ochrona w standardzie<\/li>\n<li>10 lat gwarancji<\/li>\n<li>RS 485, WiFi\/GPRS (opcja)<\/li>\n<li>Zabezpieczenie AFCI aktywnie zmniejszaj\u0105ce ryzyko po\u017caru<\/li>\n<li>Opcja zdalnego monitoringu instalacji przez Wi-Fi<\/li>\n<li>Niskie napi\u0119cie startowe<\/li>\n<\/ul>\n<h2>Pliki do pobrania:<\/h2>\n<p data-wp-editing=\"1\"><a href=\"https:\/\/sklep.hewalex.pl\/wp-content\/uploads\/2022\/01\/Hewalex_Ginlong_Inwerter-Solis-S5-GR3P6K_Karta-produktu_23-12-2024.pdf\"><img decoding=\"async\" class=\" wp-image-1324\" src=\"http:\/\/sklep.hewalex.pl\/wp-content\/uploads\/2018\/05\/pdf-ico-300x300.png\" alt=\"\" width=\"34\" height=\"34\" \/> Informator produktowy\u00a0&#8211; INWERTER SOLIS-S5-GR3P6K<\/a><\/p>\n","protected":false},"excerpt":{"rendered":"<p>Inwerter sieciowy\u00a0Solis S5-GR3P6K\u00a0jest przeznaczony dla instalacji fotowoltaicznych o mocy do\u00a0<strong>9 kWp<\/strong>. Cechuje si\u0119 wysok\u0105 sprawno\u015bci\u0105, niezawodn\u0105 i cich\u0105 prac\u0105 dzi\u0119ki ch\u0142odzeniu konwekcyjnemu oraz odporno\u015bci\u0105 na trudne warunki pracy, co umo\u017cliwia tak\u017ce monta\u017c na zewn\u0105trz budynku.<\/p>\n<p><strong>UWAGA! Inwerter posiada maksymaln\u0105 moc chwilow\u0105 na wyj\u015bciu 6,6 kW!<\/strong><\/p>\n","protected":false},"featured_media":23167,"comment_status":"closed","ping_status":"closed","template":"","meta":[],"product_brand":[],"product_cat":[342,131,132],"product_tag":[],"class_list":{"0":"post-22345","1":"product","2":"type-product","3":"status-publish","4":"has-post-thumbnail","6":"product_cat-sieciowe","7":"product_cat-fotowoltaika","8":"product_cat-inwertery","9":"product_shipping_class-box","11":"first","12":"instock","13":"taxable","14":"shipping-taxable","15":"purchasable","16":"product-type-simple"},"_links":{"self":[{"href":"https:\/\/sklep.hewalex.pl\/pl\/wp-json\/wp\/v2\/product\/22345","targetHints":{"allow":["GET"]}}],"collection":[{"href":"https:\/\/sklep.hewalex.pl\/pl\/wp-json\/wp\/v2\/product"}],"about":[{"href":"https:\/\/sklep.hewalex.pl\/pl\/wp-json\/wp\/v2\/types\/product"}],"replies":[{"embeddable":true,"href":"https:\/\/sklep.hewalex.pl\/pl\/wp-json\/wp\/v2\/comments?post=22345"}],"wp:featuredmedia":[{"embeddable":true,"href":"https:\/\/sklep.hewalex.pl\/pl\/wp-json\/wp\/v2\/media\/23167"}],"wp:attachment":[{"href":"https:\/\/sklep.hewalex.pl\/pl\/wp-json\/wp\/v2\/media?parent=22345"}],"wp:term":[{"taxonomy":"product_brand","embeddable":true,"href":"https:\/\/sklep.hewalex.pl\/pl\/wp-json\/wp\/v2\/product_brand?post=22345"},{"taxonomy":"product_cat","embeddable":true,"href":"https:\/\/sklep.hewalex.pl\/pl\/wp-json\/wp\/v2\/product_cat?post=22345"},{"taxonomy":"product_tag","embeddable":true,"href":"https:\/\/sklep.hewalex.pl\/pl\/wp-json\/wp\/v2\/product_tag?post=22345"}],"curies":[{"name":"wp","href":"https:\/\/api.w.org\/{rel}","templated":true}]}}