{"id":21847,"date":"2022-03-25T09:49:53","date_gmt":"2022-03-25T08:49:53","guid":{"rendered":"https:\/\/sklep.hewalex.pl\/?post_type=product&#038;p=21847"},"modified":"2026-04-06T09:48:47","modified_gmt":"2026-04-06T07:48:47","slug":"bednarka-30x4-odcinek-15m","status":"publish","type":"product","link":"https:\/\/sklep.hewalex.pl\/pl\/produkt\/bednarka-30x4-odcinek-15m\/","title":{"rendered":"BEDNARKA 30X4 ODCINEK 1,5M"},"content":{"rendered":"","protected":false},"excerpt":{"rendered":"<p>P\u0142askownik bednarka o przekroju 30&#215;4 i d\u0142ugo\u015bci 1,5 m<\/p>\n","protected":false},"featured_media":25975,"comment_status":"closed","ping_status":"closed","template":"","meta":[],"product_brand":[],"product_cat":[131,137],"product_tag":[],"class_list":{"0":"post-21847","1":"product","2":"type-product","3":"status-publish","4":"has-post-thumbnail","6":"product_cat-fotowoltaika","7":"product_cat-osprzet-elektryczny","8":"product_shipping_class-box","10":"first","11":"instock","12":"taxable","13":"shipping-taxable","14":"purchasable","15":"product-type-simple"},"_links":{"self":[{"href":"https:\/\/sklep.hewalex.pl\/pl\/wp-json\/wp\/v2\/product\/21847","targetHints":{"allow":["GET"]}}],"collection":[{"href":"https:\/\/sklep.hewalex.pl\/pl\/wp-json\/wp\/v2\/product"}],"about":[{"href":"https:\/\/sklep.hewalex.pl\/pl\/wp-json\/wp\/v2\/types\/product"}],"replies":[{"embeddable":true,"href":"https:\/\/sklep.hewalex.pl\/pl\/wp-json\/wp\/v2\/comments?post=21847"}],"wp:featuredmedia":[{"embeddable":true,"href":"https:\/\/sklep.hewalex.pl\/pl\/wp-json\/wp\/v2\/media\/25975"}],"wp:attachment":[{"href":"https:\/\/sklep.hewalex.pl\/pl\/wp-json\/wp\/v2\/media?parent=21847"}],"wp:term":[{"taxonomy":"product_brand","embeddable":true,"href":"https:\/\/sklep.hewalex.pl\/pl\/wp-json\/wp\/v2\/product_brand?post=21847"},{"taxonomy":"product_cat","embeddable":true,"href":"https:\/\/sklep.hewalex.pl\/pl\/wp-json\/wp\/v2\/product_cat?post=21847"},{"taxonomy":"product_tag","embeddable":true,"href":"https:\/\/sklep.hewalex.pl\/pl\/wp-json\/wp\/v2\/product_tag?post=21847"}],"curies":[{"name":"wp","href":"https:\/\/api.w.org\/{rel}","templated":true}]}}