{"id":21716,"date":"2022-03-25T09:50:11","date_gmt":"2022-03-25T08:50:11","guid":{"rendered":"https:\/\/sklep.hewalex.pl\/?post_type=product&#038;p=21716"},"modified":"2026-04-09T13:18:45","modified_gmt":"2026-04-09T11:18:45","slug":"studnia-gruntowa-kontrolno-pomiarowa","status":"publish","type":"product","link":"https:\/\/sklep.hewalex.pl\/pl\/produkt\/studnia-gruntowa-kontrolno-pomiarowa\/","title":{"rendered":"STUDNIA GRUNTOWA KONTROLNO-POMIAROWA"},"content":{"rendered":"","protected":false},"excerpt":{"rendered":"<p>Studnia gruntowa stosowana jest przy monta\u017cu przy\u0142\u0105cza kontrolnego oraz przewod\u00f3w do odprowadzania pr\u0105d\u00f3w piorunowych. Umieszcza si\u0119 go w ziemi.<\/p>\n<p data-pm-slice=\"1 1 []\">198x200x198 (d\u0142 x szer x g\u0142\u0119boko\u015b\u0107) [mm]<\/p>\n","protected":false},"featured_media":21717,"comment_status":"closed","ping_status":"closed","template":"","meta":[],"product_brand":[],"product_cat":[131,137],"product_tag":[],"class_list":{"0":"post-21716","1":"product","2":"type-product","3":"status-publish","4":"has-post-thumbnail","6":"product_cat-fotowoltaika","7":"product_cat-osprzet-elektryczny","8":"product_shipping_class-box","10":"first","11":"instock","12":"taxable","13":"shipping-taxable","14":"purchasable","15":"product-type-simple"},"_links":{"self":[{"href":"https:\/\/sklep.hewalex.pl\/pl\/wp-json\/wp\/v2\/product\/21716","targetHints":{"allow":["GET"]}}],"collection":[{"href":"https:\/\/sklep.hewalex.pl\/pl\/wp-json\/wp\/v2\/product"}],"about":[{"href":"https:\/\/sklep.hewalex.pl\/pl\/wp-json\/wp\/v2\/types\/product"}],"replies":[{"embeddable":true,"href":"https:\/\/sklep.hewalex.pl\/pl\/wp-json\/wp\/v2\/comments?post=21716"}],"wp:featuredmedia":[{"embeddable":true,"href":"https:\/\/sklep.hewalex.pl\/pl\/wp-json\/wp\/v2\/media\/21717"}],"wp:attachment":[{"href":"https:\/\/sklep.hewalex.pl\/pl\/wp-json\/wp\/v2\/media?parent=21716"}],"wp:term":[{"taxonomy":"product_brand","embeddable":true,"href":"https:\/\/sklep.hewalex.pl\/pl\/wp-json\/wp\/v2\/product_brand?post=21716"},{"taxonomy":"product_cat","embeddable":true,"href":"https:\/\/sklep.hewalex.pl\/pl\/wp-json\/wp\/v2\/product_cat?post=21716"},{"taxonomy":"product_tag","embeddable":true,"href":"https:\/\/sklep.hewalex.pl\/pl\/wp-json\/wp\/v2\/product_tag?post=21716"}],"curies":[{"name":"wp","href":"https:\/\/api.w.org\/{rel}","templated":true}]}}