{"id":21714,"date":"2022-03-25T09:50:19","date_gmt":"2022-03-25T08:50:19","guid":{"rendered":"https:\/\/sklep.hewalex.pl\/?post_type=product&#038;p=21714"},"modified":"2026-04-10T06:33:40","modified_gmt":"2026-04-10T04:33:40","slug":"uziemienie-pionowe-przedluzka-l1500","status":"publish","type":"product","link":"https:\/\/sklep.hewalex.pl\/pl\/produkt\/uziemienie-pionowe-przedluzka-l1500\/","title":{"rendered":"UZIEMIENIE PIONOWE &#8211; PRZED\u0141U\u017bKA &#8211; L1500"},"content":{"rendered":"","protected":false},"excerpt":{"rendered":"<p>Gwintowane obustronnie przed\u0142u\u017cenie uziomu.<\/p>\n","protected":false},"featured_media":21715,"comment_status":"closed","ping_status":"closed","template":"","meta":[],"product_brand":[],"product_cat":[131,137],"product_tag":[],"class_list":{"0":"post-21714","1":"product","2":"type-product","3":"status-publish","4":"has-post-thumbnail","6":"product_cat-fotowoltaika","7":"product_cat-osprzet-elektryczny","8":"product_shipping_class-box","10":"first","11":"instock","12":"taxable","13":"shipping-taxable","14":"purchasable","15":"product-type-simple"},"_links":{"self":[{"href":"https:\/\/sklep.hewalex.pl\/pl\/wp-json\/wp\/v2\/product\/21714","targetHints":{"allow":["GET"]}}],"collection":[{"href":"https:\/\/sklep.hewalex.pl\/pl\/wp-json\/wp\/v2\/product"}],"about":[{"href":"https:\/\/sklep.hewalex.pl\/pl\/wp-json\/wp\/v2\/types\/product"}],"replies":[{"embeddable":true,"href":"https:\/\/sklep.hewalex.pl\/pl\/wp-json\/wp\/v2\/comments?post=21714"}],"wp:featuredmedia":[{"embeddable":true,"href":"https:\/\/sklep.hewalex.pl\/pl\/wp-json\/wp\/v2\/media\/21715"}],"wp:attachment":[{"href":"https:\/\/sklep.hewalex.pl\/pl\/wp-json\/wp\/v2\/media?parent=21714"}],"wp:term":[{"taxonomy":"product_brand","embeddable":true,"href":"https:\/\/sklep.hewalex.pl\/pl\/wp-json\/wp\/v2\/product_brand?post=21714"},{"taxonomy":"product_cat","embeddable":true,"href":"https:\/\/sklep.hewalex.pl\/pl\/wp-json\/wp\/v2\/product_cat?post=21714"},{"taxonomy":"product_tag","embeddable":true,"href":"https:\/\/sklep.hewalex.pl\/pl\/wp-json\/wp\/v2\/product_tag?post=21714"}],"curies":[{"name":"wp","href":"https:\/\/api.w.org\/{rel}","templated":true}]}}