{"id":21277,"date":"2021-11-25T07:58:32","date_gmt":"2021-11-25T06:58:32","guid":{"rendered":"https:\/\/sklep.hewalex.pl\/?post_type=product&#038;p=21277"},"modified":"2023-09-07T09:15:08","modified_gmt":"2023-09-07T07:15:08","slug":"ulotka-ogolna-oze-a5-pakiet-1000-szt","status":"publish","type":"product","link":"https:\/\/sklep.hewalex.pl\/pl\/produkt\/ulotka-ogolna-oze-a5-pakiet-1000-szt\/","title":{"rendered":"Ulotka og\u00f3lna OZE A5 pakiet (1000 szt.)"},"content":{"rendered":"<p><span style=\"color: #333399\"><strong>UWAGA: w polu uwag przy zam\u00f3wieniu ulotek prosz\u0119 poda\u0107 dok\u0142adne dane dla wykonania nadruku. W razie braku informacji, przyjmuje si\u0119 do nadruku dane adresowe z bazy danych Hewalex. Nie ponosimy odpowiedzialno\u015bci za poprawno\u015b\u0107 przekazanych do nadruku danych.<\/strong><\/span><\/p>\n<p><img decoding=\"async\" class=\"alignnone size-full wp-image-5808\" src=\"https:\/\/sklep.hewalex.pl\/wp-content\/uploads\/2020\/03\/18-06-2020-07-34-10.jpg\" alt=\"\" width=\"1391\" height=\"661\" srcset=\"https:\/\/sklep.hewalex.pl\/wp-content\/uploads\/2020\/03\/18-06-2020-07-34-10.jpg 1391w, https:\/\/sklep.hewalex.pl\/wp-content\/uploads\/2020\/03\/18-06-2020-07-34-10-600x285.jpg 600w, https:\/\/sklep.hewalex.pl\/wp-content\/uploads\/2020\/03\/18-06-2020-07-34-10-700x333.jpg 700w, https:\/\/sklep.hewalex.pl\/wp-content\/uploads\/2020\/03\/18-06-2020-07-34-10-768x365.jpg 768w, https:\/\/sklep.hewalex.pl\/wp-content\/uploads\/2020\/03\/18-06-2020-07-34-10-640x304.jpg 640w, https:\/\/sklep.hewalex.pl\/wp-content\/uploads\/2020\/03\/18-06-2020-07-34-10-400x190.jpg 400w\" sizes=\"(max-width: 1391px) 100vw, 1391px\" \/><\/p>\n<p>&nbsp;<\/p>\n","protected":false},"excerpt":{"rendered":"<p>Ulotka\u00a0og\u00f3lna OZE A5 jest przeznaczona do dystrybucji przez wykonawc\u00f3w instalacji fotowoltaicznych, pomp ciep\u0142a i kolektor\u00f3w s\u0142onecznych. Stopka adresowa na odwrocie ulotki jest personalizowana zgodnie z informacj\u0105 uzyskan\u0105 od zamawiaj\u0105cego.<\/p>\n<div class=\"description woocommerce-product-details__short-description\">\n<div class=\"description woocommerce-product-details__short-description\">\n<p>Czas realizacji zam\u00f3wienia: 10 dni roboczych<\/p>\n<\/div>\n<\/div>\n<p><span style=\"color: #333399\"><strong>UWAGA: \u00a0ulotka jest zamawiana w pakietach po 1000 szt. Nadruk z danymi w\u0142asnymi firmy mo\u017ce mie\u0107 wy\u0142\u0105cznie form\u0119 tekstow\u0105 (bez element\u00f3w graficznych).<\/strong><\/span><\/p>\n","protected":false},"featured_media":35797,"comment_status":"closed","ping_status":"closed","template":"","meta":[],"product_brand":[],"product_cat":[232],"product_tag":[],"class_list":{"0":"post-21277","1":"product","2":"type-product","3":"status-publish","4":"has-post-thumbnail","6":"product_cat-gadzety","7":"product_shipping_class-box","9":"first","10":"onbackorder","11":"taxable","12":"shipping-taxable","13":"purchasable","14":"product-type-simple"},"_links":{"self":[{"href":"https:\/\/sklep.hewalex.pl\/pl\/wp-json\/wp\/v2\/product\/21277","targetHints":{"allow":["GET"]}}],"collection":[{"href":"https:\/\/sklep.hewalex.pl\/pl\/wp-json\/wp\/v2\/product"}],"about":[{"href":"https:\/\/sklep.hewalex.pl\/pl\/wp-json\/wp\/v2\/types\/product"}],"replies":[{"embeddable":true,"href":"https:\/\/sklep.hewalex.pl\/pl\/wp-json\/wp\/v2\/comments?post=21277"}],"wp:featuredmedia":[{"embeddable":true,"href":"https:\/\/sklep.hewalex.pl\/pl\/wp-json\/wp\/v2\/media\/35797"}],"wp:attachment":[{"href":"https:\/\/sklep.hewalex.pl\/pl\/wp-json\/wp\/v2\/media?parent=21277"}],"wp:term":[{"taxonomy":"product_brand","embeddable":true,"href":"https:\/\/sklep.hewalex.pl\/pl\/wp-json\/wp\/v2\/product_brand?post=21277"},{"taxonomy":"product_cat","embeddable":true,"href":"https:\/\/sklep.hewalex.pl\/pl\/wp-json\/wp\/v2\/product_cat?post=21277"},{"taxonomy":"product_tag","embeddable":true,"href":"https:\/\/sklep.hewalex.pl\/pl\/wp-json\/wp\/v2\/product_tag?post=21277"}],"curies":[{"name":"wp","href":"https:\/\/api.w.org\/{rel}","templated":true}]}}