{"id":19620,"date":"2021-10-20T11:37:50","date_gmt":"2021-10-20T09:37:50","guid":{"rendered":"https:\/\/sklep.hewalex.pl\/?post_type=product&#038;p=19620"},"modified":"2026-04-21T17:48:25","modified_gmt":"2026-04-21T15:48:25","slug":"konektor-mc-mc4-1500v-para","status":"publish","type":"product","link":"https:\/\/sklep.hewalex.pl\/pl\/produkt\/konektor-mc-mc4-1500v-para\/","title":{"rendered":"KONEKTOR MC-MC4 1500V (PARA)"},"content":{"rendered":"","protected":false},"excerpt":{"rendered":"<p>Konektor MC4 s\u0142u\u017cy m.in. do \u0142\u0105czenia paneli fotowoltaicznych, inwerter\u00f3w i roz\u0142\u0105cznik\u00f3w DC. Panele PV oraz inwertery s\u0105 wyposa\u017cone w z\u0142\u0105czki MC4, dlatego zamawiana ilo\u015b\u0107 zale\u017cy od ilo\u015bci string\u00f3w (2 pary na jeden string). Konektory nale\u017cy zamawia\u0107 tylko na te przewody, kt\u00f3re \u0142\u0105cz\u0105 string z inwerterem.<\/p>\n","protected":false},"featured_media":22792,"comment_status":"closed","ping_status":"closed","template":"","meta":[],"product_brand":[],"product_cat":[131,137],"product_tag":[],"class_list":{"0":"post-19620","1":"product","2":"type-product","3":"status-publish","4":"has-post-thumbnail","6":"product_cat-fotowoltaika","7":"product_cat-osprzet-elektryczny","8":"product_shipping_class-box","10":"first","11":"instock","12":"taxable","13":"shipping-taxable","14":"purchasable","15":"product-type-simple"},"_links":{"self":[{"href":"https:\/\/sklep.hewalex.pl\/pl\/wp-json\/wp\/v2\/product\/19620","targetHints":{"allow":["GET"]}}],"collection":[{"href":"https:\/\/sklep.hewalex.pl\/pl\/wp-json\/wp\/v2\/product"}],"about":[{"href":"https:\/\/sklep.hewalex.pl\/pl\/wp-json\/wp\/v2\/types\/product"}],"replies":[{"embeddable":true,"href":"https:\/\/sklep.hewalex.pl\/pl\/wp-json\/wp\/v2\/comments?post=19620"}],"wp:featuredmedia":[{"embeddable":true,"href":"https:\/\/sklep.hewalex.pl\/pl\/wp-json\/wp\/v2\/media\/22792"}],"wp:attachment":[{"href":"https:\/\/sklep.hewalex.pl\/pl\/wp-json\/wp\/v2\/media?parent=19620"}],"wp:term":[{"taxonomy":"product_brand","embeddable":true,"href":"https:\/\/sklep.hewalex.pl\/pl\/wp-json\/wp\/v2\/product_brand?post=19620"},{"taxonomy":"product_cat","embeddable":true,"href":"https:\/\/sklep.hewalex.pl\/pl\/wp-json\/wp\/v2\/product_cat?post=19620"},{"taxonomy":"product_tag","embeddable":true,"href":"https:\/\/sklep.hewalex.pl\/pl\/wp-json\/wp\/v2\/product_tag?post=19620"}],"curies":[{"name":"wp","href":"https:\/\/api.w.org\/{rel}","templated":true}]}}