{"id":1828,"date":"2019-10-10T12:05:13","date_gmt":"2019-10-10T11:05:13","guid":{"rendered":"https:\/\/sklep.hewalex.pl\/?post_type=product&#038;p=1828"},"modified":"2026-04-03T19:31:24","modified_gmt":"2026-04-03T17:31:24","slug":"zestaw-narzedzi-pv","status":"publish","type":"product","link":"https:\/\/sklep.hewalex.pl\/pl\/produkt\/zestaw-narzedzi-pv\/","title":{"rendered":"Zestaw narz\u0119dzi PV"},"content":{"rendered":"<p>W sk\u0142ad zestawu narz\u0119dzi wchodz\u0105:<\/p>\n<ul>\n<li>zaciskarka do z\u0142\u0105czy typu MC4 (konektor\u00f3w)<\/li>\n<li>dwa klucze do z\u0142\u0105czy typu MC4 (konektor\u00f3w)<\/li>\n<li>wk\u0142ad do zaciskania przewod\u00f3w<\/li>\n<li>przyrz\u0105d do \u015bci\u0105gania izolacji z przewod\u00f3w<\/li>\n<li>przyrz\u0105d do obcinania przewod\u00f3w<\/li>\n<li>\u015brubokr\u0119t krzy\u017cakowy<\/li>\n<li>\u015brubokr\u0119t p\u0142aski<\/li>\n<\/ul>\n<p>&nbsp;<\/p>\n","protected":false},"excerpt":{"rendered":"<p>Zestaw narz\u0119dzi jest przeznaczony dla prowadzenia prac monta\u017cowych w zakresie instalacji fotowoltaicznych.<\/p>\n","protected":false},"featured_media":2149,"comment_status":"closed","ping_status":"closed","template":"","meta":[],"product_brand":[],"product_cat":[131,138],"product_tag":[],"class_list":{"0":"post-1828","1":"product","2":"type-product","3":"status-publish","4":"has-post-thumbnail","6":"product_cat-fotowoltaika","7":"product_cat-osprzet-dodatkowy","8":"product_shipping_class-box","10":"first","11":"instock","12":"taxable","13":"shipping-taxable","14":"purchasable","15":"product-type-simple"},"_links":{"self":[{"href":"https:\/\/sklep.hewalex.pl\/pl\/wp-json\/wp\/v2\/product\/1828","targetHints":{"allow":["GET"]}}],"collection":[{"href":"https:\/\/sklep.hewalex.pl\/pl\/wp-json\/wp\/v2\/product"}],"about":[{"href":"https:\/\/sklep.hewalex.pl\/pl\/wp-json\/wp\/v2\/types\/product"}],"replies":[{"embeddable":true,"href":"https:\/\/sklep.hewalex.pl\/pl\/wp-json\/wp\/v2\/comments?post=1828"}],"wp:featuredmedia":[{"embeddable":true,"href":"https:\/\/sklep.hewalex.pl\/pl\/wp-json\/wp\/v2\/media\/2149"}],"wp:attachment":[{"href":"https:\/\/sklep.hewalex.pl\/pl\/wp-json\/wp\/v2\/media?parent=1828"}],"wp:term":[{"taxonomy":"product_brand","embeddable":true,"href":"https:\/\/sklep.hewalex.pl\/pl\/wp-json\/wp\/v2\/product_brand?post=1828"},{"taxonomy":"product_cat","embeddable":true,"href":"https:\/\/sklep.hewalex.pl\/pl\/wp-json\/wp\/v2\/product_cat?post=1828"},{"taxonomy":"product_tag","embeddable":true,"href":"https:\/\/sklep.hewalex.pl\/pl\/wp-json\/wp\/v2\/product_tag?post=1828"}],"curies":[{"name":"wp","href":"https:\/\/api.w.org\/{rel}","templated":true}]}}