{"id":1817,"date":"2019-09-12T13:35:15","date_gmt":"2019-09-12T12:35:15","guid":{"rendered":"https:\/\/sklep.hewalex.pl\/?post_type=product&#038;p=1817"},"modified":"2026-04-09T15:01:12","modified_gmt":"2026-04-09T13:01:12","slug":"rozdzielnica-ac-3-b32a","status":"publish","type":"product","link":"https:\/\/sklep.hewalex.pl\/pl\/produkt\/rozdzielnica-ac-3-b32a\/","title":{"rendered":"ROZDZIELNICA AC 3 B32A &#8211; SALE"},"content":{"rendered":"","protected":false},"excerpt":{"rendered":"<p>Rozdzielnica AC 3 B32A jest przeznaczona do wsp\u00f3\u0142pracy z <strong>inwerterami 3-fazowymi o mocy 20 kW<\/strong>. Posiada wy\u0142\u0105cznik nadpr\u0105dowy oraz przew\u00f3d przystosowany do pod\u0142\u0105czenia do z\u0142\u0105czki inwertera.<\/p>\n","protected":false},"featured_media":1898,"comment_status":"closed","ping_status":"closed","template":"","meta":[],"product_brand":[],"product_cat":[360,137,123],"product_tag":[],"class_list":{"0":"post-1817","1":"product","2":"type-product","3":"status-publish","4":"has-post-thumbnail","6":"product_cat-fotowoltaika-wyprzedaz","7":"product_cat-osprzet-elektryczny","8":"product_cat-wyprzedaz","9":"product_shipping_class-box","11":"first","12":"instock","13":"taxable","14":"shipping-taxable","15":"purchasable","16":"product-type-simple"},"_links":{"self":[{"href":"https:\/\/sklep.hewalex.pl\/pl\/wp-json\/wp\/v2\/product\/1817","targetHints":{"allow":["GET"]}}],"collection":[{"href":"https:\/\/sklep.hewalex.pl\/pl\/wp-json\/wp\/v2\/product"}],"about":[{"href":"https:\/\/sklep.hewalex.pl\/pl\/wp-json\/wp\/v2\/types\/product"}],"replies":[{"embeddable":true,"href":"https:\/\/sklep.hewalex.pl\/pl\/wp-json\/wp\/v2\/comments?post=1817"}],"wp:featuredmedia":[{"embeddable":true,"href":"https:\/\/sklep.hewalex.pl\/pl\/wp-json\/wp\/v2\/media\/1898"}],"wp:attachment":[{"href":"https:\/\/sklep.hewalex.pl\/pl\/wp-json\/wp\/v2\/media?parent=1817"}],"wp:term":[{"taxonomy":"product_brand","embeddable":true,"href":"https:\/\/sklep.hewalex.pl\/pl\/wp-json\/wp\/v2\/product_brand?post=1817"},{"taxonomy":"product_cat","embeddable":true,"href":"https:\/\/sklep.hewalex.pl\/pl\/wp-json\/wp\/v2\/product_cat?post=1817"},{"taxonomy":"product_tag","embeddable":true,"href":"https:\/\/sklep.hewalex.pl\/pl\/wp-json\/wp\/v2\/product_tag?post=1817"}],"curies":[{"name":"wp","href":"https:\/\/api.w.org\/{rel}","templated":true}]}}