{"id":1772,"date":"2019-09-12T11:16:53","date_gmt":"2019-09-12T10:16:53","guid":{"rendered":"https:\/\/sklep.hewalex.pl\/?post_type=product&#038;p=1772"},"modified":"2026-04-09T13:12:53","modified_gmt":"2026-04-09T11:12:53","slug":"inwerter-solis-3p6k-4g","status":"publish","type":"product","link":"https:\/\/sklep.hewalex.pl\/pl\/produkt\/inwerter-solis-3p6k-4g\/","title":{"rendered":"SOLIS-3P6K-4G \u2013 SALE"},"content":{"rendered":"<p>Inwertery Solis s\u0105 wytwarzane przez firm\u0119 Ginlong Technologies &#8211; jednego z najbardziej do\u015bwiadczonych producent\u00f3w na \u015bwiecie. Posiadaj\u0105 najwy\u017csze standardy zabezpiecze\u0144 na wypadek odwrotnej polaryzacji DC, przeciw zwarciom, przed zbyt wysokim napi\u0119ciem, a tak\u017ce nadpr\u0105dowe wyj\u015bcia, monitorowanie rezystancji izolacji, wykrywanie pr\u0105du resztkowego, ochron\u0119 przed przepi\u0119ciami, monitorowanie sieci oraz ochron\u0119 antywyspow\u0105 i termiczn\u0105. Inwertery Solis poddawane s\u0105 rygorystycznym testom, jak m.in. odporno\u015bci na promieniowanie UV, pracy we mgle solnej, pr\u00f3bie wytrzyma\u0142o\u015bci na szok termiczny (1500 cykli od -40\u00b0C do 70\u00b0C), odporno\u015bci na szokowe napi\u0119cia wej\u015bciowe, a tak\u017ce na ekstremalne warunki pracy (teren wysoko zasolony, pustynia, du\u017ce wysoko\u015bci). S\u0105 zgodne ze wszystkimi najwa\u017cniejszymi normami i dyrektywami.<\/p>\n<p><a href=\"https:\/\/sklep.hewalex.pl\/asystent-konfiguracji\/\"><img decoding=\"async\" class=\"alignnone size-large wp-image-4762\" src=\"https:\/\/sklep.hewalex.pl\/wp-content\/uploads\/2020\/04\/asystent-konfiguracji-700x76.png\" alt=\"\" width=\"700\" height=\"76\" srcset=\"https:\/\/sklep.hewalex.pl\/wp-content\/uploads\/2020\/04\/asystent-konfiguracji-700x76.png 700w, https:\/\/sklep.hewalex.pl\/wp-content\/uploads\/2020\/04\/asystent-konfiguracji-600x65.png 600w, https:\/\/sklep.hewalex.pl\/wp-content\/uploads\/2020\/04\/asystent-konfiguracji-640x69.png 640w, https:\/\/sklep.hewalex.pl\/wp-content\/uploads\/2020\/04\/asystent-konfiguracji-400x43.png 400w\" sizes=\"(max-width: 700px) 100vw, 700px\" \/><\/a><\/p>\n<h2>Podstawowe cechy:<\/h2>\n<ul>\n<li>Liczba faz: 3<\/li>\n<li>Liczba MPPT \/ Maks. liczba string\u00f3w: 2\/2<\/li>\n<li>98,3 % maksymalnej sprawno\u015bci<\/li>\n<li>Bardzo szeroki zakres napi\u0119cia wej\u015bciowego<\/li>\n<li>Podw\u00f3jny MPPT z precyzyjnym dopasowaniem mocy maksymalnej do nat\u0119\u017cenia s\u0142onecznego<\/li>\n<li>Estetycznie wykonana kompaktowa konstrukcja<\/li>\n<li>\u0141atwy monta\u017c<\/li>\n<li>Wielopoziomowa ochrona w standardzie<\/li>\n<li>RS 485, WiFi\/GPRS (opcja)<\/li>\n<li>Opcja zdalnego monitoringu instalacji przez Wi-Fi<\/li>\n<li>Niskie napi\u0119cie startowe<\/li>\n<li>IP65 &#8211; klasa ochronno\u015bci umo\u017cliwiaj\u0105ca monta\u017cu wewn\u0105trz i na zewn\u0105trz budynku<\/li>\n<\/ul>\n<h2>Do pobrania:<\/h2>\n<p><img decoding=\"async\" class=\" wp-image-1324\" src=\"http:\/\/sklep.hewalex.pl\/wp-content\/uploads\/2018\/05\/pdf-ico-300x300.png\" alt=\"\" width=\"34\" height=\"34\" \/> <a href=\"https:\/\/sklep.hewalex.pl\/wp-content\/uploads\/2019\/09\/Hewalex_Ginlong_inwerter-Solis-3P6K-4G_karta-produktu_10-2020-1.pdf\">Karta produktu &#8211; INWERTER SOLIS-3P6K-4G<\/a><\/p>\n<p><img decoding=\"async\" class=\" wp-image-1324\" src=\"http:\/\/sklep.hewalex.pl\/wp-content\/uploads\/2018\/05\/pdf-ico-300x300.png\" alt=\"\" width=\"34\" height=\"34\" \/> <a href=\"https:\/\/sklep.hewalex.pl\/wp-content\/uploads\/2020\/10\/Dlaczego-inwertery-Solis-2020-10-15-WWW.pdf\">Dlaczego Solis? Poznaj topowe inwertery dla fotowoltaiki! (edycja 10.2020)<\/a><\/p>\n","protected":false},"excerpt":{"rendered":"<p>Inwerter sieciowy\u00a0<strong>SOLIS-3P6K-4G<\/strong>\u00a0jest przeznaczony dla instalacji fotowoltaicznych o mocy do <strong>7,2 kWp<\/strong>. Cechuje si\u0119 wysok\u0105 sprawno\u015bci\u0105, niezawodn\u0105 i cich\u0105 prac\u0105 dzi\u0119ki ch\u0142odzeniu konwekcyjnemu oraz odporno\u015bci\u0105 na trudne warunki pracy, co umo\u017cliwia tak\u017ce monta\u017c na zewn\u0105trz budynku.<\/p>\n<h5><span style=\"color: #333399\">Ilo\u015b\u0107 paneli PV o mocy 380 W do wsp\u00f3\u0142pracy<\/span><span style=\"color: #333399\">:\u00a0 <\/span><span style=\"color: #333399\"><strong>od 13 szt. (4,94 kWp) do 18 szt. (6,84 kWp)<\/strong><\/span><\/h5>\n<p><strong><span style=\"color: red\">Gwarancja do 31-12-2028<\/span><\/strong><\/p>\n<p>&nbsp;<\/p>\n","protected":false},"featured_media":2377,"comment_status":"closed","ping_status":"closed","template":"","meta":[],"product_brand":[],"product_cat":[360,123],"product_tag":[],"class_list":{"0":"post-1772","1":"product","2":"type-product","3":"status-publish","4":"has-post-thumbnail","6":"product_cat-fotowoltaika-wyprzedaz","7":"product_cat-wyprzedaz","8":"product_shipping_class-box","10":"first","11":"instock","12":"taxable","13":"shipping-taxable","14":"purchasable","15":"product-type-simple"},"_links":{"self":[{"href":"https:\/\/sklep.hewalex.pl\/pl\/wp-json\/wp\/v2\/product\/1772","targetHints":{"allow":["GET"]}}],"collection":[{"href":"https:\/\/sklep.hewalex.pl\/pl\/wp-json\/wp\/v2\/product"}],"about":[{"href":"https:\/\/sklep.hewalex.pl\/pl\/wp-json\/wp\/v2\/types\/product"}],"replies":[{"embeddable":true,"href":"https:\/\/sklep.hewalex.pl\/pl\/wp-json\/wp\/v2\/comments?post=1772"}],"wp:featuredmedia":[{"embeddable":true,"href":"https:\/\/sklep.hewalex.pl\/pl\/wp-json\/wp\/v2\/media\/2377"}],"wp:attachment":[{"href":"https:\/\/sklep.hewalex.pl\/pl\/wp-json\/wp\/v2\/media?parent=1772"}],"wp:term":[{"taxonomy":"product_brand","embeddable":true,"href":"https:\/\/sklep.hewalex.pl\/pl\/wp-json\/wp\/v2\/product_brand?post=1772"},{"taxonomy":"product_cat","embeddable":true,"href":"https:\/\/sklep.hewalex.pl\/pl\/wp-json\/wp\/v2\/product_cat?post=1772"},{"taxonomy":"product_tag","embeddable":true,"href":"https:\/\/sklep.hewalex.pl\/pl\/wp-json\/wp\/v2\/product_tag?post=1772"}],"curies":[{"name":"wp","href":"https:\/\/api.w.org\/{rel}","templated":true}]}}