{"id":17220,"date":"2021-08-18T12:56:27","date_gmt":"2021-08-18T10:56:27","guid":{"rendered":"https:\/\/sklep.hewalex.pl\/?post_type=product&#038;p=17220"},"modified":"2026-04-10T12:18:50","modified_gmt":"2026-04-10T10:18:50","slug":"bluza-polarowa-z-logo-hewalex","status":"publish","type":"product","link":"https:\/\/sklep.hewalex.pl\/pl\/produkt\/bluza-polarowa-z-logo-hewalex\/","title":{"rendered":"Bluza polarowa"},"content":{"rendered":"","protected":false},"excerpt":{"rendered":"<div>Wysokiej jako\u015bci bluza z mi\u0119kkiej i g\u0119stej dzianiny polarowej. Na ramionach oraz \u0142opatkach wzmacniana wodoodpornym i odpornym na \u015bcieranie materia\u0142em ochronnym. Zapinana na zamek b\u0142yskawiczny, posiada dwie zapinane kieszenie oraz wysoki ko\u0142nierz ze st\u00f3jk\u0105. Antypillingowa pow\u0142oka zapobiega mechaceniu si\u0119 materia\u0142u. Materia\u0142: 100% polar + materia\u0142 uzupe\u0142niaj\u0105cy 100% PAD 210 T, Rip-Stop, gramatura: 360 g\/m\u00b2.<\/div>\n<div><\/div>\n<div>\n<div class=\"description woocommerce-product-details__short-description\">\n<p>Czas realizacji zam\u00f3wienia: 10 dni roboczych<\/p>\n<\/div>\n<\/div>\n","protected":false},"featured_media":35807,"comment_status":"closed","ping_status":"closed","template":"","meta":[],"product_brand":[],"product_cat":[232],"product_tag":[],"class_list":{"0":"post-17220","1":"product","2":"type-product","3":"status-publish","4":"has-post-thumbnail","6":"product_cat-gadzety","7":"product_shipping_class-box","9":"first","10":"instock","11":"taxable","12":"shipping-taxable","13":"purchasable","14":"product-type-variable"},"_links":{"self":[{"href":"https:\/\/sklep.hewalex.pl\/pl\/wp-json\/wp\/v2\/product\/17220","targetHints":{"allow":["GET"]}}],"collection":[{"href":"https:\/\/sklep.hewalex.pl\/pl\/wp-json\/wp\/v2\/product"}],"about":[{"href":"https:\/\/sklep.hewalex.pl\/pl\/wp-json\/wp\/v2\/types\/product"}],"replies":[{"embeddable":true,"href":"https:\/\/sklep.hewalex.pl\/pl\/wp-json\/wp\/v2\/comments?post=17220"}],"wp:featuredmedia":[{"embeddable":true,"href":"https:\/\/sklep.hewalex.pl\/pl\/wp-json\/wp\/v2\/media\/35807"}],"wp:attachment":[{"href":"https:\/\/sklep.hewalex.pl\/pl\/wp-json\/wp\/v2\/media?parent=17220"}],"wp:term":[{"taxonomy":"product_brand","embeddable":true,"href":"https:\/\/sklep.hewalex.pl\/pl\/wp-json\/wp\/v2\/product_brand?post=17220"},{"taxonomy":"product_cat","embeddable":true,"href":"https:\/\/sklep.hewalex.pl\/pl\/wp-json\/wp\/v2\/product_cat?post=17220"},{"taxonomy":"product_tag","embeddable":true,"href":"https:\/\/sklep.hewalex.pl\/pl\/wp-json\/wp\/v2\/product_tag?post=17220"}],"curies":[{"name":"wp","href":"https:\/\/api.w.org\/{rel}","templated":true}]}}